{"id":13127,"date":"2021-02-13T16:59:34","date_gmt":"2021-02-13T15:59:34","guid":{"rendered":"https:\/\/caputovis.nl\/galerie\/object\/jeune-femme-cueillant-une-fleur-2-zijdig\/"},"modified":"2024-05-15T14:56:47","modified_gmt":"2024-05-15T12:56:47","slug":"jeune-femme-cueillant-une-fleur-2-zijdig","status":"publish","type":"product","link":"https:\/\/www.caputovis.nl\/galerie\/object\/jeune-femme-cueillant-une-fleur-2-zijdig\/","title":{"rendered":"Jeune femme cueillant une fleur (2-zijdig)"},"content":{"rendered":"<p><span style=\"color: #ff6600\">Een zeer zeldzame<\/span> <span style=\"color: #ffff00\"><strong>2-zijdige lithogra<span style=\"color: #ffff00\">fie<\/span><\/strong><\/span> <span style=\"color: #ff6600\">van Pablo Picasso. Maar ook de voorstelling zelf (dezelfde vrouw maar dan in twee houdingen) spreekt boekdelen over de bijzondere gaven en manier van werken van deze kunstenaar. Kennelijk vond Picasso het niet voldoende om zijn model slechts op \u00e9\u00e9n manier vast te leggen maar wilde hij ook graag de dynamiek van haar bewegende lichaam in deze lithografi\u00ebn vastleggen.<\/span><\/p>\n<p><strong><span style=\"color: #ff00ff\">Deze lithografie kreeg nummer 79 mee (zie ook certificaat)<\/span><\/strong><\/p>\n","protected":false},"excerpt":{"rendered":"<p>Een zeer zeldzame 2-zijdige lithografie van Pablo Picasso. Maar ook de voorstelling zelf (dezelfde vrouw maar dan in twee houdingen) spreekt boekdelen over de bijzondere gaven en manier van werken van deze kunstenaar. Kennelijk vond Picasso het niet voldoende om zijn model slechts op \u00e9\u00e9n manier vast te leggen maar wilde hij ook graag de&hellip;&nbsp;<a href=\"https:\/\/www.caputovis.nl\/galerie\/object\/jeune-femme-cueillant-une-fleur-2-zijdig\/\" class=\"\" rel=\"bookmark\">Lees verder &raquo;<span class=\"screen-reader-text\">Jeune femme cueillant une fleur (2-zijdig)<\/span><\/a><\/p>\n","protected":false},"featured_media":14060,"template":"","meta":{"neve_meta_sidebar":"","neve_meta_container":"","neve_meta_enable_content_width":"off","neve_meta_content_width":70,"neve_meta_title_alignment":"","neve_meta_author_avatar":"","neve_post_elements_order":"","neve_meta_disable_header":"","neve_meta_disable_footer":"","neve_meta_disable_title":"","_ti_tpc_template_sync":false,"_ti_tpc_template_id":""},"product_cat":[3252,2967,3254,2733],"product_tag":[],"brands":[{"id":1508,"name":"Picasso, Pablo","slug":"picasso-pablo"}],"_links":{"self":[{"href":"https:\/\/www.caputovis.nl\/galerie\/wp-json\/wp\/v2\/product\/13127"}],"collection":[{"href":"https:\/\/www.caputovis.nl\/galerie\/wp-json\/wp\/v2\/product"}],"about":[{"href":"https:\/\/www.caputovis.nl\/galerie\/wp-json\/wp\/v2\/types\/product"}],"wp:featuredmedia":[{"embeddable":true,"href":"https:\/\/www.caputovis.nl\/galerie\/wp-json\/wp\/v2\/media\/14060"}],"wp:attachment":[{"href":"https:\/\/www.caputovis.nl\/galerie\/wp-json\/wp\/v2\/media?parent=13127"}],"wp:term":[{"taxonomy":"product_cat","embeddable":true,"href":"https:\/\/www.caputovis.nl\/galerie\/wp-json\/wp\/v2\/product_cat?post=13127"},{"taxonomy":"product_tag","embeddable":true,"href":"https:\/\/www.caputovis.nl\/galerie\/wp-json\/wp\/v2\/product_tag?post=13127"}],"curies":[{"name":"wp","href":"https:\/\/api.w.org\/{rel}","templated":true}]}}