{"id":13229,"date":"2021-02-13T17:00:28","date_gmt":"2021-02-13T16:00:28","guid":{"rendered":"https:\/\/caputovis.nl\/galerie\/object\/platbodems-op-de-rivier-bij-zaltbommel\/"},"modified":"2024-12-06T12:09:04","modified_gmt":"2024-12-06T11:09:04","slug":"platbodems-op-de-rivier-bij-zaltbommel","status":"publish","type":"product","link":"https:\/\/www.caputovis.nl\/galerie\/object\/platbodems-op-de-rivier-bij-zaltbommel\/","title":{"rendered":"Platbodems op de rivier bij Zaltbommel?"},"content":{"rendered":"<p>Koppius &#8211; voorbestemd om een gevierd arts te worden &#8211; koos uiteindelijk op latere leeftijd toch voor de kunstenaarsrol. Met veel artistiek talent gezegend zou hij &#8211; indien hij niet eerst voor een carri\u00e8re als arts had gekozen &#8211; zeker tot \u00e9\u00e9n van de smaakmakende kunstenaars uit de periode Breitner &#8211; Mesdag zij uitgegroeid. Helaas is hij daardoor veel te veel in de schaduw van zijn beroemde tijdgenoten gebleven en mede door zijn aanvankelijke keus voor het doctersvak tot op de dag van vandaag sterk ondergewaardeerd. Dit werk onderstreept nadrukkelijk zijn kwalitatieve gelijkwaardigheid met vele van zijn tijdgenoten.<\/p>\n","protected":false},"excerpt":{"rendered":"<p>Koppius &#8211; voorbestemd om een gevierd arts te worden &#8211; koos uiteindelijk op latere leeftijd toch voor de kunstenaarsrol. Met veel artistiek talent gezegend zou hij &#8211; indien hij niet eerst voor een carri\u00e8re als arts had gekozen &#8211; zeker tot \u00e9\u00e9n van de smaakmakende kunstenaars uit de periode Breitner &#8211; Mesdag zij uitgegroeid. Helaas&hellip;&nbsp;<a href=\"https:\/\/www.caputovis.nl\/galerie\/object\/platbodems-op-de-rivier-bij-zaltbommel\/\" class=\"\" rel=\"bookmark\">Lees verder &raquo;<span class=\"screen-reader-text\">Platbodems op de rivier bij Zaltbommel?<\/span><\/a><\/p>\n","protected":false},"featured_media":14162,"template":"","meta":{"neve_meta_sidebar":"","neve_meta_container":"","neve_meta_enable_content_width":"off","neve_meta_content_width":0,"neve_meta_title_alignment":"","neve_meta_author_avatar":"","neve_post_elements_order":"","neve_meta_disable_header":"","neve_meta_disable_footer":"","neve_meta_disable_title":"","_ti_tpc_template_sync":false,"_ti_tpc_template_id":""},"product_cat":[2746,2751,2765],"product_tag":[],"brands":[{"id":1110,"name":"Koppius, W.J.","slug":"koppius-wj"}],"_links":{"self":[{"href":"https:\/\/www.caputovis.nl\/galerie\/wp-json\/wp\/v2\/product\/13229"}],"collection":[{"href":"https:\/\/www.caputovis.nl\/galerie\/wp-json\/wp\/v2\/product"}],"about":[{"href":"https:\/\/www.caputovis.nl\/galerie\/wp-json\/wp\/v2\/types\/product"}],"wp:featuredmedia":[{"embeddable":true,"href":"https:\/\/www.caputovis.nl\/galerie\/wp-json\/wp\/v2\/media\/14162"}],"wp:attachment":[{"href":"https:\/\/www.caputovis.nl\/galerie\/wp-json\/wp\/v2\/media?parent=13229"}],"wp:term":[{"taxonomy":"product_cat","embeddable":true,"href":"https:\/\/www.caputovis.nl\/galerie\/wp-json\/wp\/v2\/product_cat?post=13229"},{"taxonomy":"product_tag","embeddable":true,"href":"https:\/\/www.caputovis.nl\/galerie\/wp-json\/wp\/v2\/product_tag?post=13229"}],"curies":[{"name":"wp","href":"https:\/\/api.w.org\/{rel}","templated":true}]}}