{"id":13460,"date":"2021-02-13T17:02:15","date_gmt":"2021-02-13T16:02:15","guid":{"rendered":"https:\/\/caputovis.nl\/galerie\/object\/2-biddende-monniken\/"},"modified":"2022-09-30T11:33:11","modified_gmt":"2022-09-30T09:33:11","slug":"2-biddende-monniken","status":"publish","type":"product","link":"https:\/\/www.caputovis.nl\/galerie\/object\/2-biddende-monniken\/","title":{"rendered":"2 Biddende monniken"},"content":{"rendered":"<p>Moerkerks cynisnme of devotie ten voete uit? We weten van hem dat hij gaarne de spot dreef met alles en iedereen. Dus zal het niemand verbazen als ook deze prachtige tekening van hem door hemzelf in de categorie &#8216;karikaturen&#8217; is gedacht. Maar los hiervan is deze tekening een meer dan sprekend bewijs van zijn grote tekenvaardigheid. V\u00f3\u00f3r serieuze devotie pleit de door \u00e9\u00e9n van de monniken gedragen viool &#8211; tenslotte het symbool van nederigheid &#8211; en de harp &#8211; het symbool van de liefde &#8211; gedragen door de tweede monnik. Of onderstreept hij juist met deze twee symbolen het overdrevene!<\/p>\n","protected":false},"excerpt":{"rendered":"<p>Moerkerks cynisnme of devotie ten voete uit? We weten van hem dat hij gaarne de spot dreef met alles en iedereen. Dus zal het niemand verbazen als ook deze prachtige tekening van hem door hemzelf in de categorie &#8216;karikaturen&#8217; is gedacht. Maar los hiervan is deze tekening een meer dan sprekend bewijs van zijn grote&hellip;&nbsp;<a href=\"https:\/\/www.caputovis.nl\/galerie\/object\/2-biddende-monniken\/\" class=\"\" rel=\"bookmark\">Lees verder &raquo;<span class=\"screen-reader-text\">2 Biddende monniken<\/span><\/a><\/p>\n","protected":false},"featured_media":16050,"template":"","meta":{"neve_meta_sidebar":"","neve_meta_container":"","neve_meta_enable_content_width":"off","neve_meta_content_width":0,"neve_meta_title_alignment":"","neve_meta_author_avatar":"","neve_post_elements_order":"","neve_meta_disable_header":"","neve_meta_disable_footer":"","neve_meta_disable_title":"","_ti_tpc_template_sync":false,"_ti_tpc_template_id":""},"product_cat":[2761,2971,2733,3258,2742],"product_tag":[],"brands":[{"id":1379,"name":"Moerkerk, Herman","slug":"moerkerk-herman"}],"_links":{"self":[{"href":"https:\/\/www.caputovis.nl\/galerie\/wp-json\/wp\/v2\/product\/13460"}],"collection":[{"href":"https:\/\/www.caputovis.nl\/galerie\/wp-json\/wp\/v2\/product"}],"about":[{"href":"https:\/\/www.caputovis.nl\/galerie\/wp-json\/wp\/v2\/types\/product"}],"wp:featuredmedia":[{"embeddable":true,"href":"https:\/\/www.caputovis.nl\/galerie\/wp-json\/wp\/v2\/media\/16050"}],"wp:attachment":[{"href":"https:\/\/www.caputovis.nl\/galerie\/wp-json\/wp\/v2\/media?parent=13460"}],"wp:term":[{"taxonomy":"product_cat","embeddable":true,"href":"https:\/\/www.caputovis.nl\/galerie\/wp-json\/wp\/v2\/product_cat?post=13460"},{"taxonomy":"product_tag","embeddable":true,"href":"https:\/\/www.caputovis.nl\/galerie\/wp-json\/wp\/v2\/product_tag?post=13460"}],"curies":[{"name":"wp","href":"https:\/\/api.w.org\/{rel}","templated":true}]}}