{"id":19935,"date":"2022-04-30T12:23:31","date_gmt":"2022-04-30T10:23:31","guid":{"rendered":"https:\/\/www.caputovis.nl\/galerie\/object\/moeder-met-zuigeling-n-josef-israels\/"},"modified":"2022-10-28T16:16:37","modified_gmt":"2022-10-28T14:16:37","slug":"moeder-met-zuigeling-n-josef-israels","status":"publish","type":"product","link":"https:\/\/www.caputovis.nl\/galerie\/object\/moeder-met-zuigeling-n-josef-israels\/","title":{"rendered":"Moeder met zuigeling (n. Josef Isra\u00ebls)"},"content":{"rendered":"<p>Een fraai litho (naar een idee van Josef Isra\u00ebls?) van een moeder met haar zogende kind. De voorstelling maakt meer dan een knipoog naar Josef Isra\u00ebls. Onbekend is of het een improvisatie betreft of een kopie van een bestaand schilderij van Isra\u00ebls. De uitvoering suggereert het laatste omdat rechts onder een signatuur valt te ontdekken die sterk aan die van Isra\u00ebls doet denken.<\/p>\n","protected":false},"excerpt":{"rendered":"<p>Een fraai litho (naar een idee van Josef Isra\u00ebls?) van een moeder met haar zogende kind. De voorstelling maakt meer dan een knipoog naar Josef Isra\u00ebls. Onbekend is of het een improvisatie betreft of een kopie van een bestaand schilderij van Isra\u00ebls. De uitvoering suggereert het laatste omdat rechts onder een signatuur valt te ontdekken&hellip;&nbsp;<a href=\"https:\/\/www.caputovis.nl\/galerie\/object\/moeder-met-zuigeling-n-josef-israels\/\" class=\"\" rel=\"bookmark\">Lees verder &raquo;<span class=\"screen-reader-text\">Moeder met zuigeling (n. Josef Isra\u00ebls)<\/span><\/a><\/p>\n","protected":false},"featured_media":19934,"template":"","meta":{"neve_meta_sidebar":"","neve_meta_container":"","neve_meta_enable_content_width":"off","neve_meta_content_width":70,"neve_meta_title_alignment":"","neve_meta_author_avatar":"","neve_post_elements_order":"","neve_meta_disable_header":"","neve_meta_disable_footer":"","neve_meta_disable_title":"","_ti_tpc_template_sync":false,"_ti_tpc_template_id":""},"product_cat":[2733,2734],"product_tag":[],"brands":[{"id":1964,"name":"Veth, Jan","slug":"veth-jan"}],"_links":{"self":[{"href":"https:\/\/www.caputovis.nl\/galerie\/wp-json\/wp\/v2\/product\/19935"}],"collection":[{"href":"https:\/\/www.caputovis.nl\/galerie\/wp-json\/wp\/v2\/product"}],"about":[{"href":"https:\/\/www.caputovis.nl\/galerie\/wp-json\/wp\/v2\/types\/product"}],"wp:featuredmedia":[{"embeddable":true,"href":"https:\/\/www.caputovis.nl\/galerie\/wp-json\/wp\/v2\/media\/19934"}],"wp:attachment":[{"href":"https:\/\/www.caputovis.nl\/galerie\/wp-json\/wp\/v2\/media?parent=19935"}],"wp:term":[{"taxonomy":"product_cat","embeddable":true,"href":"https:\/\/www.caputovis.nl\/galerie\/wp-json\/wp\/v2\/product_cat?post=19935"},{"taxonomy":"product_tag","embeddable":true,"href":"https:\/\/www.caputovis.nl\/galerie\/wp-json\/wp\/v2\/product_tag?post=19935"}],"curies":[{"name":"wp","href":"https:\/\/api.w.org\/{rel}","templated":true}]}}