{"id":19995,"date":"2022-04-30T12:24:27","date_gmt":"2022-04-30T10:24:27","guid":{"rendered":"https:\/\/www.caputovis.nl\/galerie\/object\/vrouwelijk-naakt-op-trap\/"},"modified":"2022-09-25T15:59:29","modified_gmt":"2022-09-25T13:59:29","slug":"vrouwelijk-naakt-op-trap","status":"publish","type":"product","link":"https:\/\/www.caputovis.nl\/galerie\/object\/vrouwelijk-naakt-op-trap\/","title":{"rendered":"Vrouwelijk naakt op trap"},"content":{"rendered":"<p>Jan Wiegers was niet alleen oprichter van De Ploeg in Groningen maar daarnaast ook een zeer begenadigd en veelzijdig kunstenaar. Hij was zowel een &#8216;eigen-idee\u00ebn-kunstenaar&#8217; als een meer dan leergierige leerling van bijvoorbeeld Ernst Ludwig Kirchner, \u00e9\u00e9n van de belangrijkste smaakmakers binnen Die Br\u00fccke (waar ook Jacoba Heemskerck van Beest &#8211; weer een goede vriendin en leerling van Piet Mondriaan &#8211; een periode actief was) in Berlijn.<\/p>\n<p>Deze houtsnede onderstreept de veelzijdigheid van Wiegers als kunstenaar. Een lijntje trekkend van Wiegers (die weer de leraar van diverse leden van KCB en de Bergense School was) van De Groep via Die Br\u00fccke naar Piet Mondriaan en een halve eeuw Europese kunstgeschiedenis is geschreven. Deze fraaie houtdruk van Wiegers doet hem zonder meer in de eredivisie van kunstzinnig Nederland plaatsen en het is dan ook niet verwonderlijk dat Wiegers een voorbeeld was en is voor vele andere (hedendaagse) kunstenaars.<\/p>\n","protected":false},"excerpt":{"rendered":"<p>Jan Wiegers was niet alleen oprichter van De Ploeg in Groningen maar daarnaast ook een zeer begenadigd en veelzijdig kunstenaar. Hij was zowel een &#8216;eigen-idee\u00ebn-kunstenaar&#8217; als een meer dan leergierige leerling van bijvoorbeeld Ernst Ludwig Kirchner, \u00e9\u00e9n van de belangrijkste smaakmakers binnen Die Br\u00fccke (waar ook Jacoba Heemskerck van Beest &#8211; weer een goede vriendin&hellip;&nbsp;<a href=\"https:\/\/www.caputovis.nl\/galerie\/object\/vrouwelijk-naakt-op-trap\/\" class=\"\" rel=\"bookmark\">Lees verder &raquo;<span class=\"screen-reader-text\">Vrouwelijk naakt op trap<\/span><\/a><\/p>\n","protected":false},"featured_media":19993,"template":"","meta":{"neve_meta_sidebar":"","neve_meta_container":"","neve_meta_enable_content_width":"off","neve_meta_content_width":70,"neve_meta_title_alignment":"","neve_meta_author_avatar":"","neve_post_elements_order":"","neve_meta_disable_header":"","neve_meta_disable_footer":"","neve_meta_disable_title":"","_ti_tpc_template_sync":false,"_ti_tpc_template_id":""},"product_cat":[2733,2735],"product_tag":[],"brands":[{"id":2052,"name":"Wiegers, Jan","slug":"wiegers-jan"}],"_links":{"self":[{"href":"https:\/\/www.caputovis.nl\/galerie\/wp-json\/wp\/v2\/product\/19995"}],"collection":[{"href":"https:\/\/www.caputovis.nl\/galerie\/wp-json\/wp\/v2\/product"}],"about":[{"href":"https:\/\/www.caputovis.nl\/galerie\/wp-json\/wp\/v2\/types\/product"}],"wp:featuredmedia":[{"embeddable":true,"href":"https:\/\/www.caputovis.nl\/galerie\/wp-json\/wp\/v2\/media\/19993"}],"wp:attachment":[{"href":"https:\/\/www.caputovis.nl\/galerie\/wp-json\/wp\/v2\/media?parent=19995"}],"wp:term":[{"taxonomy":"product_cat","embeddable":true,"href":"https:\/\/www.caputovis.nl\/galerie\/wp-json\/wp\/v2\/product_cat?post=19995"},{"taxonomy":"product_tag","embeddable":true,"href":"https:\/\/www.caputovis.nl\/galerie\/wp-json\/wp\/v2\/product_tag?post=19995"}],"curies":[{"name":"wp","href":"https:\/\/api.w.org\/{rel}","templated":true}]}}