{"id":20109,"date":"2022-04-30T12:26:20","date_gmt":"2022-04-30T10:26:20","guid":{"rendered":"https:\/\/www.caputovis.nl\/galerie\/object\/knapzak-koffiekan-klompen\/"},"modified":"2024-12-04T21:14:09","modified_gmt":"2024-12-04T20:14:09","slug":"knapzak-koffiekan-klompen","status":"publish","type":"product","link":"https:\/\/www.caputovis.nl\/galerie\/object\/knapzak-koffiekan-klompen\/","title":{"rendered":"Knapzak &#8211; koffiekan &#8211; klompen"},"content":{"rendered":"<p>Een olieverf van beeldhoudster Toos Neger! Zeer ongewoon. Er zijn \u00fcberhaupt maar zeer weinig olieverven van Toos Neger bekend. De beide olieverven in het bezit van Caput Ovis hebben alle van doen met de arbeider uit de eerste helft van de 20<sup>ste<\/sup> eeuw. Zowel dit werk (Knapzak &#8211; koffiekan &#8211; klompen) als het werk &#8217;twaalfuurtje van den arbeider&#8217; (zie CO 538.002) vertellen iets over het magere bestaan van de arbeider in het begin van de 20<sup>ste<\/sup> eeuw. Het verklaart haar lidmaatschap van de Amsterdamse Katholieke Werkgemeenschap of werd ze juist met idee\u00ebn gevoed &#8216;d\u00f3\u00f3r&#8217; het lidmaatschap van deze werkgemeenschap?<\/p>\n<p>Bijzonder is dat achter \u00e9\u00e9n van de stillevens \/ olieverven &#8211; geklemd in het spieraam &#8211; een gedetailleerde plattegrond van de studio \/ atelier van Toos Neger is gevonden (Zie CO 538.001; adres: Bosschestraat 39). Elk van de beide olieverven hebben een volgnummer. (dit werk heeft een Romeinse III). Het vermoeden bestaat dat deze stillevens altijd in de eigen studio \/ atelier hebben gehangen.<\/p>\n","protected":false},"excerpt":{"rendered":"<p>Een olieverf van beeldhoudster Toos Neger! Zeer ongewoon. Er zijn \u00fcberhaupt maar zeer weinig olieverven van Toos Neger bekend. De beide olieverven in het bezit van Caput Ovis hebben alle van doen met de arbeider uit de eerste helft van de 20ste eeuw. Zowel dit werk (Knapzak &#8211; koffiekan &#8211; klompen) als het werk &#8217;twaalfuurtje&hellip;&nbsp;<a href=\"https:\/\/www.caputovis.nl\/galerie\/object\/knapzak-koffiekan-klompen\/\" class=\"\" rel=\"bookmark\">Lees verder &raquo;<span class=\"screen-reader-text\">Knapzak &#8211; koffiekan &#8211; klompen<\/span><\/a><\/p>\n","protected":false},"featured_media":20108,"template":"","meta":{"neve_meta_sidebar":"","neve_meta_container":"","neve_meta_enable_content_width":"off","neve_meta_content_width":70,"neve_meta_title_alignment":"","neve_meta_author_avatar":"","neve_post_elements_order":"","neve_meta_disable_header":"","neve_meta_disable_footer":"","neve_meta_disable_title":"","_ti_tpc_template_sync":false,"_ti_tpc_template_id":""},"product_cat":[3251,3277],"product_tag":[],"brands":[{"id":1429,"name":"Neger, Toos","slug":"neger-toos"}],"_links":{"self":[{"href":"https:\/\/www.caputovis.nl\/galerie\/wp-json\/wp\/v2\/product\/20109"}],"collection":[{"href":"https:\/\/www.caputovis.nl\/galerie\/wp-json\/wp\/v2\/product"}],"about":[{"href":"https:\/\/www.caputovis.nl\/galerie\/wp-json\/wp\/v2\/types\/product"}],"wp:featuredmedia":[{"embeddable":true,"href":"https:\/\/www.caputovis.nl\/galerie\/wp-json\/wp\/v2\/media\/20108"}],"wp:attachment":[{"href":"https:\/\/www.caputovis.nl\/galerie\/wp-json\/wp\/v2\/media?parent=20109"}],"wp:term":[{"taxonomy":"product_cat","embeddable":true,"href":"https:\/\/www.caputovis.nl\/galerie\/wp-json\/wp\/v2\/product_cat?post=20109"},{"taxonomy":"product_tag","embeddable":true,"href":"https:\/\/www.caputovis.nl\/galerie\/wp-json\/wp\/v2\/product_tag?post=20109"}],"curies":[{"name":"wp","href":"https:\/\/api.w.org\/{rel}","templated":true}]}}