{"id":20275,"date":"2022-04-30T12:29:33","date_gmt":"2022-04-30T10:29:33","guid":{"rendered":"https:\/\/www.caputovis.nl\/galerie\/object\/wijnkan\/"},"modified":"2024-12-07T11:42:29","modified_gmt":"2024-12-07T10:42:29","slug":"wijnkan","status":"publish","type":"product","link":"https:\/\/www.caputovis.nl\/galerie\/object\/wijnkan\/","title":{"rendered":"Wijnkan"},"content":{"rendered":"<table width=\"512\">\n<tbody>\n<tr>\n<td width=\"512\">\n<pre><span style=\"color: #ff0000\">Bij aankoop van dit werk zijn onze standaard verzendkosten NIET van toepassing. Zowel afhalen op afspraak als bezorgen op basis van kilometerprijs \u00e1 \u20ac 0,25 ( vooraf te voldoen) zijn mogelijk.<\/span><\/pre>\n<\/td>\n<\/tr>\n<\/tbody>\n<\/table>\n<p><span style=\"color: #ff6600\">Antoon Winkel &#8211; lid van Pictura in Dordrecht &#8211; is \u00e9\u00e9n van de leden van dit illustere Teekengenootschap die ongetwijfeld in de toekomst aan de eregalerij van de kunstenaars-leden zal worden toegevoegd. De combinatie van zijn ongebreidelde fantasie, fanatiek zoeken naar een eigen kunstenaarsweg en snel ontwikkelende technische vaardigheden legde de basis voor een succesvolle carri\u00e8re. Hier \u00e9\u00e9n van zijn eerste (oefen?)stillevens uit zijn vroege periode. Bepaald niet een mislukking te noemen. Wel duidelijk nog zoekende naar een eigen stijl. In de jaren na zijn eerste proeven van bekwaamheid zou hij tot een belangrijk kunstenaar \/ Picturalid uitgroeien.<\/span><\/p>\n","protected":false},"excerpt":{"rendered":"<p>Bij aankoop van dit werk zijn onze standaard verzendkosten NIET van toepassing. Zowel afhalen op afspraak als bezorgen op basis van kilometerprijs \u00e1 \u20ac 0,25 ( vooraf te voldoen) zijn mogelijk. Antoon Winkel &#8211; lid van Pictura in Dordrecht &#8211; is \u00e9\u00e9n van de leden van dit illustere Teekengenootschap die ongetwijfeld in de toekomst aan&hellip;&nbsp;<a href=\"https:\/\/www.caputovis.nl\/galerie\/object\/wijnkan\/\" class=\"\" rel=\"bookmark\">Lees verder &raquo;<span class=\"screen-reader-text\">Wijnkan<\/span><\/a><\/p>\n","protected":false},"featured_media":20274,"template":"","meta":{"neve_meta_sidebar":"","neve_meta_container":"","neve_meta_enable_content_width":"off","neve_meta_content_width":70,"neve_meta_title_alignment":"","neve_meta_author_avatar":"","neve_post_elements_order":"","neve_meta_disable_header":"","neve_meta_disable_footer":"","neve_meta_disable_title":"","_ti_tpc_template_sync":false,"_ti_tpc_template_id":""},"product_cat":[3251],"product_tag":[],"brands":[{"id":2079,"name":"Winkel, Toon","slug":"winkel-toon"}],"_links":{"self":[{"href":"https:\/\/www.caputovis.nl\/galerie\/wp-json\/wp\/v2\/product\/20275"}],"collection":[{"href":"https:\/\/www.caputovis.nl\/galerie\/wp-json\/wp\/v2\/product"}],"about":[{"href":"https:\/\/www.caputovis.nl\/galerie\/wp-json\/wp\/v2\/types\/product"}],"wp:featuredmedia":[{"embeddable":true,"href":"https:\/\/www.caputovis.nl\/galerie\/wp-json\/wp\/v2\/media\/20274"}],"wp:attachment":[{"href":"https:\/\/www.caputovis.nl\/galerie\/wp-json\/wp\/v2\/media?parent=20275"}],"wp:term":[{"taxonomy":"product_cat","embeddable":true,"href":"https:\/\/www.caputovis.nl\/galerie\/wp-json\/wp\/v2\/product_cat?post=20275"},{"taxonomy":"product_tag","embeddable":true,"href":"https:\/\/www.caputovis.nl\/galerie\/wp-json\/wp\/v2\/product_tag?post=20275"}],"curies":[{"name":"wp","href":"https:\/\/api.w.org\/{rel}","templated":true}]}}