{"id":20305,"date":"2022-04-30T12:30:01","date_gmt":"2022-04-30T10:30:01","guid":{"rendered":"https:\/\/www.caputovis.nl\/galerie\/object\/dame-met-hoed\/"},"modified":"2024-12-10T20:14:09","modified_gmt":"2024-12-10T19:14:09","slug":"dame-met-hoed","status":"publish","type":"product","link":"https:\/\/www.caputovis.nl\/galerie\/object\/dame-met-hoed\/","title":{"rendered":"Dame met hoed"},"content":{"rendered":"<table width=\"512\">\n<tbody>\n<tr>\n<td width=\"512\">\n<pre><span style=\"color: #ff0000\">Bij aankoop van dit werk zijn onze standaard verzendkosten NIET van toepassing. Zowel afhalen op afspraak als bezorgen op basis van kilometerprijs \u00e1 \u20ac 0,25 ( vooraf te voldoen) zijn mogelijk.<\/span><\/pre>\n<\/td>\n<\/tr>\n<\/tbody>\n<\/table>\n<p><span style=\"color: #ff6600\">Een zeer trefzeker getekende onbekende vrouw. De vraag is natuurlijk altijd weer bij het aanschouwen van een portrettekening: wie is deze persoon? Wellicht is er sprake van een (oefen)portret dat Coba maakte of voor een latere olieverf of misschien betrof het \u00e9\u00e9n van de vrouwen die als Amsterdamse Joffers door het leven gingen of bij \u00e9\u00e9n van de &#8216;echte&#8217; Joffers in de leer was. Maar los van het (eind)doel van de tekening stellen we vast dat Coba Ritsema een geweldig tekentalent had.<\/span><\/p>\n","protected":false},"excerpt":{"rendered":"<p>Bij aankoop van dit werk zijn onze standaard verzendkosten NIET van toepassing. Zowel afhalen op afspraak als bezorgen op basis van kilometerprijs \u00e1 \u20ac 0,25 ( vooraf te voldoen) zijn mogelijk. Een zeer trefzeker getekende onbekende vrouw. De vraag is natuurlijk altijd weer bij het aanschouwen van een portrettekening: wie is deze persoon? Wellicht is&hellip;&nbsp;<a href=\"https:\/\/www.caputovis.nl\/galerie\/object\/dame-met-hoed\/\" class=\"\" rel=\"bookmark\">Lees verder &raquo;<span class=\"screen-reader-text\">Dame met hoed<\/span><\/a><\/p>\n","protected":false},"featured_media":20304,"template":"","meta":{"neve_meta_sidebar":"","neve_meta_container":"","neve_meta_enable_content_width":"off","neve_meta_content_width":70,"neve_meta_title_alignment":"","neve_meta_author_avatar":"","neve_post_elements_order":"","neve_meta_disable_header":"","neve_meta_disable_footer":"","neve_meta_disable_title":"","_ti_tpc_template_sync":false,"_ti_tpc_template_id":""},"product_cat":[3248],"product_tag":[],"brands":[{"id":1605,"name":"Ritsema, Coba","slug":"ritsema-coba"}],"_links":{"self":[{"href":"https:\/\/www.caputovis.nl\/galerie\/wp-json\/wp\/v2\/product\/20305"}],"collection":[{"href":"https:\/\/www.caputovis.nl\/galerie\/wp-json\/wp\/v2\/product"}],"about":[{"href":"https:\/\/www.caputovis.nl\/galerie\/wp-json\/wp\/v2\/types\/product"}],"wp:featuredmedia":[{"embeddable":true,"href":"https:\/\/www.caputovis.nl\/galerie\/wp-json\/wp\/v2\/media\/20304"}],"wp:attachment":[{"href":"https:\/\/www.caputovis.nl\/galerie\/wp-json\/wp\/v2\/media?parent=20305"}],"wp:term":[{"taxonomy":"product_cat","embeddable":true,"href":"https:\/\/www.caputovis.nl\/galerie\/wp-json\/wp\/v2\/product_cat?post=20305"},{"taxonomy":"product_tag","embeddable":true,"href":"https:\/\/www.caputovis.nl\/galerie\/wp-json\/wp\/v2\/product_tag?post=20305"}],"curies":[{"name":"wp","href":"https:\/\/api.w.org\/{rel}","templated":true}]}}