{"id":22068,"date":"2024-01-13T11:24:17","date_gmt":"2024-01-13T10:24:17","guid":{"rendered":"https:\/\/www.caputovis.nl\/galerie\/object\/clown-met-jongetje\/"},"modified":"2024-01-13T13:53:51","modified_gmt":"2024-01-13T12:53:51","slug":"clown-met-jongetje","status":"publish","type":"product","link":"https:\/\/www.caputovis.nl\/galerie\/object\/clown-met-jongetje\/","title":{"rendered":"Clown met jongetje"},"content":{"rendered":"<p>Kees (of Cees) Maks was \u00e9\u00e9n van de meest productieve en zeker \u00e9\u00e9n van de meest avant-gardistische &#8216;leden&#8217; van de Bergense School. Vele (naakt)figuren, stillevens, circusvoorstellingen, (absurdistische) portretten, kubistische voorstellingen, stadsgezichten, toneelsc\u00e8nes, genrestukken en wat al niet verlieten zijn schildersezel. Vergeleken met zijn mede Bergense School maten behoorde hij tot de meest productieve en veelzijdige kunstenaars. Waar kunstenaars als Gestel, Filarski en Wiegman de naam hebben, is het toch zeker ook Cees Maks die de Bergense School heeft neergezet als \u00e9\u00e9n van de meest belangwekkende kunststromingen in de laatste honderd jaar. Deze Fraaie portrettering van een clown met een klein jongetje is daar andermaal een sprekend voorbeeld van!<\/p>\n","protected":false},"excerpt":{"rendered":"<p>Kees (of Cees) Maks was \u00e9\u00e9n van de meest productieve en zeker \u00e9\u00e9n van de meest avant-gardistische &#8216;leden&#8217; van de Bergense School. Vele (naakt)figuren, stillevens, circusvoorstellingen, (absurdistische) portretten, kubistische voorstellingen, stadsgezichten, toneelsc\u00e8nes, genrestukken en wat al niet verlieten zijn schildersezel. Vergeleken met zijn mede Bergense School maten behoorde hij tot de meest productieve en veelzijdige&hellip;&nbsp;<a href=\"https:\/\/www.caputovis.nl\/galerie\/object\/clown-met-jongetje\/\" class=\"\" rel=\"bookmark\">Lees verder &raquo;<span class=\"screen-reader-text\">Clown met jongetje<\/span><\/a><\/p>\n","protected":false},"featured_media":22067,"template":"","meta":{"neve_meta_sidebar":"","neve_meta_container":"","neve_meta_enable_content_width":"off","neve_meta_content_width":0,"neve_meta_title_alignment":"","neve_meta_author_avatar":"","neve_post_elements_order":"","neve_meta_disable_header":"","neve_meta_disable_footer":"","neve_meta_disable_title":"","_ti_tpc_template_sync":false,"_ti_tpc_template_id":""},"product_cat":[3277,2733,2734],"product_tag":[],"brands":[{"id":1264,"name":"Maks, Cornelis Johannes","slug":"maks-cornelis-johannes"}],"_links":{"self":[{"href":"https:\/\/www.caputovis.nl\/galerie\/wp-json\/wp\/v2\/product\/22068"}],"collection":[{"href":"https:\/\/www.caputovis.nl\/galerie\/wp-json\/wp\/v2\/product"}],"about":[{"href":"https:\/\/www.caputovis.nl\/galerie\/wp-json\/wp\/v2\/types\/product"}],"wp:featuredmedia":[{"embeddable":true,"href":"https:\/\/www.caputovis.nl\/galerie\/wp-json\/wp\/v2\/media\/22067"}],"wp:attachment":[{"href":"https:\/\/www.caputovis.nl\/galerie\/wp-json\/wp\/v2\/media?parent=22068"}],"wp:term":[{"taxonomy":"product_cat","embeddable":true,"href":"https:\/\/www.caputovis.nl\/galerie\/wp-json\/wp\/v2\/product_cat?post=22068"},{"taxonomy":"product_tag","embeddable":true,"href":"https:\/\/www.caputovis.nl\/galerie\/wp-json\/wp\/v2\/product_tag?post=22068"}],"curies":[{"name":"wp","href":"https:\/\/api.w.org\/{rel}","templated":true}]}}