{"id":22110,"date":"2024-01-13T11:25:33","date_gmt":"2024-01-13T10:25:33","guid":{"rendered":"https:\/\/www.caputovis.nl\/galerie\/object\/kairouan\/"},"modified":"2024-01-13T13:53:55","modified_gmt":"2024-01-13T12:53:55","slug":"kairouan","status":"publish","type":"product","link":"https:\/\/www.caputovis.nl\/galerie\/object\/kairouan\/","title":{"rendered":"Kairouan"},"content":{"rendered":"<p>Louis Moilliet was niet alleen \u00e9\u00e9n van de gangmakers van &#8216;Der blauwe Reitergruppe&#8217; maar ook \u00e9\u00e9n van de meeste begenadigde leden. Waar Paul Klee (overigens ook een Reitergruppelid) en Picasso wel erg formeel en schematisch vlakken kleurden, was hij juist de kunstenaar die net dat iets extra&#8217;s toevoegde aan het kubisme wat zij werk zo kenmerkend en warm maakt. Dit werk &#8211; Kairouan, genoemd naar de plaats in Afrika waar de leden van de Reitergruppe zich tijdelijk hadden teruggetrokken &#8211; is hier een meer dan sprekend voorbeeld van.<\/p>\n","protected":false},"excerpt":{"rendered":"<p>Louis Moilliet was niet alleen \u00e9\u00e9n van de gangmakers van &#8216;Der blauwe Reitergruppe&#8217; maar ook \u00e9\u00e9n van de meeste begenadigde leden. Waar Paul Klee (overigens ook een Reitergruppelid) en Picasso wel erg formeel en schematisch vlakken kleurden, was hij juist de kunstenaar die net dat iets extra&#8217;s toevoegde aan het kubisme wat zij werk zo&hellip;&nbsp;<a href=\"https:\/\/www.caputovis.nl\/galerie\/object\/kairouan\/\" class=\"\" rel=\"bookmark\">Lees verder &raquo;<span class=\"screen-reader-text\">Kairouan<\/span><\/a><\/p>\n","protected":false},"featured_media":22109,"template":"","meta":{"neve_meta_sidebar":"","neve_meta_container":"","neve_meta_enable_content_width":"off","neve_meta_content_width":0,"neve_meta_title_alignment":"","neve_meta_author_avatar":"","neve_post_elements_order":"","neve_meta_disable_header":"","neve_meta_disable_footer":"","neve_meta_disable_title":"","_ti_tpc_template_sync":false,"_ti_tpc_template_id":""},"product_cat":[2763],"product_tag":[],"brands":[{"id":1385,"name":"Moilliet, Louis","slug":"moilliet-louis"}],"_links":{"self":[{"href":"https:\/\/www.caputovis.nl\/galerie\/wp-json\/wp\/v2\/product\/22110"}],"collection":[{"href":"https:\/\/www.caputovis.nl\/galerie\/wp-json\/wp\/v2\/product"}],"about":[{"href":"https:\/\/www.caputovis.nl\/galerie\/wp-json\/wp\/v2\/types\/product"}],"wp:featuredmedia":[{"embeddable":true,"href":"https:\/\/www.caputovis.nl\/galerie\/wp-json\/wp\/v2\/media\/22109"}],"wp:attachment":[{"href":"https:\/\/www.caputovis.nl\/galerie\/wp-json\/wp\/v2\/media?parent=22110"}],"wp:term":[{"taxonomy":"product_cat","embeddable":true,"href":"https:\/\/www.caputovis.nl\/galerie\/wp-json\/wp\/v2\/product_cat?post=22110"},{"taxonomy":"product_tag","embeddable":true,"href":"https:\/\/www.caputovis.nl\/galerie\/wp-json\/wp\/v2\/product_tag?post=22110"}],"curies":[{"name":"wp","href":"https:\/\/api.w.org\/{rel}","templated":true}]}}