{"id":22183,"date":"2024-01-13T11:27:18","date_gmt":"2024-01-13T10:27:18","guid":{"rendered":"https:\/\/www.caputovis.nl\/galerie\/object\/groninger-landschap\/"},"modified":"2024-01-13T13:54:01","modified_gmt":"2024-01-13T12:54:01","slug":"groninger-landschap","status":"publish","type":"product","link":"https:\/\/www.caputovis.nl\/galerie\/object\/groninger-landschap\/","title":{"rendered":"Groninger landschap"},"content":{"rendered":"<p>Jan Wiegers was \u00e9\u00e9n van de oprichter van De Ploeg in Groningen en begenadigd kunstenaar. Zowel zijn eigen idee\u00ebn als de idee\u00ebn die hij opdeed als volgeling van Ernst Ludwig Kirchner [een belangrijkste smaakmakers van Die Br\u00fccke (waar ook Jacoba Heemskerck van Beest &#8211; een goede vriendin en leerling van Piet Mondriaan &#8211; een periode actief was)] uit Berlijn. Deze aquarel getuigt van de liefde van Wiegers voor het Groninger landschap. Een lijntje trekkend van Wiegers (die weer de leraar van diverse leden van KCB en de Bergense School was) \/ De Groep \/ Die Br\u00fccke (waar Jacoba Heemskerck weer enige tijd actief was) \/ naar Piet Mondriaan en een halve eeuw Europese kunstgeschiedenis is geschreven. Dit bijzondere landschap van Wiegers steekt niet alleen de kunstenaar Kirchner naar de kroon maar getuigt ook van de wederzijdse invloed van Piet Mondriaan en Jan Wiegers die nog steeds een voorbeeld is voor vele andere kunstenaars.<\/p>\n","protected":false},"excerpt":{"rendered":"<p>Jan Wiegers was \u00e9\u00e9n van de oprichter van De Ploeg in Groningen en begenadigd kunstenaar. Zowel zijn eigen idee\u00ebn als de idee\u00ebn die hij opdeed als volgeling van Ernst Ludwig Kirchner [een belangrijkste smaakmakers van Die Br\u00fccke (waar ook Jacoba Heemskerck van Beest &#8211; een goede vriendin en leerling van Piet Mondriaan &#8211; een periode&hellip;&nbsp;<a href=\"https:\/\/www.caputovis.nl\/galerie\/object\/groninger-landschap\/\" class=\"\" rel=\"bookmark\">Lees verder &raquo;<span class=\"screen-reader-text\">Groninger landschap<\/span><\/a><\/p>\n","protected":false},"featured_media":22182,"template":"","meta":{"neve_meta_sidebar":"","neve_meta_container":"","neve_meta_enable_content_width":"off","neve_meta_content_width":0,"neve_meta_title_alignment":"","neve_meta_author_avatar":"","neve_post_elements_order":"","neve_meta_disable_header":"","neve_meta_disable_footer":"","neve_meta_disable_title":"","_ti_tpc_template_sync":false,"_ti_tpc_template_id":""},"product_cat":[3252,3257],"product_tag":[],"brands":[{"id":2052,"name":"Wiegers, Jan","slug":"wiegers-jan"}],"_links":{"self":[{"href":"https:\/\/www.caputovis.nl\/galerie\/wp-json\/wp\/v2\/product\/22183"}],"collection":[{"href":"https:\/\/www.caputovis.nl\/galerie\/wp-json\/wp\/v2\/product"}],"about":[{"href":"https:\/\/www.caputovis.nl\/galerie\/wp-json\/wp\/v2\/types\/product"}],"wp:featuredmedia":[{"embeddable":true,"href":"https:\/\/www.caputovis.nl\/galerie\/wp-json\/wp\/v2\/media\/22182"}],"wp:attachment":[{"href":"https:\/\/www.caputovis.nl\/galerie\/wp-json\/wp\/v2\/media?parent=22183"}],"wp:term":[{"taxonomy":"product_cat","embeddable":true,"href":"https:\/\/www.caputovis.nl\/galerie\/wp-json\/wp\/v2\/product_cat?post=22183"},{"taxonomy":"product_tag","embeddable":true,"href":"https:\/\/www.caputovis.nl\/galerie\/wp-json\/wp\/v2\/product_tag?post=22183"}],"curies":[{"name":"wp","href":"https:\/\/api.w.org\/{rel}","templated":true}]}}