{"id":22406,"date":"2024-01-13T11:32:07","date_gmt":"2024-01-13T10:32:07","guid":{"rendered":"https:\/\/www.caputovis.nl\/galerie\/object\/mediterraan-dorpsgezicht\/"},"modified":"2024-12-10T20:31:04","modified_gmt":"2024-12-10T19:31:04","slug":"mediterraan-dorpsgezicht","status":"publish","type":"product","link":"https:\/\/www.caputovis.nl\/galerie\/object\/mediterraan-dorpsgezicht\/","title":{"rendered":"Mediterraan dorpsgezicht"},"content":{"rendered":"<table width=\"512\">\n<tbody>\n<tr>\n<td width=\"512\">\n<pre><span style=\"color: #ff0000\">Bij aankoop van dit werk zijn onze standaard verzendkosten NIET van toepassing. Zowel afhalen op afspraak als bezorgen op basis van kilometerprijs \u00e1 \u20ac 0,25 ( vooraf te voldoen) zijn mogelijk.<\/span><\/pre>\n<\/td>\n<\/tr>\n<\/tbody>\n<\/table>\n<p><span style=\"color: #ff6600\">Meerdere werken van Paul van Eeden kwamen tot stand tijdens zijn verblijf of wellicht \u00e9\u00e9n van zijn meerdere verblijven (onbekend bij ons is wanneer) in de M\u00e9diterran\u00e9e. Al kijkend naar dit werk doet het automatisch verlangen naar de warme ongedwongenheid van het Zuid-Europese. Paul zelf had een soort van ingebouwd alarmsysteem voor mooie dorpsgezichten. Waar een &#8216;normaal&#8217; mens plompverloren dergelijke intieme plaatsen passeert zonder de schoonheid ervan te onderkennen, is het voor Van Eeden reden om er bij stil te blijven staan en op doek of papier zijn emoties vast te leggen.<\/span><br \/>\n<span style=\"color: #ff6600\">Hier een fraai voorbeeld van een voor een niet creatieve sterveling standaard &#8216;plaatje&#8217; maar voor de kunstenaar Van Eeden een &#8216;vondst&#8217;.<\/span><\/p>\n","protected":false},"excerpt":{"rendered":"<p>Bij aankoop van dit werk zijn onze standaard verzendkosten NIET van toepassing. Zowel afhalen op afspraak als bezorgen op basis van kilometerprijs \u00e1 \u20ac 0,25 ( vooraf te voldoen) zijn mogelijk. Meerdere werken van Paul van Eeden kwamen tot stand tijdens zijn verblijf of wellicht \u00e9\u00e9n van zijn meerdere verblijven (onbekend bij ons is wanneer)&hellip;&nbsp;<a href=\"https:\/\/www.caputovis.nl\/galerie\/object\/mediterraan-dorpsgezicht\/\" class=\"\" rel=\"bookmark\">Lees verder &raquo;<span class=\"screen-reader-text\">Mediterraan dorpsgezicht<\/span><\/a><\/p>\n","protected":false},"featured_media":22405,"template":"","meta":{"neve_meta_sidebar":"","neve_meta_container":"","neve_meta_enable_content_width":"off","neve_meta_content_width":70,"neve_meta_title_alignment":"","neve_meta_author_avatar":"","neve_post_elements_order":"","neve_meta_disable_header":"","neve_meta_disable_footer":"","neve_meta_disable_title":"","_ti_tpc_template_sync":false,"_ti_tpc_template_id":""},"product_cat":[2969,2763],"product_tag":[],"brands":[{"id":675,"name":"Eeden, Paul van","slug":"eeden-paul-van"}],"_links":{"self":[{"href":"https:\/\/www.caputovis.nl\/galerie\/wp-json\/wp\/v2\/product\/22406"}],"collection":[{"href":"https:\/\/www.caputovis.nl\/galerie\/wp-json\/wp\/v2\/product"}],"about":[{"href":"https:\/\/www.caputovis.nl\/galerie\/wp-json\/wp\/v2\/types\/product"}],"wp:featuredmedia":[{"embeddable":true,"href":"https:\/\/www.caputovis.nl\/galerie\/wp-json\/wp\/v2\/media\/22405"}],"wp:attachment":[{"href":"https:\/\/www.caputovis.nl\/galerie\/wp-json\/wp\/v2\/media?parent=22406"}],"wp:term":[{"taxonomy":"product_cat","embeddable":true,"href":"https:\/\/www.caputovis.nl\/galerie\/wp-json\/wp\/v2\/product_cat?post=22406"},{"taxonomy":"product_tag","embeddable":true,"href":"https:\/\/www.caputovis.nl\/galerie\/wp-json\/wp\/v2\/product_tag?post=22406"}],"curies":[{"name":"wp","href":"https:\/\/api.w.org\/{rel}","templated":true}]}}