{"id":22699,"date":"2024-01-13T11:36:15","date_gmt":"2024-01-13T10:36:15","guid":{"rendered":"https:\/\/www.caputovis.nl\/galerie\/object\/haven\/"},"modified":"2024-12-10T20:57:05","modified_gmt":"2024-12-10T19:57:05","slug":"haven","status":"publish","type":"product","link":"https:\/\/www.caputovis.nl\/galerie\/object\/haven\/","title":{"rendered":"Haven"},"content":{"rendered":"<table width=\"512\">\n<tbody>\n<tr>\n<td width=\"512\">\n<pre><span style=\"color: #ff0000\">Bij aankoop van dit werk zijn onze standaard verzendkosten NIET van toepassing. Zowel afhalen op afspraak als bezorgen op basis van kilometerprijs \u00e1 \u20ac 0,25 ( vooraf te voldoen) zijn mogelijk.<\/span><\/pre>\n<\/td>\n<\/tr>\n<\/tbody>\n<\/table>\n<p><span style=\"color: #ff6600\">Paul van Eeden schilderde weliswaar regelmatig rivierlandschappen maar van hem zijn maar weinig marines bekend. Daarom is deze aquarel vooral interessant als extra \u2018bewijs\u2019 van de breedte van zijn oeuvre. Paul heeft \u2013 zoals bekend \u2013 zijn hele leven \u00f3f in Nederlands-Indi\u00eb (Batavia) \u00f3f in Den Haag gewerkt als kunstenaar. De \u00a0vraag is: wie herkent de haven?<\/span><\/p>\n","protected":false},"excerpt":{"rendered":"<p>Bij aankoop van dit werk zijn onze standaard verzendkosten NIET van toepassing. Zowel afhalen op afspraak als bezorgen op basis van kilometerprijs \u00e1 \u20ac 0,25 ( vooraf te voldoen) zijn mogelijk. Paul van Eeden schilderde weliswaar regelmatig rivierlandschappen maar van hem zijn maar weinig marines bekend. Daarom is deze aquarel vooral interessant als extra \u2018bewijs\u2019&hellip;&nbsp;<a href=\"https:\/\/www.caputovis.nl\/galerie\/object\/haven\/\" class=\"\" rel=\"bookmark\">Lees verder &raquo;<span class=\"screen-reader-text\">Haven<\/span><\/a><\/p>\n","protected":false},"featured_media":22698,"template":"","meta":{"neve_meta_sidebar":"","neve_meta_container":"","neve_meta_enable_content_width":"off","neve_meta_content_width":70,"neve_meta_title_alignment":"","neve_meta_author_avatar":"","neve_post_elements_order":"","neve_meta_disable_header":"","neve_meta_disable_footer":"","neve_meta_disable_title":"","_ti_tpc_template_sync":false,"_ti_tpc_template_id":""},"product_cat":[2746,2764],"product_tag":[],"brands":[{"id":675,"name":"Eeden, Paul van","slug":"eeden-paul-van"}],"_links":{"self":[{"href":"https:\/\/www.caputovis.nl\/galerie\/wp-json\/wp\/v2\/product\/22699"}],"collection":[{"href":"https:\/\/www.caputovis.nl\/galerie\/wp-json\/wp\/v2\/product"}],"about":[{"href":"https:\/\/www.caputovis.nl\/galerie\/wp-json\/wp\/v2\/types\/product"}],"wp:featuredmedia":[{"embeddable":true,"href":"https:\/\/www.caputovis.nl\/galerie\/wp-json\/wp\/v2\/media\/22698"}],"wp:attachment":[{"href":"https:\/\/www.caputovis.nl\/galerie\/wp-json\/wp\/v2\/media?parent=22699"}],"wp:term":[{"taxonomy":"product_cat","embeddable":true,"href":"https:\/\/www.caputovis.nl\/galerie\/wp-json\/wp\/v2\/product_cat?post=22699"},{"taxonomy":"product_tag","embeddable":true,"href":"https:\/\/www.caputovis.nl\/galerie\/wp-json\/wp\/v2\/product_tag?post=22699"}],"curies":[{"name":"wp","href":"https:\/\/api.w.org\/{rel}","templated":true}]}}