{"id":23029,"date":"2024-01-13T11:39:42","date_gmt":"2024-01-13T10:39:42","guid":{"rendered":"https:\/\/www.caputovis.nl\/galerie\/object\/heide-bij-laren-nh\/"},"modified":"2024-12-09T21:01:58","modified_gmt":"2024-12-09T20:01:58","slug":"heide-bij-laren-nh","status":"publish","type":"product","link":"https:\/\/www.caputovis.nl\/galerie\/object\/heide-bij-laren-nh\/","title":{"rendered":"Heide bij Laren Nh"},"content":{"rendered":"<p>Ofschoon Martinus Kramer in diverse museumcollecties aanwezig is (onder ander in Boymans-van Beuningen) is dit Pulchrilid vandaag-de-dag goeddeels vergeten. Zeer ten onrechte. Deze ets \/ tekening van hem toont \u00e8n kracht \u00e8n kunstenaarsprofessionaliteit \u00e8n stilistische creativiteit waar hedendaagse kunstenaars nog veel van kunnen leren. Waar de etsafdruk onvoldoende sprak, vulde hij een en\u00a0 ander aan met een pen gedoopt in lichtpaarse inkt. Een vondst op zich.<\/p>\n","protected":false},"excerpt":{"rendered":"<p>Ofschoon Martinus Kramer in diverse museumcollecties aanwezig is (onder ander in Boymans-van Beuningen) is dit Pulchrilid vandaag-de-dag goeddeels vergeten. Zeer ten onrechte. Deze ets \/ tekening van hem toont \u00e8n kracht \u00e8n kunstenaarsprofessionaliteit \u00e8n stilistische creativiteit waar hedendaagse kunstenaars nog veel van kunnen leren. Waar de etsafdruk onvoldoende sprak, vulde hij een en\u00a0 ander aan&hellip;&nbsp;<a href=\"https:\/\/www.caputovis.nl\/galerie\/object\/heide-bij-laren-nh\/\" class=\"\" rel=\"bookmark\">Lees verder &raquo;<span class=\"screen-reader-text\">Heide bij Laren Nh<\/span><\/a><\/p>\n","protected":false},"featured_media":23028,"template":"","meta":{"neve_meta_sidebar":"","neve_meta_container":"","neve_meta_enable_content_width":"off","neve_meta_content_width":0,"neve_meta_title_alignment":"","neve_meta_author_avatar":"","neve_post_elements_order":"","neve_meta_disable_header":"","neve_meta_disable_footer":"","neve_meta_disable_title":"","_ti_tpc_template_sync":false,"_ti_tpc_template_id":""},"product_cat":[2969,3096],"product_tag":[],"brands":[{"id":1124,"name":"Kramer, Martinus","slug":"kramer-martinus"}],"_links":{"self":[{"href":"https:\/\/www.caputovis.nl\/galerie\/wp-json\/wp\/v2\/product\/23029"}],"collection":[{"href":"https:\/\/www.caputovis.nl\/galerie\/wp-json\/wp\/v2\/product"}],"about":[{"href":"https:\/\/www.caputovis.nl\/galerie\/wp-json\/wp\/v2\/types\/product"}],"wp:featuredmedia":[{"embeddable":true,"href":"https:\/\/www.caputovis.nl\/galerie\/wp-json\/wp\/v2\/media\/23028"}],"wp:attachment":[{"href":"https:\/\/www.caputovis.nl\/galerie\/wp-json\/wp\/v2\/media?parent=23029"}],"wp:term":[{"taxonomy":"product_cat","embeddable":true,"href":"https:\/\/www.caputovis.nl\/galerie\/wp-json\/wp\/v2\/product_cat?post=23029"},{"taxonomy":"product_tag","embeddable":true,"href":"https:\/\/www.caputovis.nl\/galerie\/wp-json\/wp\/v2\/product_tag?post=23029"}],"curies":[{"name":"wp","href":"https:\/\/api.w.org\/{rel}","templated":true}]}}