{"id":18070,"date":"2021-07-16T13:09:31","date_gmt":"2021-07-16T11:09:31","guid":{"rendered":"https:\/\/www.caputovis.nl\/kunstkaarten\/object\/detail-verliefd-la-gage\/"},"modified":"2025-08-21T20:43:05","modified_gmt":"2025-08-21T18:43:05","slug":"detail-verliefd-la-gage","status":"publish","type":"product","link":"https:\/\/www.caputovis.nl\/kunstkaarten\/object\/detail-verliefd-la-gage\/","title":{"rendered":"(d\u00e9tail) Verliefd (La Gage)"},"content":{"rendered":"<p><span style=\"color: #ff6600\">Onze collectie bevat meerdere versies [COL 1203.006, COL 1203.006b, COL 1203.006c, COL 1203.006d, COL 1203.006e <sup>1<\/sup>), COL 1203.006f, COL 1203.006g] van dit werk, deels als d\u00e9tail.<\/span><\/p>\n<p>&nbsp;<\/p>\n<p><span style=\"color: #ff6600\"><b>Beschrijving kaart COL 1203.006b<\/b><\/span><\/p>\n<p><span style=\"color: #ff6600\"><b><u>SCHOONZIJDE<\/u><\/b><\/span><\/p>\n<p><span style=\"color: #ff6600\"><b>b. + m. + o.\u00a0\u00a0\u00a0\u00a0\u00a0\u00a0\u00a0\u00a0\u00a0\u00a0\u00a0 : beeld<\/b><\/span><\/p>\n<p><span style=\"color: #ff6600\"><b>m.b.\u00a0\u00a0\u00a0\u00a0\u00a0\u00a0\u00a0\u00a0\u00a0\u00a0\u00a0\u00a0\u00a0\u00a0\u00a0\u00a0\u00a0\u00a0\u00a0\u00a0\u00a0\u00a0\u00a0\u00a0\u00a0 : locatie werk<\/b><b><\/b><\/span><\/p>\n<p><span style=\"color: #ff6600\"><b>o.l.\u00a0\u00a0\u00a0\u00a0\u00a0\u00a0\u00a0\u00a0\u00a0\u00a0\u00a0\u00a0\u00a0\u00a0\u00a0\u00a0\u00a0\u00a0\u00a0\u00a0\u00a0\u00a0\u00a0\u00a0\u00a0\u00a0\u00a0 : kaartnummer<\/b><\/span><\/p>\n<p><span style=\"color: #ff6600\"><b>o.m. \u00a0 \u00a0 \u00a0 \u00a0 \u00a0 \u00a0\u00a0\u00a0\u00a0\u00a0\u00a0\u00a0\u00a0\u00a0\u00a0\u00a0\u00a0\u00a0 : gegevens beeld<\/b><\/span><\/p>\n<p><span style=\"color: #ff6600\"><b>o.r.\u00a0\u00a0\u00a0\u00a0\u00a0\u00a0\u00a0\u00a0\u00a0\u00a0\u00a0\u00a0\u00a0\u00a0\u00a0\u00a0\u00a0\u00a0\u00a0\u00a0\u00a0\u00a0\u00a0\u00a0\u00a0\u00a0 : acroniem uitgever<br \/>\n<\/b><\/span><\/p>\n<p><span style=\"color: #ff6600\"><b><u>WEERZIJDE<\/u><\/b><\/span><\/p>\n<p><span style=\"color: #ff6600\"><b>b.m.\u00a0\u00a0\u00a0\u00a0\u00a0\u00a0\u00a0\u00a0\u00a0\u00a0\u00a0\u00a0\u00a0\u00a0\u00a0\u00a0\u00a0\u00a0\u00a0\u00a0\u00a0\u00a0\u00a0\u00a0 : Carte Postale<\/b><b><\/b><\/span><\/p>\n<p><span style=\"color: #ff6600\"><b>r.\u00a0\u00a0\u00a0\u00a0\u00a0\u00a0\u00a0\u00a0\u00a0\u00a0\u00a0\u00a0\u00a0\u00a0\u00a0\u00a0\u00a0\u00a0\u00a0\u00a0\u00a0\u00a0\u00a0\u00a0\u00a0\u00a0\u00a0\u00a0\u00a0 : adresseerruimte<\/b><\/span><\/p>\n<p><span style=\"color: #ff6600\"><b>l.\u00a0\u00a0\u00a0\u00a0\u00a0\u00a0\u00a0\u00a0\u00a0\u00a0\u00a0\u00a0\u00a0\u00a0\u00a0\u00a0\u00a0 \u00a0\u00a0\u00a0\u00a0\u00a0\u00a0\u00a0\u00a0\u00a0\u00a0\u00a0\u00a0 : tekstruimte<\/b><b><\/b><\/span><\/p>\n<p><sup><span style=\"color: #ff6600\">1<\/span><\/sup><span style=\"color: #ff6600\">) Deze versie betreft een briefkaartexemplaar deel uitmakend van een uitgave van BRAUN\u00a0 &amp; C<sup>ie<\/sup> ,\u00c9diteurs (Parijs) in samenwerking met Mus\u00e9e du Louvre onder de titel van &#8216;Un choix de peintures &#8211; \u00e9cole Fran\u00e7aise S\u00e9rie 3. Deze serie-uitgave betreft een 24-tal werken van verschillende kunstenaars. Voor het bekijken van de de totale serie 3 zie: COL Louvre.003.<\/span><\/p>\n<p><span style=\"color: #ff6600\"><b>Beschrijving kaart COL 1203.006e<\/b><\/span><\/p>\n<p><span style=\"color: #ff6600\"><b><u>SCHOONZIJDE<\/u><\/b><\/span><\/p>\n<p><span style=\"color: #ff6600\"><b>b. + m. + o.\u00a0\u00a0\u00a0\u00a0\u00a0\u00a0\u00a0\u00a0\u00a0\u00a0\u00a0 : beeld<\/b><\/span><\/p>\n<p><span style=\"color: #ff6600\"><b>m.b.\u00a0\u00a0\u00a0\u00a0\u00a0\u00a0\u00a0\u00a0\u00a0\u00a0\u00a0\u00a0\u00a0\u00a0\u00a0\u00a0\u00a0\u00a0\u00a0\u00a0\u00a0\u00a0\u00a0\u00a0\u00a0 : locatie werk<\/b><b><\/b><b><\/b><\/span><\/p>\n<p><span style=\"color: #ff6600\"><b>o.m. \u00a0 \u00a0 \u00a0 \u00a0 \u00a0 \u00a0\u00a0\u00a0\u00a0\u00a0\u00a0\u00a0\u00a0\u00a0\u00a0\u00a0\u00a0\u00a0 : gegevens beeld<\/b><b><\/b><\/span><\/p>\n<p><span style=\"color: #ff6600\"><b><u>WEERZIJDE<\/u><\/b><\/span><\/p>\n<p><span style=\"color: #ff6600\"><b>b.m.\u00a0\u00a0\u00a0\u00a0\u00a0\u00a0\u00a0\u00a0\u00a0\u00a0\u00a0\u00a0\u00a0\u00a0\u00a0\u00a0\u00a0\u00a0\u00a0\u00a0\u00a0\u00a0\u00a0\u00a0 : Carte Postale<\/b><b><\/b><\/span><\/p>\n<p><span style=\"color: #ff6600\"><b>r.\u00a0\u00a0\u00a0\u00a0\u00a0\u00a0\u00a0\u00a0\u00a0\u00a0\u00a0\u00a0\u00a0\u00a0\u00a0\u00a0\u00a0\u00a0\u00a0\u00a0\u00a0\u00a0\u00a0\u00a0\u00a0\u00a0\u00a0\u00a0\u00a0 : adresseerruimte<\/b><\/span><\/p>\n<p><strong><span style=\"color: #ff6600\">l.\u00a0\u00a0\u00a0\u00a0\u00a0\u00a0\u00a0\u00a0\u00a0\u00a0\u00a0\u00a0\u00a0\u00a0\u00a0\u00a0\u00a0 \u00a0\u00a0\u00a0\u00a0\u00a0\u00a0\u00a0\u00a0\u00a0\u00a0\u00a0\u00a0 : tekstruimte<\/span><\/strong><\/p>\n<p><strong><span style=\"color: #ff6600\">m.m. \u00a0\u00a0\u00a0\u00a0\u00a0\u00a0\u00a0\u00a0\u00a0\u00a0\u00a0\u00a0\u00a0\u00a0\u00a0\u00a0\u00a0\u00a0\u00a0\u00a0\u00a0\u00a0 : gegevens uitgever + kaartnummer<\/span><\/strong><\/p>\n<p>&nbsp;<\/p>\n<p><span style=\"color: #ff6600\"><b>Beschrijving kaart COL 1203.006f<\/b><\/span><\/p>\n<p><span style=\"color: #ff6600\"><b><u>SCHOONZIJDE<\/u><\/b><\/span><\/p>\n<p><span style=\"color: #ff6600\"><b>b. + m.\u00a0 \u00a0 \u00a0 \u00a0 \u00a0 \u00a0 \u00a0 \u00a0 \u00a0 \u00a0 \u00a0: beeld<\/b><\/span><\/p>\n<p><span style=\"color: #ff6600\"><b>m.b.\u00a0\u00a0\u00a0\u00a0\u00a0\u00a0\u00a0\u00a0\u00a0\u00a0\u00a0\u00a0\u00a0\u00a0\u00a0\u00a0\u00a0\u00a0\u00a0\u00a0\u00a0\u00a0\u00a0\u00a0\u00a0 : <\/b><b>gegevens beeld<\/b><\/span><\/p>\n<p><span style=\"color: #ff6600\"><b>o.\u00a0 \u00a0 \u00a0 \u00a0 \u00a0 \u00a0 \u00a0 \u00a0 \u00a0 \u00a0 \u00a0 \u00a0 \u00a0 \u00a0 \u00a0 \u00a0 : tekstruimte<\/b><\/span><\/p>\n<p><span style=\"color: #ff6600\"><b><u>WEERZIJDE<\/u><\/b><\/span><\/p>\n<p><span style=\"color: #ff6600\"><b>b.m.\u00a0\u00a0\u00a0\u00a0\u00a0\u00a0\u00a0\u00a0\u00a0\u00a0\u00a0\u00a0\u00a0\u00a0\u00a0\u00a0\u00a0\u00a0\u00a0\u00a0\u00a0\u00a0\u00a0\u00a0 : Carte Postale<\/b><b><\/b><\/span><\/p>\n<p><span style=\"color: #ff6600\"><b>overig\u00a0 \u00a0 \u00a0 \u00a0 \u00a0 \u00a0 \u00a0 \u00a0 \u00a0 \u00a0 \u00a0: adresseerruimte<\/b><\/span><\/p>\n<p>&nbsp;<\/p>\n<p><span style=\"color: #ff6600\"><b>Beschrijving kaart COL 1203.006g<\/b><\/span><\/p>\n<p><span style=\"color: #ff6600\"><b><u>SCHOONZIJDE<\/u><\/b><\/span><\/p>\n<p><span style=\"color: #ff6600\"><b>b. + m. + o.\u00a0 \u00a0 \u00a0 \u00a0 \u00a0 \u00a0 \u00a0 \u00a0 \u00a0 \u00a0: beeld<\/b><\/span><\/p>\n<p><span style=\"color: #ff6600\"><b>m.b.\u00a0 \u00a0 \u00a0 \u00a0 \u00a0 \u00a0 \u00a0 \u00a0 \u00a0 \u00a0 \u00a0 \u00a0 \u00a0 \u00a0 \u00a0 \u00a0 :<\/b><b>locatie werk<\/b><\/span><\/p>\n<p><span style=\"color: #ff6600\"><b>o.l.\u00a0 \u00a0 \u00a0 \u00a0 \u00a0 \u00a0 \u00a0 \u00a0 \u00a0 \u00a0 \u00a0 \u00a0 \u00a0 \u00a0 \u00a0 \u00a0 \u00a0 : kaartnummer<\/b><\/span><\/p>\n<p><span style=\"color: #ff6600\"><b>o.m.\u00a0 \u00a0 \u00a0 \u00a0 \u00a0 \u00a0 \u00a0 \u00a0 \u00a0 \u00a0 \u00a0 \u00a0 \u00a0 \u00a0 \u00a0 \u00a0 : gegevens beeld<\/b><\/span><\/p>\n<p><span style=\"color: #ff6600\"><b>o.r.\u00a0 \u00a0 \u00a0 \u00a0 \u00a0 \u00a0 \u00a0 \u00a0 \u00a0 \u00a0 \u00a0 \u00a0 \u00a0 \u00a0 \u00a0 \u00a0 \u00a0 : Acromiem uitgevel<\/b><\/span><\/p>\n<p><span style=\"color: #ff6600\"><b><u>WEERZIJDE<\/u><\/b><\/span><\/p>\n<p><span style=\"color: #ff6600\"><b>b.m.\u00a0 \u00a0 \u00a0 \u00a0 \u00a0 \u00a0 \u00a0 \u00a0 \u00a0 \u00a0 \u00a0 \u00a0 \u00a0 \u00a0 \u00a0 \u00a0 : Carte Postale<\/b><\/span><\/p>\n<p><span style=\"color: #ff6600\"><b>r.\u00a0 \u00a0 \u00a0 \u00a0 \u00a0 \u00a0 \u00a0 \u00a0 \u00a0 \u00a0 \u00a0 \u00a0 \u00a0 \u00a0 \u00a0 \u00a0 \u00a0 \u00a0 \u00a0 : adresseerruimte<\/b><\/span><\/p>\n<p><span style=\"color: #ff6600\"><b>l.\u00a0 \u00a0 \u00a0 \u00a0 \u00a0 \u00a0 \u00a0 \u00a0 \u00a0 \u00a0 \u00a0 \u00a0 \u00a0 \u00a0 \u00a0 \u00a0 \u00a0 \u00a0 \u00a0 \u00a0: tekstruimte<\/b><\/span><\/p>\n","protected":false},"excerpt":{"rendered":"<p>Onze collectie bevat meerdere versies [COL 1203.006, COL 1203.006b, COL 1203.006c, COL 1203.006d, COL 1203.006e 1), COL 1203.006f, COL 1203.006g] van dit werk, deels als d\u00e9tail. &nbsp; Beschrijving kaart COL 1203.006b SCHOONZIJDE b. + m. + o.\u00a0\u00a0\u00a0\u00a0\u00a0\u00a0\u00a0\u00a0\u00a0\u00a0\u00a0 : beeld m.b.\u00a0\u00a0\u00a0\u00a0\u00a0\u00a0\u00a0\u00a0\u00a0\u00a0\u00a0\u00a0\u00a0\u00a0\u00a0\u00a0\u00a0\u00a0\u00a0\u00a0\u00a0\u00a0\u00a0\u00a0\u00a0 : locatie werk o.l.\u00a0\u00a0\u00a0\u00a0\u00a0\u00a0\u00a0\u00a0\u00a0\u00a0\u00a0\u00a0\u00a0\u00a0\u00a0\u00a0\u00a0\u00a0\u00a0\u00a0\u00a0\u00a0\u00a0\u00a0\u00a0\u00a0\u00a0 : kaartnummer o.m. \u00a0 \u00a0 \u00a0 \u00a0 \u00a0 \u00a0\u00a0\u00a0\u00a0\u00a0\u00a0\u00a0\u00a0\u00a0\u00a0\u00a0\u00a0\u00a0 : gegevens&hellip;&nbsp;<a href=\"https:\/\/www.caputovis.nl\/kunstkaarten\/object\/detail-verliefd-la-gage\/\" class=\"\" rel=\"bookmark\">Lees verder &raquo;<span class=\"screen-reader-text\">(d\u00e9tail) Verliefd (La Gage)<\/span><\/a><\/p>\n","protected":false},"featured_media":23778,"template":"","meta":{"_lmt_disableupdate":"no","_lmt_disable":"no","neve_meta_sidebar":"","neve_meta_container":"","neve_meta_enable_content_width":"off","neve_meta_content_width":70,"neve_meta_title_alignment":"","neve_meta_author_avatar":"","neve_post_elements_order":"","neve_meta_disable_header":"","neve_meta_disable_footer":"","neve_meta_disable_title":"","_ti_tpc_template_sync":false,"_ti_tpc_template_id":""},"pwb-brand":[393],"product_cat":[7678,3920],"product_tag":[8744,8788],"brands":[{"id":393,"name":"Boucher, Fran\u00e7ois","slug":"boucher-francois"}],"_links":{"self":[{"href":"https:\/\/www.caputovis.nl\/kunstkaarten\/wp-json\/wp\/v2\/product\/18070"}],"collection":[{"href":"https:\/\/www.caputovis.nl\/kunstkaarten\/wp-json\/wp\/v2\/product"}],"about":[{"href":"https:\/\/www.caputovis.nl\/kunstkaarten\/wp-json\/wp\/v2\/types\/product"}],"wp:featuredmedia":[{"embeddable":true,"href":"https:\/\/www.caputovis.nl\/kunstkaarten\/wp-json\/wp\/v2\/media\/23778"}],"wp:attachment":[{"href":"https:\/\/www.caputovis.nl\/kunstkaarten\/wp-json\/wp\/v2\/media?parent=18070"}],"wp:term":[{"taxonomy":"pwb-brand","embeddable":true,"href":"https:\/\/www.caputovis.nl\/kunstkaarten\/wp-json\/wp\/v2\/pwb-brand?post=18070"},{"taxonomy":"product_cat","embeddable":true,"href":"https:\/\/www.caputovis.nl\/kunstkaarten\/wp-json\/wp\/v2\/product_cat?post=18070"},{"taxonomy":"product_tag","embeddable":true,"href":"https:\/\/www.caputovis.nl\/kunstkaarten\/wp-json\/wp\/v2\/product_tag?post=18070"}],"curies":[{"name":"wp","href":"https:\/\/api.w.org\/{rel}","templated":true}]}}