{"id":18166,"date":"2021-07-16T13:09:41","date_gmt":"2021-07-16T11:09:41","guid":{"rendered":"https:\/\/www.caputovis.nl\/kunstkaarten\/object\/jong-meisje-bespeelt-de-theorbe\/"},"modified":"2024-08-22T21:01:13","modified_gmt":"2024-08-22T19:01:13","slug":"jong-meisje-bespeelt-de-theorbe","status":"publish","type":"product","link":"https:\/\/www.caputovis.nl\/kunstkaarten\/object\/jong-meisje-bespeelt-de-theorbe\/","title":{"rendered":"Jong meisje bespeelt de theorbe"},"content":{"rendered":"<p><span style=\"color: #ff6600\">Van meerdere kunstenaars worden voortdurend &#8211; in dit geval van de hand van Jean Antoine Watteau weliswaar lange tijd na zijn dood &#8211; kunstwerken verspreid via nadrukken of zoals in dit geval middels ansichtkaarten. Deze werden\u00a0 uitgegeven door \u00c9ditions Nomis, Parijs, Loterie Nationale <sup>1<\/sup>) en Mus\u00e9e dr Louvre i.s.m. Braun &amp; Co, Parijs <sup>2)<\/sup>. Een terecht initiatief, want dit fraaie schilderij van deze jonge muzikante met een heden ten dage vrij onbekend instrument de &#8216;<em>theorbe<\/em>&#8216; is meer dan de historische moeite waard. Het origineel bevindt zich in het Louvre, Parijs.<\/span><\/p>\n<p><span style=\"color: #ff6600\"><sup>1<\/sup>) Van dit werk maakte de Loterie Nationale gebruik als ansichtkaart voor reclamedoeleinden (COL 1273.001b).<\/span><\/p>\n<p>&nbsp;<\/p>\n<p><span style=\"color: #ff6600\"><sup>2)<\/sup> Deze versie betreft een briefkaartexemplaar deel uitmakend van een uitgave van BRAUN\u00a0 &amp; C<sup>ie<\/sup> ,\u00c9diteurs (Parijs) in samenwerking met Mus\u00e9e du Louvre onder de titel van &#8216;Un choix de peintures &#8211; \u00e9cole Fran\u00e7aise S\u00e9rie 1. Deze serie-uitgave betreft een 19-tal werken van verschillende kunstenaars. Voor het bekijken van de totale serie 1 zie: COL Louvre.001.<\/span><\/p>\n<p>&nbsp;<\/p>\n<p><span style=\"color: #ff6600\"><strong>Beschrijving kaart COL 2029.001c<\/strong><\/span><\/p>\n<p><span style=\"color: #ff6600\"><strong><u>SCHOONZIJDE<\/u><\/strong><\/span><\/p>\n<p><span style=\"color: #ff6600\"><strong>l.+ m. + o.\u00a0\u00a0\u00a0\u00a0\u00a0\u00a0\u00a0 \u00a0\u00a0\u00a0\u00a0\u00a0\u00a0 : beeld<\/strong><\/span><\/p>\n<p><span style=\"color: #ff6600\"><strong>b.m.\u00a0\u00a0\u00a0\u00a0\u00a0\u00a0\u00a0\u00a0\u00a0\u00a0\u00a0\u00a0\u00a0\u00a0\u00a0\u00a0\u00a0\u00a0 \u00a0 \u00a0\u00a0\u00a0 : locatie werk<\/strong><\/span><\/p>\n<p><span style=\"color: #ff6600\"><strong>o.m. \u00a0 \u00a0 \u00a0 \u00a0 \u00a0 \u00a0\u00a0\u00a0\u00a0\u00a0\u00a0\u00a0\u00a0\u00a0\u00a0\u00a0\u00a0\u00a0 : gegevens beeld<\/strong><\/span><\/p>\n<p><span style=\"color: #ff6600\"><strong><u>WEERZIJDE<\/u><\/strong><\/span><\/p>\n<p><span style=\"color: #ff6600\"><strong>b.m.\u00a0\u00a0\u00a0\u00a0\u00a0\u00a0\u00a0\u00a0\u00a0\u00a0\u00a0\u00a0\u00a0\u00a0\u00a0\u00a0\u00a0\u00a0\u00a0\u00a0\u00a0\u00a0\u00a0\u00a0 : Carte Postale<\/strong><\/span><\/p>\n<p><span style=\"color: #ff6600\"><strong>r.\u00a0\u00a0\u00a0\u00a0\u00a0\u00a0\u00a0\u00a0\u00a0\u00a0\u00a0\u00a0\u00a0\u00a0\u00a0\u00a0\u00a0\u00a0\u00a0\u00a0\u00a0\u00a0\u00a0\u00a0\u00a0\u00a0\u00a0\u00a0\u00a0 : adresseerruimte<\/strong><\/span><\/p>\n<p><span style=\"color: #ff6600\"><strong>l. \u00a0\u00a0 \u00a0 \u00a0 \u00a0 \u00a0 \u00a0 \u00a0 \u00a0\u00a0 \u00a0\u00a0\u00a0\u00a0\u00a0\u00a0\u00a0\u00a0\u00a0\u00a0\u00a0 : tekstruimte<\/strong><\/span><\/p>\n<p><span style=\"color: #ff6600\"><strong>m.m.\u00a0\u00a0\u00a0\u00a0\u00a0\u00a0\u00a0\u00a0\u00a0\u00a0\u00a0\u00a0\u00a0\u00a0\u00a0\u00a0\u00a0\u00a0\u00a0\u00a0\u00a0\u00a0\u00a0 : gegevens uitgever + kaartnummer<\/strong><\/span><\/p>\n<p>&nbsp;<\/p>\n","protected":false},"excerpt":{"rendered":"<p>Van meerdere kunstenaars worden voortdurend &#8211; in dit geval van de hand van Jean Antoine Watteau weliswaar lange tijd na zijn dood &#8211; kunstwerken verspreid via nadrukken of zoals in dit geval middels ansichtkaarten. Deze werden\u00a0 uitgegeven door \u00c9ditions Nomis, Parijs, Loterie Nationale 1) en Mus\u00e9e dr Louvre i.s.m. Braun &amp; Co, Parijs 2). Een&hellip;&nbsp;<a href=\"https:\/\/www.caputovis.nl\/kunstkaarten\/object\/jong-meisje-bespeelt-de-theorbe\/\" class=\"\" rel=\"bookmark\">Lees verder &raquo;<span class=\"screen-reader-text\">Jong meisje bespeelt de theorbe<\/span><\/a><\/p>\n","protected":false},"featured_media":19866,"template":"","meta":{"_lmt_disableupdate":"no","_lmt_disable":"no","neve_meta_sidebar":"","neve_meta_container":"","neve_meta_enable_content_width":"off","neve_meta_content_width":70,"neve_meta_title_alignment":"","neve_meta_author_avatar":"","neve_post_elements_order":"","neve_meta_disable_header":"","neve_meta_disable_footer":"","neve_meta_disable_title":"","_ti_tpc_template_sync":false,"_ti_tpc_template_id":""},"pwb-brand":[2019],"product_cat":[8910,3920,13852],"product_tag":[8744,8788],"brands":[{"id":2019,"name":"Watteau, Jean Antoine","slug":"watteau-jean-antoine"}],"_links":{"self":[{"href":"https:\/\/www.caputovis.nl\/kunstkaarten\/wp-json\/wp\/v2\/product\/18166"}],"collection":[{"href":"https:\/\/www.caputovis.nl\/kunstkaarten\/wp-json\/wp\/v2\/product"}],"about":[{"href":"https:\/\/www.caputovis.nl\/kunstkaarten\/wp-json\/wp\/v2\/types\/product"}],"wp:featuredmedia":[{"embeddable":true,"href":"https:\/\/www.caputovis.nl\/kunstkaarten\/wp-json\/wp\/v2\/media\/19866"}],"wp:attachment":[{"href":"https:\/\/www.caputovis.nl\/kunstkaarten\/wp-json\/wp\/v2\/media?parent=18166"}],"wp:term":[{"taxonomy":"pwb-brand","embeddable":true,"href":"https:\/\/www.caputovis.nl\/kunstkaarten\/wp-json\/wp\/v2\/pwb-brand?post=18166"},{"taxonomy":"product_cat","embeddable":true,"href":"https:\/\/www.caputovis.nl\/kunstkaarten\/wp-json\/wp\/v2\/product_cat?post=18166"},{"taxonomy":"product_tag","embeddable":true,"href":"https:\/\/www.caputovis.nl\/kunstkaarten\/wp-json\/wp\/v2\/product_tag?post=18166"}],"curies":[{"name":"wp","href":"https:\/\/api.w.org\/{rel}","templated":true}]}}