{"id":18168,"date":"2021-07-16T13:09:41","date_gmt":"2021-07-16T11:09:41","guid":{"rendered":"https:\/\/www.caputovis.nl\/kunstkaarten\/object\/het-oordeel-van-paris\/"},"modified":"2021-12-15T21:44:00","modified_gmt":"2021-12-15T20:44:00","slug":"het-oordeel-van-paris","status":"publish","type":"product","link":"https:\/\/www.caputovis.nl\/kunstkaarten\/object\/het-oordeel-van-paris\/","title":{"rendered":"Het oordeel van Paris"},"content":{"rendered":"<p>Van meerdere kunstenaars worden ook na hun dood nog kunstwerken verspreid via nadrukken of zoals in dit geval middels ansichtkaarten. Deze werd uitgegeven door Les \u00c9ditions Nomis, Parijs (zie de tweede foto, Nr. 5999). Een terecht initiatief, want het toenmalige werk van Jean Antoine Watteau boeide en boeit nog steeds velen. Vooral zijn traditionele manier van schilderen (\u00c9cole Fran\u00e7aise) zal door velen als bekend worden beleefd. Het oorspronkelijke werk zelf bevindt zich in het Mus\u00e9e du Louvre, Parijs.<\/p>\n","protected":false},"excerpt":{"rendered":"<p>Van meerdere kunstenaars worden ook na hun dood nog kunstwerken verspreid via nadrukken of zoals in dit geval middels ansichtkaarten. Deze werd uitgegeven door Les \u00c9ditions Nomis, Parijs (zie de tweede foto, Nr. 5999). Een terecht initiatief, want het toenmalige werk van Jean Antoine Watteau boeide en boeit nog steeds velen. Vooral zijn traditionele manier&hellip;&nbsp;<a href=\"https:\/\/www.caputovis.nl\/kunstkaarten\/object\/het-oordeel-van-paris\/\" class=\"\" rel=\"bookmark\">Lees verder &raquo;<span class=\"screen-reader-text\">Het oordeel van Paris<\/span><\/a><\/p>\n","protected":false},"featured_media":19870,"template":"","meta":{"_lmt_disableupdate":"no","_lmt_disable":"no","neve_meta_sidebar":"","neve_meta_container":"","neve_meta_enable_content_width":"off","neve_meta_content_width":70,"neve_meta_title_alignment":"","neve_meta_author_avatar":"","neve_post_elements_order":"","neve_meta_disable_header":"","neve_meta_disable_footer":"","neve_meta_disable_title":"","_ti_tpc_template_sync":false,"_ti_tpc_template_id":""},"pwb-brand":[2019],"product_cat":[3920,3981],"product_tag":[8744,8788],"brands":[{"id":2019,"name":"Watteau, Jean Antoine","slug":"watteau-jean-antoine"}],"_links":{"self":[{"href":"https:\/\/www.caputovis.nl\/kunstkaarten\/wp-json\/wp\/v2\/product\/18168"}],"collection":[{"href":"https:\/\/www.caputovis.nl\/kunstkaarten\/wp-json\/wp\/v2\/product"}],"about":[{"href":"https:\/\/www.caputovis.nl\/kunstkaarten\/wp-json\/wp\/v2\/types\/product"}],"wp:featuredmedia":[{"embeddable":true,"href":"https:\/\/www.caputovis.nl\/kunstkaarten\/wp-json\/wp\/v2\/media\/19870"}],"wp:attachment":[{"href":"https:\/\/www.caputovis.nl\/kunstkaarten\/wp-json\/wp\/v2\/media?parent=18168"}],"wp:term":[{"taxonomy":"pwb-brand","embeddable":true,"href":"https:\/\/www.caputovis.nl\/kunstkaarten\/wp-json\/wp\/v2\/pwb-brand?post=18168"},{"taxonomy":"product_cat","embeddable":true,"href":"https:\/\/www.caputovis.nl\/kunstkaarten\/wp-json\/wp\/v2\/product_cat?post=18168"},{"taxonomy":"product_tag","embeddable":true,"href":"https:\/\/www.caputovis.nl\/kunstkaarten\/wp-json\/wp\/v2\/product_tag?post=18168"}],"curies":[{"name":"wp","href":"https:\/\/api.w.org\/{rel}","templated":true}]}}