{"id":18178,"date":"2021-07-16T13:09:42","date_gmt":"2021-07-16T11:09:42","guid":{"rendered":"https:\/\/www.caputovis.nl\/kunstkaarten\/object\/madame-louise-de-france\/"},"modified":"2024-10-09T11:06:41","modified_gmt":"2024-10-09T09:06:41","slug":"madame-louise-de-france","status":"publish","type":"product","link":"https:\/\/www.caputovis.nl\/kunstkaarten\/object\/madame-louise-de-france\/","title":{"rendered":"Madame Louise de France"},"content":{"rendered":"<p><span style=\"color: #ff6600\">Van vele kunstenaars worden voortdurend &#8211; in dit geval van Jean-Marc Nattier &#8211; kunstwerken verspreid middels ansichtkaarten. De uitgever van deze (d\u00e9tail)ansichtkaart is Les \u00c9ditions Braun, Parijs. Het origineel bevindt zich in het Mus\u00e9e de Chateau, Versailles.<\/span><\/p>\n<p><span style=\"color: #ff6600\">Tevens bijgevoegd een kleurenanzichtkaart van het werk als zodanig (COL 1278.001b).<\/span><\/p>\n","protected":false},"excerpt":{"rendered":"<p>Van vele kunstenaars worden voortdurend &#8211; in dit geval van Jean-Marc Nattier &#8211; kunstwerken verspreid middels ansichtkaarten. De uitgever van deze (d\u00e9tail)ansichtkaart is Les \u00c9ditions Braun, Parijs. Het origineel bevindt zich in het Mus\u00e9e de Chateau, Versailles. Tevens bijgevoegd een kleurenanzichtkaart van het werk als zodanig (COL 1278.001b).<\/p>\n","protected":false},"featured_media":19889,"template":"","meta":{"_lmt_disableupdate":"no","_lmt_disable":"no","neve_meta_sidebar":"","neve_meta_container":"","neve_meta_enable_content_width":"off","neve_meta_content_width":70,"neve_meta_title_alignment":"","neve_meta_author_avatar":"","neve_post_elements_order":"","neve_meta_disable_header":"","neve_meta_disable_footer":"","neve_meta_disable_title":"","_ti_tpc_template_sync":false,"_ti_tpc_template_id":""},"pwb-brand":[1426],"product_cat":[7683,3920],"product_tag":[8744,8788],"brands":[{"id":1426,"name":"Nattier, Jean-Marc","slug":"nattier-jean-marc"}],"_links":{"self":[{"href":"https:\/\/www.caputovis.nl\/kunstkaarten\/wp-json\/wp\/v2\/product\/18178"}],"collection":[{"href":"https:\/\/www.caputovis.nl\/kunstkaarten\/wp-json\/wp\/v2\/product"}],"about":[{"href":"https:\/\/www.caputovis.nl\/kunstkaarten\/wp-json\/wp\/v2\/types\/product"}],"wp:featuredmedia":[{"embeddable":true,"href":"https:\/\/www.caputovis.nl\/kunstkaarten\/wp-json\/wp\/v2\/media\/19889"}],"wp:attachment":[{"href":"https:\/\/www.caputovis.nl\/kunstkaarten\/wp-json\/wp\/v2\/media?parent=18178"}],"wp:term":[{"taxonomy":"pwb-brand","embeddable":true,"href":"https:\/\/www.caputovis.nl\/kunstkaarten\/wp-json\/wp\/v2\/pwb-brand?post=18178"},{"taxonomy":"product_cat","embeddable":true,"href":"https:\/\/www.caputovis.nl\/kunstkaarten\/wp-json\/wp\/v2\/product_cat?post=18178"},{"taxonomy":"product_tag","embeddable":true,"href":"https:\/\/www.caputovis.nl\/kunstkaarten\/wp-json\/wp\/v2\/product_tag?post=18178"}],"curies":[{"name":"wp","href":"https:\/\/api.w.org\/{rel}","templated":true}]}}