{"id":18280,"date":"2021-07-16T13:09:52","date_gmt":"2021-07-16T11:09:52","guid":{"rendered":"https:\/\/www.caputovis.nl\/kunstkaarten\/object\/november\/"},"modified":"2021-12-16T08:00:35","modified_gmt":"2021-12-16T07:00:35","slug":"november","status":"publish","type":"product","link":"https:\/\/www.caputovis.nl\/kunstkaarten\/object\/november\/","title":{"rendered":"November"},"content":{"rendered":"<p>Van vele kunstenaars worden voortdurend &#8211; in dit geval van de in 2012 pas overleden Regina Dapra &#8211; kunstwerken verspreid middels ansichtkaarten. De uitgever van deze ansichtkaart is Verlag L. D\u00e4britz, M\u00fcnchen (zie ook tweede foto, nr. 571). Het origineel bevindt zich vermoedelijk in handen van Art H. Hilscher, M\u00fcnchen.<\/p>\n","protected":false},"excerpt":{"rendered":"<p>Van vele kunstenaars worden voortdurend &#8211; in dit geval van de in 2012 pas overleden Regina Dapra &#8211; kunstwerken verspreid middels ansichtkaarten. De uitgever van deze ansichtkaart is Verlag L. D\u00e4britz, M\u00fcnchen (zie ook tweede foto, nr. 571). Het origineel bevindt zich vermoedelijk in handen van Art H. Hilscher, M\u00fcnchen.<\/p>\n","protected":false},"featured_media":20083,"template":"","meta":{"_lmt_disableupdate":"no","_lmt_disable":"no","neve_meta_sidebar":"","neve_meta_container":"","neve_meta_enable_content_width":"off","neve_meta_content_width":70,"neve_meta_title_alignment":"","neve_meta_author_avatar":"","neve_post_elements_order":"","neve_meta_disable_header":"","neve_meta_disable_footer":"","neve_meta_disable_title":"","_ti_tpc_template_sync":false,"_ti_tpc_template_id":""},"pwb-brand":[571],"product_cat":[7677,7678,7683,3920],"product_tag":[8793,8925],"brands":[{"id":571,"name":"Dapra, Regina","slug":"dapra-regina"}],"_links":{"self":[{"href":"https:\/\/www.caputovis.nl\/kunstkaarten\/wp-json\/wp\/v2\/product\/18280"}],"collection":[{"href":"https:\/\/www.caputovis.nl\/kunstkaarten\/wp-json\/wp\/v2\/product"}],"about":[{"href":"https:\/\/www.caputovis.nl\/kunstkaarten\/wp-json\/wp\/v2\/types\/product"}],"wp:featuredmedia":[{"embeddable":true,"href":"https:\/\/www.caputovis.nl\/kunstkaarten\/wp-json\/wp\/v2\/media\/20083"}],"wp:attachment":[{"href":"https:\/\/www.caputovis.nl\/kunstkaarten\/wp-json\/wp\/v2\/media?parent=18280"}],"wp:term":[{"taxonomy":"pwb-brand","embeddable":true,"href":"https:\/\/www.caputovis.nl\/kunstkaarten\/wp-json\/wp\/v2\/pwb-brand?post=18280"},{"taxonomy":"product_cat","embeddable":true,"href":"https:\/\/www.caputovis.nl\/kunstkaarten\/wp-json\/wp\/v2\/product_cat?post=18280"},{"taxonomy":"product_tag","embeddable":true,"href":"https:\/\/www.caputovis.nl\/kunstkaarten\/wp-json\/wp\/v2\/product_tag?post=18280"}],"curies":[{"name":"wp","href":"https:\/\/api.w.org\/{rel}","templated":true}]}}