{"id":18295,"date":"2021-07-16T13:09:53","date_gmt":"2021-07-16T11:09:53","guid":{"rendered":"https:\/\/www.caputovis.nl\/kunstkaarten\/object\/chopin\/"},"modified":"2024-07-29T15:36:14","modified_gmt":"2024-07-29T13:36:14","slug":"chopin","status":"publish","type":"product","link":"https:\/\/www.caputovis.nl\/kunstkaarten\/object\/chopin\/","title":{"rendered":"Chopin"},"content":{"rendered":"<p>Van vele kunstenaars worden voortdurend &#8211; in dit geval van Eug\u00e8ne Delacroix &#8211; kunstwerken verspreid middels ansichtkaarten. De uitgever van deze ansichtkaart is Les \u00c9ditions Braun, Parijs (zie ook tweede foto, nr. 309). Het origineel bevindt zich in het Mus\u00e9e du Louvre, Parijs.<\/p>\n<p>Opm.: dit werk van Delacroix werd ook uitgegeven door Les \u00c9ditions Nomis, Parijs (zie de foto&#8217;s 2 en 3).<\/p>\n","protected":false},"excerpt":{"rendered":"<p>Van vele kunstenaars worden voortdurend &#8211; in dit geval van Eug\u00e8ne Delacroix &#8211; kunstwerken verspreid middels ansichtkaarten. De uitgever van deze ansichtkaart is Les \u00c9ditions Braun, Parijs (zie ook tweede foto, nr. 309). Het origineel bevindt zich in het Mus\u00e9e du Louvre, Parijs. Opm.: dit werk van Delacroix werd ook uitgegeven door Les \u00c9ditions Nomis,&hellip;&nbsp;<a href=\"https:\/\/www.caputovis.nl\/kunstkaarten\/object\/chopin\/\" class=\"\" rel=\"bookmark\">Lees verder &raquo;<span class=\"screen-reader-text\">Chopin<\/span><\/a><\/p>\n","protected":false},"featured_media":62527,"template":"","meta":{"_lmt_disableupdate":"no","_lmt_disable":"no","neve_meta_sidebar":"","neve_meta_container":"","neve_meta_enable_content_width":"off","neve_meta_content_width":70,"neve_meta_title_alignment":"","neve_meta_author_avatar":"","neve_post_elements_order":"","neve_meta_disable_header":"","neve_meta_disable_footer":"","neve_meta_disable_title":"","_ti_tpc_template_sync":false,"_ti_tpc_template_id":""},"pwb-brand":[586],"product_cat":[3920],"product_tag":[8744,8788],"brands":[{"id":586,"name":"Delacroix, Eug\u00e8ne","slug":"delacroix-eugene"}],"_links":{"self":[{"href":"https:\/\/www.caputovis.nl\/kunstkaarten\/wp-json\/wp\/v2\/product\/18295"}],"collection":[{"href":"https:\/\/www.caputovis.nl\/kunstkaarten\/wp-json\/wp\/v2\/product"}],"about":[{"href":"https:\/\/www.caputovis.nl\/kunstkaarten\/wp-json\/wp\/v2\/types\/product"}],"wp:featuredmedia":[{"embeddable":true,"href":"https:\/\/www.caputovis.nl\/kunstkaarten\/wp-json\/wp\/v2\/media\/62527"}],"wp:attachment":[{"href":"https:\/\/www.caputovis.nl\/kunstkaarten\/wp-json\/wp\/v2\/media?parent=18295"}],"wp:term":[{"taxonomy":"pwb-brand","embeddable":true,"href":"https:\/\/www.caputovis.nl\/kunstkaarten\/wp-json\/wp\/v2\/pwb-brand?post=18295"},{"taxonomy":"product_cat","embeddable":true,"href":"https:\/\/www.caputovis.nl\/kunstkaarten\/wp-json\/wp\/v2\/product_cat?post=18295"},{"taxonomy":"product_tag","embeddable":true,"href":"https:\/\/www.caputovis.nl\/kunstkaarten\/wp-json\/wp\/v2\/product_tag?post=18295"}],"curies":[{"name":"wp","href":"https:\/\/api.w.org\/{rel}","templated":true}]}}