{"id":18324,"date":"2021-07-16T13:09:57","date_gmt":"2021-07-16T11:09:57","guid":{"rendered":"https:\/\/www.caputovis.nl\/kunstkaarten\/object\/slag-bij-audenarde\/"},"modified":"2021-12-16T08:11:02","modified_gmt":"2021-12-16T07:11:02","slug":"slag-bij-audenarde","status":"publish","type":"product","link":"https:\/\/www.caputovis.nl\/kunstkaarten\/object\/slag-bij-audenarde\/","title":{"rendered":"Slag bij Audenarde"},"content":{"rendered":"<p>Van meerdere kunstenaars worden ook na hun dood nog kunstwerken verspreid via nadrukken of zoals in dit geval middels ansichtkaarten. Deze werd uitgegeven door Edito-Services S.A. (zie de tweede foto, Nr. KR D2 441 95-16). Een terecht initiatief, want het toenmalige werk van Adam Frans van der Meulen boeide en boeit nog steeds velen. Vooral zijn klassieke manier van schilderen zal door velen als bekend worden beleefd. Het oorspronkelijke werk zelf bevindt zich in het Mus\u00e9e du Louvre (d\u00e9p\u00f4t de Versailles), Parijs.<\/p>\n","protected":false},"excerpt":{"rendered":"<p>Van meerdere kunstenaars worden ook na hun dood nog kunstwerken verspreid via nadrukken of zoals in dit geval middels ansichtkaarten. Deze werd uitgegeven door Edito-Services S.A. (zie de tweede foto, Nr. KR D2 441 95-16). Een terecht initiatief, want het toenmalige werk van Adam Frans van der Meulen boeide en boeit nog steeds velen. Vooral&hellip;&nbsp;<a href=\"https:\/\/www.caputovis.nl\/kunstkaarten\/object\/slag-bij-audenarde\/\" class=\"\" rel=\"bookmark\">Lees verder &raquo;<span class=\"screen-reader-text\">Slag bij Audenarde<\/span><\/a><\/p>\n","protected":false},"featured_media":20180,"template":"","meta":{"_lmt_disableupdate":"no","_lmt_disable":"no","neve_meta_sidebar":"","neve_meta_container":"","neve_meta_enable_content_width":"off","neve_meta_content_width":70,"neve_meta_title_alignment":"","neve_meta_author_avatar":"","neve_post_elements_order":"","neve_meta_disable_header":"","neve_meta_disable_footer":"","neve_meta_disable_title":"","_ti_tpc_template_sync":false,"_ti_tpc_template_id":""},"pwb-brand":[1351],"product_cat":[7677,7678,4002,3920],"product_tag":[8749,8788],"brands":[{"id":1351,"name":"Meulen, Adam Frans van der","slug":"meulen-adam-frans-van-der"}],"_links":{"self":[{"href":"https:\/\/www.caputovis.nl\/kunstkaarten\/wp-json\/wp\/v2\/product\/18324"}],"collection":[{"href":"https:\/\/www.caputovis.nl\/kunstkaarten\/wp-json\/wp\/v2\/product"}],"about":[{"href":"https:\/\/www.caputovis.nl\/kunstkaarten\/wp-json\/wp\/v2\/types\/product"}],"wp:featuredmedia":[{"embeddable":true,"href":"https:\/\/www.caputovis.nl\/kunstkaarten\/wp-json\/wp\/v2\/media\/20180"}],"wp:attachment":[{"href":"https:\/\/www.caputovis.nl\/kunstkaarten\/wp-json\/wp\/v2\/media?parent=18324"}],"wp:term":[{"taxonomy":"pwb-brand","embeddable":true,"href":"https:\/\/www.caputovis.nl\/kunstkaarten\/wp-json\/wp\/v2\/pwb-brand?post=18324"},{"taxonomy":"product_cat","embeddable":true,"href":"https:\/\/www.caputovis.nl\/kunstkaarten\/wp-json\/wp\/v2\/product_cat?post=18324"},{"taxonomy":"product_tag","embeddable":true,"href":"https:\/\/www.caputovis.nl\/kunstkaarten\/wp-json\/wp\/v2\/product_tag?post=18324"}],"curies":[{"name":"wp","href":"https:\/\/api.w.org\/{rel}","templated":true}]}}