{"id":18422,"date":"2021-07-16T13:10:09","date_gmt":"2021-07-16T11:10:09","guid":{"rendered":"https:\/\/www.caputovis.nl\/kunstkaarten\/object\/de-ziel\/"},"modified":"2022-08-02T10:15:42","modified_gmt":"2022-08-02T08:15:42","slug":"de-ziel","status":"publish","type":"product","link":"https:\/\/www.caputovis.nl\/kunstkaarten\/object\/de-ziel\/","title":{"rendered":"De ziel"},"content":{"rendered":"<p>Van meerdere kunstenaars worden voortdurend &#8211; in dit geval van Jan Balet weliswaar na zijn dood &#8211; kunstwerken verspreid via nadrukken of zoals in dit geval middels ansichtkaarten. Deze werd uitgegeven door uitgeverij La Landelle (zie ook de tweede foto, nr. F-60990). Een terecht initiatief, want zijn symbolische werk boeit de kunstliefhebber nog steeds. Het origineel bevindt zich in de St\u00e4dtische Galerie M\u00fcnchen, M\u00fcnchen.<\/p>\n","protected":false},"excerpt":{"rendered":"<p>Van meerdere kunstenaars worden voortdurend &#8211; in dit geval van Jan Balet weliswaar na zijn dood &#8211; kunstwerken verspreid via nadrukken of zoals in dit geval middels ansichtkaarten. Deze werd uitgegeven door uitgeverij La Landelle (zie ook de tweede foto, nr. F-60990). Een terecht initiatief, want zijn symbolische werk boeit de kunstliefhebber nog steeds. Het&hellip;&nbsp;<a href=\"https:\/\/www.caputovis.nl\/kunstkaarten\/object\/de-ziel\/\" class=\"\" rel=\"bookmark\">Lees verder &raquo;<span class=\"screen-reader-text\">De ziel<\/span><\/a><\/p>\n","protected":false},"featured_media":22474,"template":"","meta":{"_lmt_disableupdate":"no","_lmt_disable":"no","neve_meta_sidebar":"","neve_meta_container":"","neve_meta_enable_content_width":"off","neve_meta_content_width":70,"neve_meta_title_alignment":"","neve_meta_author_avatar":"","neve_post_elements_order":"","neve_meta_disable_header":"","neve_meta_disable_footer":"","neve_meta_disable_title":"","_ti_tpc_template_sync":false,"_ti_tpc_template_id":""},"pwb-brand":[250],"product_cat":[7677,4097,3257,3920],"product_tag":[8756,8793],"brands":[{"id":250,"name":"Balet, Jan","slug":"balet-jan"}],"_links":{"self":[{"href":"https:\/\/www.caputovis.nl\/kunstkaarten\/wp-json\/wp\/v2\/product\/18422"}],"collection":[{"href":"https:\/\/www.caputovis.nl\/kunstkaarten\/wp-json\/wp\/v2\/product"}],"about":[{"href":"https:\/\/www.caputovis.nl\/kunstkaarten\/wp-json\/wp\/v2\/types\/product"}],"wp:featuredmedia":[{"embeddable":true,"href":"https:\/\/www.caputovis.nl\/kunstkaarten\/wp-json\/wp\/v2\/media\/22474"}],"wp:attachment":[{"href":"https:\/\/www.caputovis.nl\/kunstkaarten\/wp-json\/wp\/v2\/media?parent=18422"}],"wp:term":[{"taxonomy":"pwb-brand","embeddable":true,"href":"https:\/\/www.caputovis.nl\/kunstkaarten\/wp-json\/wp\/v2\/pwb-brand?post=18422"},{"taxonomy":"product_cat","embeddable":true,"href":"https:\/\/www.caputovis.nl\/kunstkaarten\/wp-json\/wp\/v2\/product_cat?post=18422"},{"taxonomy":"product_tag","embeddable":true,"href":"https:\/\/www.caputovis.nl\/kunstkaarten\/wp-json\/wp\/v2\/product_tag?post=18422"}],"curies":[{"name":"wp","href":"https:\/\/api.w.org\/{rel}","templated":true}]}}