{"id":18594,"date":"2021-07-16T13:10:27","date_gmt":"2021-07-16T11:10:27","guid":{"rendered":"https:\/\/www.caputovis.nl\/kunstkaarten\/object\/janosik-beschermer-van-armoede\/"},"modified":"2021-12-15T21:28:55","modified_gmt":"2021-12-15T20:28:55","slug":"janosik-beschermer-van-armoede","status":"publish","type":"product","link":"https:\/\/www.caputovis.nl\/kunstkaarten\/object\/janosik-beschermer-van-armoede\/","title":{"rendered":"J\u00e1no\u0161\u00edk, beschermer van armoede."},"content":{"rendered":"<p>Struikrovers in de 18<sup>e<\/sup> en 19<sup>e<\/sup> eeuw in het Koninkrijk Hongarije werden bety\u00e1rs genoemd. Tot in de jaren 1830 werden ze als criminelen beschouwd, maar geleidelijk aan (onder andere door\u00a0 betyar-songs, ballades en verhalen) werden deze gewapende en meestal bereden rovers geromantiseerd. Verschillende van de bety\u00e1rs werden legendarische figuren die vooral streden voor sociale rechtvaardigheid. De Slowaakse\u00a0 bety\u00e1r Juraj J\u00e1no\u0161\u00edk (Hongaars: J\u00e1nosik Gy\u00f6rgy) wordt gezien als de Slowaaks Robin Hood.<\/p>\n<p>&nbsp;<\/p>\n","protected":false},"excerpt":{"rendered":"<p>Struikrovers in de 18e en 19e eeuw in het Koninkrijk Hongarije werden bety\u00e1rs genoemd. Tot in de jaren 1830 werden ze als criminelen beschouwd, maar geleidelijk aan (onder andere door\u00a0 betyar-songs, ballades en verhalen) werden deze gewapende en meestal bereden rovers geromantiseerd. Verschillende van de bety\u00e1rs werden legendarische figuren die vooral streden voor sociale rechtvaardigheid.&hellip;&nbsp;<a href=\"https:\/\/www.caputovis.nl\/kunstkaarten\/object\/janosik-beschermer-van-armoede\/\" class=\"\" rel=\"bookmark\">Lees verder &raquo;<span class=\"screen-reader-text\">J\u00e1no\u0161\u00edk, beschermer van armoede.<\/span><\/a><\/p>\n","protected":false},"featured_media":24618,"template":"","meta":{"_lmt_disableupdate":"no","_lmt_disable":"no","neve_meta_sidebar":"","neve_meta_container":"","neve_meta_enable_content_width":"off","neve_meta_content_width":70,"neve_meta_title_alignment":"","neve_meta_author_avatar":"","neve_post_elements_order":"","neve_meta_disable_header":"","neve_meta_disable_footer":"","neve_meta_disable_title":"","_ti_tpc_template_sync":false,"_ti_tpc_template_id":""},"pwb-brand":[754],"product_cat":[7677,7735,4003,3920],"product_tag":[8797,9521],"brands":[{"id":754,"name":"Fulla, Fudov\u00edt","slug":"fulla-fudovit"}],"_links":{"self":[{"href":"https:\/\/www.caputovis.nl\/kunstkaarten\/wp-json\/wp\/v2\/product\/18594"}],"collection":[{"href":"https:\/\/www.caputovis.nl\/kunstkaarten\/wp-json\/wp\/v2\/product"}],"about":[{"href":"https:\/\/www.caputovis.nl\/kunstkaarten\/wp-json\/wp\/v2\/types\/product"}],"wp:featuredmedia":[{"embeddable":true,"href":"https:\/\/www.caputovis.nl\/kunstkaarten\/wp-json\/wp\/v2\/media\/24618"}],"wp:attachment":[{"href":"https:\/\/www.caputovis.nl\/kunstkaarten\/wp-json\/wp\/v2\/media?parent=18594"}],"wp:term":[{"taxonomy":"pwb-brand","embeddable":true,"href":"https:\/\/www.caputovis.nl\/kunstkaarten\/wp-json\/wp\/v2\/pwb-brand?post=18594"},{"taxonomy":"product_cat","embeddable":true,"href":"https:\/\/www.caputovis.nl\/kunstkaarten\/wp-json\/wp\/v2\/product_cat?post=18594"},{"taxonomy":"product_tag","embeddable":true,"href":"https:\/\/www.caputovis.nl\/kunstkaarten\/wp-json\/wp\/v2\/product_tag?post=18594"}],"curies":[{"name":"wp","href":"https:\/\/api.w.org\/{rel}","templated":true}]}}