{"id":19002,"date":"2021-07-16T13:11:14","date_gmt":"2021-07-16T11:11:14","guid":{"rendered":"https:\/\/www.caputovis.nl\/kunstkaarten\/object\/katharina-furlegerin\/"},"modified":"2021-12-15T21:09:03","modified_gmt":"2021-12-15T20:09:03","slug":"katharina-furlegerin","status":"publish","type":"product","link":"https:\/\/www.caputovis.nl\/kunstkaarten\/object\/katharina-furlegerin\/","title":{"rendered":"Katharina F\u00fcrlegerin"},"content":{"rendered":"<p>Van meerdere kunstenaars worden voortdurend &#8211; in dit geval van Albrecht D\u00fcrer ver na zijn dood &#8211; kunstwerken verspreid via nadrukken of zoals in dit geval middels ansichtkaarten. Deze werd uitgegeven door St\u00e4delsches Kunstinstitut, Frankfurt a.M. (zie ook de tweede foto). Een terecht initiatief.<br \/>\nHet origineel van Katharina F\u00fcrlegerin bevindt zich in de St\u00e4delsches Kunstinstitut, Frankfurt a.M..<\/p>\n","protected":false},"excerpt":{"rendered":"<p>Van meerdere kunstenaars worden voortdurend &#8211; in dit geval van Albrecht D\u00fcrer ver na zijn dood &#8211; kunstwerken verspreid via nadrukken of zoals in dit geval middels ansichtkaarten. Deze werd uitgegeven door St\u00e4delsches Kunstinstitut, Frankfurt a.M. (zie ook de tweede foto). Een terecht initiatief. Het origineel van Katharina F\u00fcrlegerin bevindt zich in de St\u00e4delsches Kunstinstitut,&hellip;&nbsp;<a href=\"https:\/\/www.caputovis.nl\/kunstkaarten\/object\/katharina-furlegerin\/\" class=\"\" rel=\"bookmark\">Lees verder &raquo;<span class=\"screen-reader-text\">Katharina F\u00fcrlegerin<\/span><\/a><\/p>\n","protected":false},"featured_media":24755,"template":"","meta":{"_lmt_disableupdate":"no","_lmt_disable":"no","neve_meta_sidebar":"","neve_meta_container":"","neve_meta_enable_content_width":"off","neve_meta_content_width":70,"neve_meta_title_alignment":"","neve_meta_author_avatar":"","neve_post_elements_order":"","neve_meta_disable_header":"","neve_meta_disable_footer":"","neve_meta_disable_title":"","_ti_tpc_template_sync":false,"_ti_tpc_template_id":""},"pwb-brand":[664],"product_cat":[3920],"product_tag":[8756,8793],"brands":[{"id":664,"name":"D\u00fcrer, Albrecht","slug":"durer-albrecht"}],"_links":{"self":[{"href":"https:\/\/www.caputovis.nl\/kunstkaarten\/wp-json\/wp\/v2\/product\/19002"}],"collection":[{"href":"https:\/\/www.caputovis.nl\/kunstkaarten\/wp-json\/wp\/v2\/product"}],"about":[{"href":"https:\/\/www.caputovis.nl\/kunstkaarten\/wp-json\/wp\/v2\/types\/product"}],"wp:featuredmedia":[{"embeddable":true,"href":"https:\/\/www.caputovis.nl\/kunstkaarten\/wp-json\/wp\/v2\/media\/24755"}],"wp:attachment":[{"href":"https:\/\/www.caputovis.nl\/kunstkaarten\/wp-json\/wp\/v2\/media?parent=19002"}],"wp:term":[{"taxonomy":"pwb-brand","embeddable":true,"href":"https:\/\/www.caputovis.nl\/kunstkaarten\/wp-json\/wp\/v2\/pwb-brand?post=19002"},{"taxonomy":"product_cat","embeddable":true,"href":"https:\/\/www.caputovis.nl\/kunstkaarten\/wp-json\/wp\/v2\/product_cat?post=19002"},{"taxonomy":"product_tag","embeddable":true,"href":"https:\/\/www.caputovis.nl\/kunstkaarten\/wp-json\/wp\/v2\/product_tag?post=19002"}],"curies":[{"name":"wp","href":"https:\/\/api.w.org\/{rel}","templated":true}]}}