{"id":19212,"date":"2021-07-16T13:11:41","date_gmt":"2021-07-16T11:11:41","guid":{"rendered":"https:\/\/www.caputovis.nl\/kunstkaarten\/object\/sint-ursula\/"},"modified":"2021-12-15T10:00:02","modified_gmt":"2021-12-15T09:00:02","slug":"sint-ursula","status":"publish","type":"product","link":"https:\/\/www.caputovis.nl\/kunstkaarten\/object\/sint-ursula\/","title":{"rendered":"Sint Ursula"},"content":{"rendered":"<p>Van vele kunstenaars worden voortdurend &#8211; in dit geval van een onbekende kunstenaar &#8211; kunstwerken verspreid middels ansichtkaarten. De uitgever van deze ansichtkaart is K\u00f6lner &#8211; Ansichtskarten &#8211; Verlag, Sinthern bei M\u00fcnchen (zie ook tweede foto, nr. FF 107). Het origineel bevindt zich in de K\u00f6lnse Dom, K\u00f6ln.<\/p>\n","protected":false},"excerpt":{"rendered":"<p>Van vele kunstenaars worden voortdurend &#8211; in dit geval van een onbekende kunstenaar &#8211; kunstwerken verspreid middels ansichtkaarten. De uitgever van deze ansichtkaart is K\u00f6lner &#8211; Ansichtskarten &#8211; Verlag, Sinthern bei M\u00fcnchen (zie ook tweede foto, nr. FF 107). Het origineel bevindt zich in de K\u00f6lnse Dom, K\u00f6ln.<\/p>\n","protected":false},"featured_media":21017,"template":"","meta":{"_lmt_disableupdate":"no","_lmt_disable":"no","neve_meta_sidebar":"","neve_meta_container":"","neve_meta_enable_content_width":"off","neve_meta_content_width":70,"neve_meta_title_alignment":"","neve_meta_author_avatar":"","neve_post_elements_order":"","neve_meta_disable_header":"","neve_meta_disable_footer":"","neve_meta_disable_title":"","_ti_tpc_template_sync":false,"_ti_tpc_template_id":""},"pwb-brand":[1457],"product_cat":[3999,3981],"product_tag":[8793,8796],"brands":[{"id":1457,"name":"onbekend \/ monogram \/ acroniem","slug":"onbekend-monogram-acroniem"}],"_links":{"self":[{"href":"https:\/\/www.caputovis.nl\/kunstkaarten\/wp-json\/wp\/v2\/product\/19212"}],"collection":[{"href":"https:\/\/www.caputovis.nl\/kunstkaarten\/wp-json\/wp\/v2\/product"}],"about":[{"href":"https:\/\/www.caputovis.nl\/kunstkaarten\/wp-json\/wp\/v2\/types\/product"}],"wp:featuredmedia":[{"embeddable":true,"href":"https:\/\/www.caputovis.nl\/kunstkaarten\/wp-json\/wp\/v2\/media\/21017"}],"wp:attachment":[{"href":"https:\/\/www.caputovis.nl\/kunstkaarten\/wp-json\/wp\/v2\/media?parent=19212"}],"wp:term":[{"taxonomy":"pwb-brand","embeddable":true,"href":"https:\/\/www.caputovis.nl\/kunstkaarten\/wp-json\/wp\/v2\/pwb-brand?post=19212"},{"taxonomy":"product_cat","embeddable":true,"href":"https:\/\/www.caputovis.nl\/kunstkaarten\/wp-json\/wp\/v2\/product_cat?post=19212"},{"taxonomy":"product_tag","embeddable":true,"href":"https:\/\/www.caputovis.nl\/kunstkaarten\/wp-json\/wp\/v2\/product_tag?post=19212"}],"curies":[{"name":"wp","href":"https:\/\/api.w.org\/{rel}","templated":true}]}}