{"id":19265,"date":"2021-07-16T13:11:48","date_gmt":"2021-07-16T11:11:48","guid":{"rendered":"https:\/\/www.caputovis.nl\/kunstkaarten\/object\/profeet-elias\/"},"modified":"2021-12-15T09:55:16","modified_gmt":"2021-12-15T08:55:16","slug":"profeet-elias","status":"publish","type":"product","link":"https:\/\/www.caputovis.nl\/kunstkaarten\/object\/profeet-elias\/","title":{"rendered":"Profeet Elias"},"content":{"rendered":"<p>Van meerdere kunstenaars worden voortdurend &#8211; in dit geval door een voor ons onbekende kunstenaar &#8211; kunstwerken verspreid via nadrukken of zoals in dit geval middels ansichtkaarten. Deze werd uitgegeven door Aries-Verlag, M\u00fcnchen (zie ook de tweede foto, nr. 816). Het origineel bevindt zich in het Mora\u0107a klooster, Mora\u0107a.<\/p>\n","protected":false},"excerpt":{"rendered":"<p>Van meerdere kunstenaars worden voortdurend &#8211; in dit geval door een voor ons onbekende kunstenaar &#8211; kunstwerken verspreid via nadrukken of zoals in dit geval middels ansichtkaarten. Deze werd uitgegeven door Aries-Verlag, M\u00fcnchen (zie ook de tweede foto, nr. 816). Het origineel bevindt zich in het Mora\u0107a klooster, Mora\u0107a.<\/p>\n","protected":false},"featured_media":20718,"template":"","meta":{"_lmt_disableupdate":"no","_lmt_disable":"no","neve_meta_sidebar":"","neve_meta_container":"","neve_meta_enable_content_width":"off","neve_meta_content_width":70,"neve_meta_title_alignment":"","neve_meta_author_avatar":"","neve_post_elements_order":"","neve_meta_disable_header":"","neve_meta_disable_footer":"","neve_meta_disable_title":"","_ti_tpc_template_sync":false,"_ti_tpc_template_id":""},"pwb-brand":[1457],"product_cat":[3981],"product_tag":[9856,8796],"brands":[{"id":1457,"name":"onbekend \/ monogram \/ acroniem","slug":"onbekend-monogram-acroniem"}],"_links":{"self":[{"href":"https:\/\/www.caputovis.nl\/kunstkaarten\/wp-json\/wp\/v2\/product\/19265"}],"collection":[{"href":"https:\/\/www.caputovis.nl\/kunstkaarten\/wp-json\/wp\/v2\/product"}],"about":[{"href":"https:\/\/www.caputovis.nl\/kunstkaarten\/wp-json\/wp\/v2\/types\/product"}],"wp:featuredmedia":[{"embeddable":true,"href":"https:\/\/www.caputovis.nl\/kunstkaarten\/wp-json\/wp\/v2\/media\/20718"}],"wp:attachment":[{"href":"https:\/\/www.caputovis.nl\/kunstkaarten\/wp-json\/wp\/v2\/media?parent=19265"}],"wp:term":[{"taxonomy":"pwb-brand","embeddable":true,"href":"https:\/\/www.caputovis.nl\/kunstkaarten\/wp-json\/wp\/v2\/pwb-brand?post=19265"},{"taxonomy":"product_cat","embeddable":true,"href":"https:\/\/www.caputovis.nl\/kunstkaarten\/wp-json\/wp\/v2\/product_cat?post=19265"},{"taxonomy":"product_tag","embeddable":true,"href":"https:\/\/www.caputovis.nl\/kunstkaarten\/wp-json\/wp\/v2\/product_tag?post=19265"}],"curies":[{"name":"wp","href":"https:\/\/api.w.org\/{rel}","templated":true}]}}