{"id":19519,"date":"2021-07-16T13:12:28","date_gmt":"2021-07-16T11:12:28","guid":{"rendered":"https:\/\/www.caputovis.nl\/kunstkaarten\/object\/de-man-met-de-gouden-helm\/"},"modified":"2025-05-04T14:18:21","modified_gmt":"2025-05-04T12:18:21","slug":"de-man-met-de-gouden-helm","status":"publish","type":"product","link":"https:\/\/www.caputovis.nl\/kunstkaarten\/object\/de-man-met-de-gouden-helm\/","title":{"rendered":"De man met de gouden helm"},"content":{"rendered":"<p><span style=\"color: #ff6600\">Van vele kunstenaars worden voortdurend &#8211; in dit geval van Rembrandt &#8211; kunstwerken verspreid middels ansichtkaarten. De uitgever van deze ansichtkaarten zijn Gem\u00e4ldegalerie Berlin, het Staatliche Museen Preu\u00dfischer Kulturbesitz (zie de tweede foto, serie No. 235), Walter Classen , Kunstverlag Z\u00fcrich. Het origineel bevindt zich in de Gem\u00e4ldegalerie, Berlin.<\/span><\/p>\n","protected":false},"excerpt":{"rendered":"<p>Van vele kunstenaars worden voortdurend &#8211; in dit geval van Rembrandt &#8211; kunstwerken verspreid middels ansichtkaarten. De uitgever van deze ansichtkaarten zijn Gem\u00e4ldegalerie Berlin, het Staatliche Museen Preu\u00dfischer Kulturbesitz (zie de tweede foto, serie No. 235), Walter Classen , Kunstverlag Z\u00fcrich. Het origineel bevindt zich in de Gem\u00e4ldegalerie, Berlin.<\/p>\n","protected":false},"featured_media":20415,"template":"","meta":{"_lmt_disableupdate":"no","_lmt_disable":"no","neve_meta_sidebar":"","neve_meta_container":"","neve_meta_enable_content_width":"off","neve_meta_content_width":100,"neve_meta_title_alignment":"","neve_meta_author_avatar":"","neve_post_elements_order":"","neve_meta_disable_header":"","neve_meta_disable_footer":"","neve_meta_disable_title":"","_ti_tpc_template_sync":false,"_ti_tpc_template_id":""},"pwb-brand":[1578],"product_cat":[3957,4002,3920],"product_tag":[8793,8776],"brands":[{"id":1578,"name":"Rembrandt","slug":"rembrandt"}],"_links":{"self":[{"href":"https:\/\/www.caputovis.nl\/kunstkaarten\/wp-json\/wp\/v2\/product\/19519"}],"collection":[{"href":"https:\/\/www.caputovis.nl\/kunstkaarten\/wp-json\/wp\/v2\/product"}],"about":[{"href":"https:\/\/www.caputovis.nl\/kunstkaarten\/wp-json\/wp\/v2\/types\/product"}],"wp:featuredmedia":[{"embeddable":true,"href":"https:\/\/www.caputovis.nl\/kunstkaarten\/wp-json\/wp\/v2\/media\/20415"}],"wp:attachment":[{"href":"https:\/\/www.caputovis.nl\/kunstkaarten\/wp-json\/wp\/v2\/media?parent=19519"}],"wp:term":[{"taxonomy":"pwb-brand","embeddable":true,"href":"https:\/\/www.caputovis.nl\/kunstkaarten\/wp-json\/wp\/v2\/pwb-brand?post=19519"},{"taxonomy":"product_cat","embeddable":true,"href":"https:\/\/www.caputovis.nl\/kunstkaarten\/wp-json\/wp\/v2\/product_cat?post=19519"},{"taxonomy":"product_tag","embeddable":true,"href":"https:\/\/www.caputovis.nl\/kunstkaarten\/wp-json\/wp\/v2\/product_tag?post=19519"}],"curies":[{"name":"wp","href":"https:\/\/api.w.org\/{rel}","templated":true}]}}