{"id":26188,"date":"2021-12-10T10:16:28","date_gmt":"2021-12-10T09:16:28","guid":{"rendered":"https:\/\/www.caputovis.nl\/kunstkaarten\/?post_type=product&#038;p=26188"},"modified":"2022-06-18T10:32:04","modified_gmt":"2022-06-18T08:32:04","slug":"de-legende-van-heilige-giles","status":"publish","type":"product","link":"https:\/\/www.caputovis.nl\/kunstkaarten\/object\/de-legende-van-heilige-giles\/","title":{"rendered":"De legende van Saint Giles"},"content":{"rendered":"<p>We lezen over de\u00a0 &#8216;legende van &#8216;Giles&#8217; en het gelijknamige klooster op Wikipedia onder andere het volgende:<\/p>\n<h2>Abdij<\/h2>\n<p>Aegidius wordt gerekend tot de zogenaamde veertien noodhelpers en daarmee ook tot de pestheiligen.<\/p>\n<p>Het Roomse Martelaarsboek vermeldt op zijn feestdag 1 september:<\/p>\n<p style=\"text-align: center\"><i>In Zuid-Frankrijk de heilige abt Aegidius, belijder. Naar hem is de stad genaamd, die later verrees op de plaats, waar hij een klooster gesticht en zijn sterfelijk leven be\u00ebindigd had.<\/i><\/p>\n<p>Dit klooster is de abdij van Sint-Gillis. De abdij was aanvankelijk gewijd aan Petrus en Paulus, maar in de 9<sup>de<\/sup> eeuw werd de toewijding veranderd in Aegidius zelf, die \u00e9\u00e9n van de meest vereerde figuren in het gebied was geworden. Zijn relikwie\u00ebn waren ondergebracht in de abdijkerk en trokken talrijke pelgrims aan. In de 11<sup>e<\/sup> eeuw was het klooster verbonden met dat van Cluny en werd het dankzij de welvaart vergroot en versierd van de 12<sup>e<\/sup> tot de 15<sup>e<\/sup> eeuw.<\/p>\n","protected":false},"excerpt":{"rendered":"<p>We lezen over de\u00a0 &#8216;legende van &#8216;Giles&#8217; en het gelijknamige klooster op Wikipedia onder andere het volgende: Abdij Aegidius wordt gerekend tot de zogenaamde veertien noodhelpers en daarmee ook tot de pestheiligen. Het Roomse Martelaarsboek vermeldt op zijn feestdag 1 september: In Zuid-Frankrijk de heilige abt Aegidius, belijder. Naar hem is de stad genaamd, die&hellip;&nbsp;<a href=\"https:\/\/www.caputovis.nl\/kunstkaarten\/object\/de-legende-van-heilige-giles\/\" class=\"\" rel=\"bookmark\">Lees verder &raquo;<span class=\"screen-reader-text\">De legende van Saint Giles<\/span><\/a><\/p>\n","protected":false},"featured_media":26189,"template":"","meta":{"_lmt_disableupdate":"no","_lmt_disable":"no","neve_meta_sidebar":"","neve_meta_container":"","neve_meta_enable_content_width":"off","neve_meta_content_width":70,"neve_meta_title_alignment":"","neve_meta_author_avatar":"","neve_post_elements_order":"","neve_meta_disable_header":"","neve_meta_disable_footer":"","neve_meta_disable_title":"","_ti_tpc_template_sync":false,"_ti_tpc_template_id":""},"pwb-brand":[10471],"product_cat":[7678,3981],"product_tag":[8744,8811],"brands":[{"id":10471,"name":"Meester van Sint-Gilles","slug":"meester-van-sint-gilles"}],"_links":{"self":[{"href":"https:\/\/www.caputovis.nl\/kunstkaarten\/wp-json\/wp\/v2\/product\/26188"}],"collection":[{"href":"https:\/\/www.caputovis.nl\/kunstkaarten\/wp-json\/wp\/v2\/product"}],"about":[{"href":"https:\/\/www.caputovis.nl\/kunstkaarten\/wp-json\/wp\/v2\/types\/product"}],"wp:featuredmedia":[{"embeddable":true,"href":"https:\/\/www.caputovis.nl\/kunstkaarten\/wp-json\/wp\/v2\/media\/26189"}],"wp:attachment":[{"href":"https:\/\/www.caputovis.nl\/kunstkaarten\/wp-json\/wp\/v2\/media?parent=26188"}],"wp:term":[{"taxonomy":"pwb-brand","embeddable":true,"href":"https:\/\/www.caputovis.nl\/kunstkaarten\/wp-json\/wp\/v2\/pwb-brand?post=26188"},{"taxonomy":"product_cat","embeddable":true,"href":"https:\/\/www.caputovis.nl\/kunstkaarten\/wp-json\/wp\/v2\/product_cat?post=26188"},{"taxonomy":"product_tag","embeddable":true,"href":"https:\/\/www.caputovis.nl\/kunstkaarten\/wp-json\/wp\/v2\/product_tag?post=26188"}],"curies":[{"name":"wp","href":"https:\/\/api.w.org\/{rel}","templated":true}]}}