{"id":26604,"date":"2021-12-20T13:44:05","date_gmt":"2021-12-20T12:44:05","guid":{"rendered":"https:\/\/www.caputovis.nl\/kunstkaarten\/?post_type=product&#038;p=26604"},"modified":"2022-11-18T17:16:51","modified_gmt":"2022-11-18T16:16:51","slug":"kruisafneming-panel-xii","status":"publish","type":"product","link":"https:\/\/www.caputovis.nl\/kunstkaarten\/object\/kruisafneming-panel-xii\/","title":{"rendered":"Kruisafneming (panel XII)"},"content":{"rendered":"<p>E\u00e9n van de (zij)panelen van het altaar van Sint Andreus van Sag\u00e0s [oorspronkelijk in Bergued\u00e0 (Cataloni\u00eb)].<\/p>\n","protected":false},"excerpt":{"rendered":"<p>E\u00e9n van de (zij)panelen van het altaar van Sint Andreus van Sag\u00e0s [oorspronkelijk in Bergued\u00e0 (Cataloni\u00eb)].<\/p>\n","protected":false},"featured_media":26605,"template":"","meta":{"_lmt_disableupdate":"no","_lmt_disable":"no","neve_meta_sidebar":"","neve_meta_container":"","neve_meta_enable_content_width":"off","neve_meta_content_width":70,"neve_meta_title_alignment":"","neve_meta_author_avatar":"","neve_post_elements_order":"","neve_meta_disable_header":"","neve_meta_disable_footer":"","neve_meta_disable_title":"","_ti_tpc_template_sync":false,"_ti_tpc_template_id":""},"pwb-brand":[1457],"product_cat":[4003,3981],"product_tag":[8900,8899],"brands":[{"id":1457,"name":"onbekend \/ monogram \/ acroniem","slug":"onbekend-monogram-acroniem"}],"_links":{"self":[{"href":"https:\/\/www.caputovis.nl\/kunstkaarten\/wp-json\/wp\/v2\/product\/26604"}],"collection":[{"href":"https:\/\/www.caputovis.nl\/kunstkaarten\/wp-json\/wp\/v2\/product"}],"about":[{"href":"https:\/\/www.caputovis.nl\/kunstkaarten\/wp-json\/wp\/v2\/types\/product"}],"wp:featuredmedia":[{"embeddable":true,"href":"https:\/\/www.caputovis.nl\/kunstkaarten\/wp-json\/wp\/v2\/media\/26605"}],"wp:attachment":[{"href":"https:\/\/www.caputovis.nl\/kunstkaarten\/wp-json\/wp\/v2\/media?parent=26604"}],"wp:term":[{"taxonomy":"pwb-brand","embeddable":true,"href":"https:\/\/www.caputovis.nl\/kunstkaarten\/wp-json\/wp\/v2\/pwb-brand?post=26604"},{"taxonomy":"product_cat","embeddable":true,"href":"https:\/\/www.caputovis.nl\/kunstkaarten\/wp-json\/wp\/v2\/product_cat?post=26604"},{"taxonomy":"product_tag","embeddable":true,"href":"https:\/\/www.caputovis.nl\/kunstkaarten\/wp-json\/wp\/v2\/product_tag?post=26604"}],"curies":[{"name":"wp","href":"https:\/\/api.w.org\/{rel}","templated":true}]}}