{"id":26831,"date":"2022-01-07T10:45:12","date_gmt":"2022-01-07T09:45:12","guid":{"rendered":"https:\/\/www.caputovis.nl\/kunstkaarten\/?post_type=product&#038;p=26831"},"modified":"2022-01-07T10:45:12","modified_gmt":"2022-01-07T09:45:12","slug":"boekenlegger","status":"publish","type":"product","link":"https:\/\/www.caputovis.nl\/kunstkaarten\/object\/boekenlegger\/","title":{"rendered":"Boekenlegger"},"content":{"rendered":"<p>Boekenlegger door het Mus\u00e9e D\u00e9patemental Matrisse, Palais F\u00e9nelon als aandachtvrager voor de collectie van het werk van Auguste Herbin.<\/p>\n","protected":false},"excerpt":{"rendered":"<p>Boekenlegger door het Mus\u00e9e D\u00e9patemental Matrisse, Palais F\u00e9nelon als aandachtvrager voor de collectie van het werk van Auguste Herbin.<\/p>\n","protected":false},"featured_media":26832,"template":"","meta":{"_lmt_disableupdate":"","_lmt_disable":"","neve_meta_sidebar":"","neve_meta_container":"","neve_meta_enable_content_width":"off","neve_meta_content_width":70,"neve_meta_title_alignment":"","neve_meta_author_avatar":"","neve_post_elements_order":"","neve_meta_disable_header":"","neve_meta_disable_footer":"","neve_meta_disable_title":"","_ti_tpc_template_sync":false,"_ti_tpc_template_id":""},"pwb-brand":[905],"product_cat":[3249,3920],"product_tag":[8744,8788],"brands":[{"id":905,"name":"Herbin, Auguste","slug":"herbin-auguste"}],"_links":{"self":[{"href":"https:\/\/www.caputovis.nl\/kunstkaarten\/wp-json\/wp\/v2\/product\/26831"}],"collection":[{"href":"https:\/\/www.caputovis.nl\/kunstkaarten\/wp-json\/wp\/v2\/product"}],"about":[{"href":"https:\/\/www.caputovis.nl\/kunstkaarten\/wp-json\/wp\/v2\/types\/product"}],"wp:featuredmedia":[{"embeddable":true,"href":"https:\/\/www.caputovis.nl\/kunstkaarten\/wp-json\/wp\/v2\/media\/26832"}],"wp:attachment":[{"href":"https:\/\/www.caputovis.nl\/kunstkaarten\/wp-json\/wp\/v2\/media?parent=26831"}],"wp:term":[{"taxonomy":"pwb-brand","embeddable":true,"href":"https:\/\/www.caputovis.nl\/kunstkaarten\/wp-json\/wp\/v2\/pwb-brand?post=26831"},{"taxonomy":"product_cat","embeddable":true,"href":"https:\/\/www.caputovis.nl\/kunstkaarten\/wp-json\/wp\/v2\/product_cat?post=26831"},{"taxonomy":"product_tag","embeddable":true,"href":"https:\/\/www.caputovis.nl\/kunstkaarten\/wp-json\/wp\/v2\/product_tag?post=26831"}],"curies":[{"name":"wp","href":"https:\/\/api.w.org\/{rel}","templated":true}]}}