{"id":31451,"date":"2022-03-23T18:51:55","date_gmt":"2022-03-23T17:51:55","guid":{"rendered":"https:\/\/www.caputovis.nl\/kunstkaarten\/?post_type=product&#038;p=31451"},"modified":"2025-07-03T21:29:54","modified_gmt":"2025-07-03T19:29:54","slug":"winterdag-i","status":"publish","type":"product","link":"https:\/\/www.caputovis.nl\/kunstkaarten\/object\/winterdag-i\/","title":{"rendered":"Winterdag I"},"content":{"rendered":"<p><span style=\"color: #ff6600\">Van legio [(minder) bekende en (minder) gevierde] kunstenaars werden kunstwerken als basis gebruikt om &#8211; in dit geval van Louis Apol &#8211; ansichtkaarten te maken. Voor Caput Ovis reden genoeg om ook aan de eigen collectie voorbeelden van deze vormen van &#8216;commerci\u00eble&#8217; kunst toe te voegen.<\/span><br \/>\n<span style=\"color: #ff6600\">Hier een voorbeeld van Louis Apol (\u00e9\u00e9n van zijn vele beroemde wintergezichten).<\/span><\/p>\n<p><span style=\"color: #ff6600\">De collectie bevat meerdere kaartexemplaren van onderscheiden uitgevers.<\/span><\/p>\n<p>&nbsp;<\/p>\n<p><span style=\"color: #ff6600\"><strong>Beschrijving kaart COL 007.004<\/strong><\/span><\/p>\n<p>&nbsp;<\/p>\n<p><span style=\"color: #ff6600\"><strong><u>SCHOONZIJDE<\/u><\/strong><\/span><\/p>\n<p><span style=\"color: #ff6600\"><strong>l. + m. + r.\u00a0 \u00a0 \u00a0 \u00a0 \u00a0 \u00a0 \u00a0 \u00a0 \u00a0 \u00a0: beeld<\/strong><\/span><\/p>\n<p><span style=\"color: #ff6600\"><strong>r.\u00a0 \u00a0 \u00a0 \u00a0 \u00a0 \u00a0 \u00a0 \u00a0 \u00a0 \u00a0 \u00a0 \u00a0 \u00a0 \u00a0 \u00a0 \u00a0 \u00a0 \u00a0 \u00a0: tekstruimte<\/strong><\/span><\/p>\n<p><span style=\"color: #ff6600\"><strong>l.m.\u00a0 \u00a0 \u00a0 \u00a0 \u00a0 \u00a0 \u00a0 \u00a0 \u00a0 \u00a0 \u00a0 \u00a0 \u00a0 \u00a0 \u00a0 \u00a0 : gegevens uitgever<\/strong><\/span><\/p>\n<p><span style=\"color: #ff6600\"><strong>o.l. |+ o.r.\u00a0 \u00a0 \u00a0 \u00a0 \u00a0 \u00a0 \u00a0 \u00a0 \u00a0 \u00a0 : g<\/strong><strong>egevens beeld<\/strong><\/span><\/p>\n<p><span style=\"color: #ff6600\"><strong><u>WEERZIJDE<\/u><\/strong><\/span><\/p>\n<p><span style=\"color: #ff6600\"><strong>b.m.\u00a0 \u00a0 \u00a0 \u00a0 \u00a0 \u00a0 \u00a0 \u00a0 \u00a0 \u00a0 \u00a0 \u00a0 \u00a0 \u00a0 \u00a0 \u00a0 : briefkaart + nummer postbode<\/strong><\/span><\/p>\n<p><span style=\"color: #ff6600\"><strong>b.r.\u00a0 \u00a0 \u00a0 \u00a0 \u00a0 \u00a0 \u00a0 \u00a0 \u00a0 \u00a0 \u00a0 \u00a0 \u00a0 \u00a0 \u00a0 \u00a0 \u00a0 : frankering + poststempel<\/strong><\/span><\/p>\n<p><span style=\"color: #ff6600\"><strong>overig\u00a0 \u00a0 \u00a0 \u00a0 \u00a0 \u00a0 \u00a0 \u00a0 \u00a0 \u00a0 \u00a0 \u00a0 \u00a0 \u00a0 \u00a0: adresseerruimte + poststempel<\/strong><\/span><\/p>\n<p><span style=\"color: #ff6600\">postdatum: 28 augustus 1899<\/span><\/p>\n<p>&nbsp;<\/p>\n<p><span style=\"color: #ff6600\"><strong>Beschrijving kaart COL 007.004b<\/strong><\/span><\/p>\n<p>&nbsp;<\/p>\n<p><span style=\"color: #ff6600\"><strong><u>SCHOONZIJDE<\/u><\/strong><\/span><\/p>\n<p><span style=\"color: #ff6600\"><strong>l. + m. + r.\u00a0 \u00a0 \u00a0 \u00a0 \u00a0 \u00a0 \u00a0 \u00a0 \u00a0 \u00a0: beeld (ingekaderd)<\/strong><\/span><\/p>\n<p><span style=\"color: #ff6600\"><strong>o.m.\u00a0 \u00a0 \u00a0 \u00a0 \u00a0 \u00a0 \u00a0 \u00a0 \u00a0 \u00a0 \u00a0 \u00a0 \u00a0 \u00a0 \u00a0 \u00a0: g<\/strong><strong>egevens beeld<\/strong><\/span><\/p>\n<p><span style=\"color: #ff6600\"><strong><u>WEERZIJDE<\/u><\/strong><\/span><\/p>\n<p><span style=\"color: #ff6600\"><strong>b.l.\u00a0 \u00a0 \u00a0 \u00a0 \u00a0 \u00a0 \u00a0 \u00a0 \u00a0 \u00a0 \u00a0 \u00a0 \u00a0 \u00a0 \u00a0 \u00a0 \u00a0 : postkarte<\/strong><\/span><\/p>\n<p><span style=\"color: #ff6600\"><strong>b.r.\u00a0 \u00a0 \u00a0 \u00a0 \u00a0 \u00a0 \u00a0 \u00a0 \u00a0 \u00a0 \u00a0 \u00a0 \u00a0 \u00a0 \u00a0 \u00a0 \u00a0 : frankeerruimte<\/strong><\/span><\/p>\n<p><span style=\"color: #ff6600\"><strong>o.l.\u00a0 \u00a0 \u00a0 \u00a0 \u00a0 \u00a0 \u00a0 \u00a0 \u00a0 \u00a0 \u00a0 \u00a0 \u00a0 \u00a0 \u00a0 \u00a0 \u00a0 \u00a0:gegevens uitgever<\/strong><\/span><\/p>\n<p><span style=\"color: #ff6600\"><strong>r.\u00a0 \u00a0 \u00a0 \u00a0 \u00a0 \u00a0 \u00a0 \u00a0 \u00a0 \u00a0 \u00a0 \u00a0 \u00a0 \u00a0 \u00a0 \u00a0 \u00a0 \u00a0 \u00a0 : adressering<\/strong><\/span><\/p>\n<p><span style=\"color: #ff6600\"><strong>l.m.\u00a0 \u00a0 \u00a0 \u00a0 \u00a0 \u00a0 \u00a0 \u00a0 \u00a0 \u00a0 \u00a0 \u00a0 \u00a0 \u00a0 \u00a0 \u00a0 \u00a0 : gegevens uitgever<\/strong><\/span><\/p>\n<p>&nbsp;<\/p>\n<p><span style=\"color: #ff6600\"><strong>Beschrijving kaart COL 007.004c<\/strong><\/span><\/p>\n<p>&nbsp;<\/p>\n<p><span style=\"color: #ff6600\"><strong><u>SCHOONZIJDE<\/u><\/strong><\/span><\/p>\n<p><span style=\"color: #ff6600\"><strong>l. + m. + r.\u00a0 \u00a0 \u00a0 \u00a0 \u00a0 \u00a0 \u00a0 \u00a0 \u00a0 \u00a0: beeld (ingekaderd)<\/strong><\/span><\/p>\n<p><span style=\"color: #ff6600\"><strong>o.m.\u00a0 \u00a0 \u00a0 \u00a0 \u00a0 \u00a0 \u00a0 \u00a0 \u00a0 \u00a0 \u00a0 \u00a0 \u00a0 \u00a0 \u00a0 \u00a0: g<\/strong><strong>egevens beeld<\/strong><\/span><\/p>\n<p><span style=\"color: #ff6600\"><strong><u>WEERZIJDE<\/u><\/strong><\/span><\/p>\n<p><span style=\"color: #ff6600\"><strong>b.l.\u00a0 \u00a0 \u00a0 \u00a0 \u00a0 \u00a0 \u00a0 \u00a0 \u00a0 \u00a0 \u00a0 \u00a0 \u00a0 \u00a0 \u00a0 \u00a0 \u00a0 : postkarte<\/strong><\/span><\/p>\n<p><span style=\"color: #ff6600\"><strong>b.r.\u00a0 \u00a0 \u00a0 \u00a0 \u00a0 \u00a0 \u00a0 \u00a0 \u00a0 \u00a0 \u00a0 \u00a0 \u00a0 \u00a0 \u00a0 \u00a0 \u00a0 : frankering\u00a0 poststempel<\/strong><\/span><\/p>\n<p><span style=\"color: #ff6600\"><strong>overig\u00a0 \u00a0 \u00a0 \u00a0 \u00a0 \u00a0 \u00a0 \u00a0 \u00a0 \u00a0 \u00a0 \u00a0 \u00a0 \u00a0 \u00a0: adressering<\/strong><\/span><\/p>\n<p><span style=\"color: #ff6600\"><strong>l.m.\u00a0 \u00a0 \u00a0 \u00a0 \u00a0 \u00a0 \u00a0 \u00a0 \u00a0 \u00a0 \u00a0 \u00a0 \u00a0 \u00a0 \u00a0 \u00a0 \u00a0 : kaartnummer + gegevens uitgever<\/strong><\/span><\/p>\n<p><span style=\"color: #ff6600\"><strong>o.l.\u00a0 \u00a0 \u00a0 \u00a0 \u00a0 \u00a0 \u00a0 \u00a0 \u00a0 \u00a0 \u00a0 \u00a0 \u00a0 \u00a0 \u00a0 \u00a0 \u00a0 \u00a0 : gegevens uitgever + poststempel<\/strong><\/span><\/p>\n<p><span style=\"color: #ff6600\">postdatum: 24 augustus 1905<\/span><\/p>\n","protected":false},"excerpt":{"rendered":"<p>Van legio [(minder) bekende en (minder) gevierde] kunstenaars werden kunstwerken als basis gebruikt om &#8211; in dit geval van Louis Apol &#8211; ansichtkaarten te maken. Voor Caput Ovis reden genoeg om ook aan de eigen collectie voorbeelden van deze vormen van &#8216;commerci\u00eble&#8217; kunst toe te voegen. Hier een voorbeeld van Louis Apol (\u00e9\u00e9n van zijn&hellip;&nbsp;<a href=\"https:\/\/www.caputovis.nl\/kunstkaarten\/object\/winterdag-i\/\" class=\"\" rel=\"bookmark\">Lees verder &raquo;<span class=\"screen-reader-text\">Winterdag I<\/span><\/a><\/p>\n","protected":false},"featured_media":28210,"template":"","meta":{"_lmt_disableupdate":"no","_lmt_disable":"no","neve_meta_sidebar":"","neve_meta_container":"","neve_meta_enable_content_width":"off","neve_meta_content_width":70,"neve_meta_title_alignment":"","neve_meta_author_avatar":"","neve_post_elements_order":"","neve_meta_disable_header":"","neve_meta_disable_footer":"","neve_meta_disable_title":"","_ti_tpc_template_sync":false,"_ti_tpc_template_id":""},"pwb-brand":[213],"product_cat":[7751,7678,3254,9677,3920,3930],"product_tag":[8797,8776],"brands":[{"id":213,"name":"Apol, Lodewijk F. H.","slug":"apol-lodewijk-f-h"}],"_links":{"self":[{"href":"https:\/\/www.caputovis.nl\/kunstkaarten\/wp-json\/wp\/v2\/product\/31451"}],"collection":[{"href":"https:\/\/www.caputovis.nl\/kunstkaarten\/wp-json\/wp\/v2\/product"}],"about":[{"href":"https:\/\/www.caputovis.nl\/kunstkaarten\/wp-json\/wp\/v2\/types\/product"}],"wp:featuredmedia":[{"embeddable":true,"href":"https:\/\/www.caputovis.nl\/kunstkaarten\/wp-json\/wp\/v2\/media\/28210"}],"wp:attachment":[{"href":"https:\/\/www.caputovis.nl\/kunstkaarten\/wp-json\/wp\/v2\/media?parent=31451"}],"wp:term":[{"taxonomy":"pwb-brand","embeddable":true,"href":"https:\/\/www.caputovis.nl\/kunstkaarten\/wp-json\/wp\/v2\/pwb-brand?post=31451"},{"taxonomy":"product_cat","embeddable":true,"href":"https:\/\/www.caputovis.nl\/kunstkaarten\/wp-json\/wp\/v2\/product_cat?post=31451"},{"taxonomy":"product_tag","embeddable":true,"href":"https:\/\/www.caputovis.nl\/kunstkaarten\/wp-json\/wp\/v2\/product_tag?post=31451"}],"curies":[{"name":"wp","href":"https:\/\/api.w.org\/{rel}","templated":true}]}}