{"id":31508,"date":"2022-03-23T18:52:26","date_gmt":"2022-03-23T17:52:26","guid":{"rendered":"https:\/\/www.caputovis.nl\/kunstkaarten\/?post_type=product&#038;p=31508"},"modified":"2022-06-09T08:34:46","modified_gmt":"2022-06-09T06:34:46","slug":"winter-ii","status":"publish","type":"product","link":"https:\/\/www.caputovis.nl\/kunstkaarten\/object\/winter-ii\/","title":{"rendered":"Winter II"},"content":{"rendered":"<p>Van legio [(minder) bekende en (minder) gevierde] kunstenaars werden kunstwerken als basis gebruikt om &#8211; in dit geval van Louis Apol &#8211; ansichtkaarten te maken. Voor Caput Ovis reden genoeg om ook aan de eigen collectie voorbeelden van deze vormen van &#8216;commerci\u00eble&#8217; kunst toe te voegen.<br \/>\nHier een voorbeeld van Louis Apol (\u00e9\u00e9n van zijn vele beroemde wintergezichten).<\/p>\n<p>Rechts in het werk staat: &#8216;<span style=\"color: #ffff00\">Marie<\/span>&#8216;<\/p>\n","protected":false},"excerpt":{"rendered":"<p>Van legio [(minder) bekende en (minder) gevierde] kunstenaars werden kunstwerken als basis gebruikt om &#8211; in dit geval van Louis Apol &#8211; ansichtkaarten te maken. Voor Caput Ovis reden genoeg om ook aan de eigen collectie voorbeelden van deze vormen van &#8216;commerci\u00eble&#8217; kunst toe te voegen. Hier een voorbeeld van Louis Apol (\u00e9\u00e9n van zijn&hellip;&nbsp;<a href=\"https:\/\/www.caputovis.nl\/kunstkaarten\/object\/winter-ii\/\" class=\"\" rel=\"bookmark\">Lees verder &raquo;<span class=\"screen-reader-text\">Winter II<\/span><\/a><\/p>\n","protected":false},"featured_media":28240,"template":"","meta":{"_lmt_disableupdate":"no","_lmt_disable":"no","neve_meta_sidebar":"","neve_meta_container":"","neve_meta_enable_content_width":"off","neve_meta_content_width":70,"neve_meta_title_alignment":"","neve_meta_author_avatar":"","neve_post_elements_order":"","neve_meta_disable_header":"","neve_meta_disable_footer":"","neve_meta_disable_title":"","_ti_tpc_template_sync":false,"_ti_tpc_template_id":""},"pwb-brand":[213],"product_cat":[7751,3955,7678,9677,3920],"product_tag":[8797,8776],"brands":[{"id":213,"name":"Apol, Lodewijk F. H.","slug":"apol-lodewijk-f-h"}],"_links":{"self":[{"href":"https:\/\/www.caputovis.nl\/kunstkaarten\/wp-json\/wp\/v2\/product\/31508"}],"collection":[{"href":"https:\/\/www.caputovis.nl\/kunstkaarten\/wp-json\/wp\/v2\/product"}],"about":[{"href":"https:\/\/www.caputovis.nl\/kunstkaarten\/wp-json\/wp\/v2\/types\/product"}],"wp:featuredmedia":[{"embeddable":true,"href":"https:\/\/www.caputovis.nl\/kunstkaarten\/wp-json\/wp\/v2\/media\/28240"}],"wp:attachment":[{"href":"https:\/\/www.caputovis.nl\/kunstkaarten\/wp-json\/wp\/v2\/media?parent=31508"}],"wp:term":[{"taxonomy":"pwb-brand","embeddable":true,"href":"https:\/\/www.caputovis.nl\/kunstkaarten\/wp-json\/wp\/v2\/pwb-brand?post=31508"},{"taxonomy":"product_cat","embeddable":true,"href":"https:\/\/www.caputovis.nl\/kunstkaarten\/wp-json\/wp\/v2\/product_cat?post=31508"},{"taxonomy":"product_tag","embeddable":true,"href":"https:\/\/www.caputovis.nl\/kunstkaarten\/wp-json\/wp\/v2\/product_tag?post=31508"}],"curies":[{"name":"wp","href":"https:\/\/api.w.org\/{rel}","templated":true}]}}