{"id":39908,"date":"2022-08-23T10:56:41","date_gmt":"2022-08-23T08:56:41","guid":{"rendered":"https:\/\/www.caputovis.nl\/kunstkaarten\/?post_type=product&#038;p=39908"},"modified":"2026-04-09T11:28:59","modified_gmt":"2026-04-09T09:28:59","slug":"moeder-met-kind-en-druiven-141-x-92","status":"publish","type":"product","link":"https:\/\/www.caputovis.nl\/kunstkaarten\/object\/moeder-met-kind-en-druiven-141-x-92\/","title":{"rendered":"Moeder met kind en druiven"},"content":{"rendered":"<p><span style=\"color: #ff6600\">Zeven exemplaren zijn in onze collectie aanwezig waarvan \u00e9\u00e9n dubbel COL 1009.002b <sup>1<\/sup>) [COL 1009.002 (14,1 x 9,2), COL 1009.002b (13,9 x 9), 2x COL 1009.002c (14,1 x 9,2); COL 1009.002e (15 x 10,5); COL 1009.002f (13,6 x 8,9)] en \u00e9\u00e9n uitgegeven door de Belgische federatie tegen Kanker (COL 1009.002d (14,7 x 10,6 en 14,7 x 21)].<\/span><\/p>\n<p>&nbsp;<\/p>\n<p><span style=\"color: #ff6600\"><b>Beschrijving kaart COL 1009.002c<\/b><\/span><\/p>\n<p><span style=\"color: #ff6600\"><b><u>SCHOONZIJDE<\/u><\/b><\/span><\/p>\n<p><span style=\"color: #ff6600\"><b>b. + m. + o.\u00a0\u00a0\u00a0\u00a0\u00a0\u00a0\u00a0\u00a0\u00a0\u00a0\u00a0 : beeld<\/b><\/span><\/p>\n<p><span style=\"color: #ff6600\"><b>b.l.\u00a0\u00a0\u00a0\u00a0\u00a0\u00a0\u00a0\u00a0\u00a0\u00a0\u00a0\u00a0\u00a0\u00a0\u00a0\u00a0\u00a0\u00a0\u00a0\u00a0\u00a0\u00a0\u00a0\u00a0\u00a0\u00a0\u00a0 : kaartnummer<\/b><\/span><\/p>\n<p><span style=\"color: #ff6600\"><b>b.m.\u00a0\u00a0\u00a0\u00a0\u00a0\u00a0\u00a0\u00a0\u00a0\u00a0\u00a0\u00a0\u00a0\u00a0\u00a0\u00a0\u00a0\u00a0\u00a0\u00a0\u00a0\u00a0\u00a0\u00a0\u00a0 : locatie werk<\/b><b><\/b><\/span><\/p>\n<p><span style=\"color: #ff6600\"><b>o.m. \u00a0 \u00a0 \u00a0 \u00a0 \u00a0 \u00a0\u00a0\u00a0\u00a0\u00a0\u00a0\u00a0\u00a0\u00a0\u00a0\u00a0\u00a0\u00a0 : gegevens beeld<\/b><b><\/b><\/span><\/p>\n<p><span style=\"color: #ff6600\"><b><u>WEERZIJDE<\/u><\/b><\/span><\/p>\n<p><span style=\"color: #ff6600\"><b>b.m.\u00a0\u00a0\u00a0\u00a0\u00a0\u00a0\u00a0\u00a0\u00a0\u00a0\u00a0\u00a0\u00a0\u00a0\u00a0\u00a0\u00a0\u00a0\u00a0\u00a0\u00a0\u00a0\u00a0\u00a0 : Carte Postale<\/b><b><\/b><\/span><\/p>\n<p><span style=\"color: #ff6600\"><b>r.\u00a0\u00a0\u00a0\u00a0\u00a0\u00a0\u00a0\u00a0\u00a0\u00a0\u00a0\u00a0\u00a0\u00a0\u00a0\u00a0\u00a0\u00a0\u00a0\u00a0\u00a0\u00a0\u00a0\u00a0\u00a0\u00a0\u00a0\u00a0\u00a0 : adresseerruimte<\/b><\/span><\/p>\n<p><span style=\"color: #ff6600\"><b>l.\u00a0\u00a0\u00a0\u00a0\u00a0\u00a0\u00a0\u00a0\u00a0\u00a0\u00a0\u00a0\u00a0\u00a0\u00a0\u00a0\u00a0 \u00a0\u00a0\u00a0\u00a0\u00a0\u00a0\u00a0\u00a0\u00a0\u00a0\u00a0\u00a0 : tekstruimte<\/b><\/span><\/p>\n<p><span style=\"color: #ff6600\"><b>m.m.<\/b> <strong>\u00a0\u00a0\u00a0\u00a0\u00a0\u00a0\u00a0\u00a0\u00a0\u00a0\u00a0\u00a0\u00a0\u00a0\u00a0\u00a0\u00a0\u00a0\u00a0\u00a0\u00a0\u00a0 : gegevens uitgever + kaartnummer<br \/>\n<\/strong><\/span><\/p>\n<p>&nbsp;<\/p>\n<p><sup><span style=\"color: #ff6600\">1<\/span><\/sup><span style=\"color: #ff6600\">) Deze versie betreft een briefkaartexemplaar deel uitmakend van een uitgave van BRAUN\u00a0 &amp; C<sup>ie<\/sup> ,\u00c9diteurs (Parijs) in samenwerking met Mus\u00e9e du Louvre onder de titel van &#8216;Un choix de peintures &#8211; \u00e9cole Fran\u00e7aise S\u00e9rie 3. Deze serie-uitgave betreft een 24-tal werken van verschillende kunstenaars. Voor het bekijken van de de totale serie 3 zie: COL Louvre.003.<\/span><\/p>\n<p>&nbsp;<\/p>\n<p><strong><span style=\"color: #ff6600\">Beschrijving kaart COL 1019.002b<\/span><\/strong><\/p>\n<p><strong><u><span style=\"color: #ff6600\">SCHOONZIJDE<\/span><\/u><\/strong><\/p>\n<p><strong><span style=\"color: #ff6600\">l.+ m. + o.\u00a0\u00a0\u00a0\u00a0\u00a0\u00a0\u00a0\u00a0\u00a0\u00a0\u00a0 : beeld<\/span><\/strong><\/p>\n<p><strong><span style=\"color: #ff6600\">b.m.\u00a0\u00a0\u00a0\u00a0\u00a0\u00a0\u00a0\u00a0\u00a0\u00a0\u00a0\u00a0\u00a0\u00a0\u00a0\u00a0\u00a0\u00a0\u00a0\u00a0\u00a0\u00a0\u00a0 : locatie werk<\/span><\/strong><\/p>\n<p><strong><span style=\"color: #ff6600\">o.m. \u00a0 \u00a0 \u00a0 \u00a0 \u00a0 \u00a0\u00a0\u00a0\u00a0\u00a0\u00a0\u00a0\u00a0\u00a0\u00a0\u00a0\u00a0\u00a0 : gegevens beeld<\/span><\/strong><\/p>\n<p><strong><u><span style=\"color: #ff6600\">WEERZIJDE<\/span><\/u><\/strong><\/p>\n<p><strong><span style=\"color: #ff6600\">b.m.\u00a0\u00a0\u00a0\u00a0\u00a0\u00a0\u00a0\u00a0\u00a0\u00a0\u00a0\u00a0\u00a0\u00a0\u00a0\u00a0\u00a0\u00a0\u00a0\u00a0\u00a0\u00a0\u00a0\u00a0 : Carte Postale<\/span><\/strong><\/p>\n<p><strong><span style=\"color: #ff6600\">l.\u00a0\u00a0\u00a0\u00a0\u00a0\u00a0\u00a0\u00a0\u00a0\u00a0\u00a0\u00a0\u00a0\u00a0\u00a0\u00a0\u00a0\u00a0\u00a0\u00a0\u00a0\u00a0\u00a0\u00a0\u00a0\u00a0\u00a0\u00a0\u00a0\u00a0\u00a0 : adresseerruimte<\/span><\/strong><\/p>\n<p><strong><span style=\"color: #ff6600\">r.\u00a0 \u00a0 \u00a0 \u00a0 \u00a0 \u00a0 \u00a0 \u00a0 \u00a0\u00a0 \u00a0\u00a0\u00a0\u00a0\u00a0\u00a0\u00a0\u00a0\u00a0\u00a0\u00a0 : tekstruimte<\/span><\/strong><\/p>\n<p><strong><span style=\"color: #ff6600\">m.m.\u00a0\u00a0\u00a0\u00a0\u00a0\u00a0\u00a0\u00a0\u00a0\u00a0\u00a0\u00a0\u00a0\u00a0\u00a0\u00a0\u00a0\u00a0\u00a0\u00a0\u00a0\u00a0\u00a0 : gegevens uitgever + kaartnummer<\/span><\/strong><\/p>\n<p>&nbsp;<\/p>\n<p><strong><span style=\"color: #ff6600\">Beschrijving kaart COL 1009.002g<\/span><\/strong><\/p>\n<p><strong><u><span style=\"color: #ff6600\">SCHOONZIJDE<\/span><\/u><\/strong><\/p>\n<p><strong><span style=\"color: #ff6600\">b.m. + o.m.\u00a0 \u00a0 \u00a0 \u00a0 \u00a0 \u00a0 \u00a0 \u00a0 \u00a0 \u00a0 \u00a0 \u00a0 \u00a0 : gegevens beeld<\/span><\/strong><\/p>\n<p><strong><span style=\"color: #ff6600\">b. + m.\u00a0 \u00a0 \u00a0 \u00a0 \u00a0 \u00a0 \u00a0 \u00a0 \u00a0 \u00a0 \u00a0 \u00a0 \u00a0 \u00a0 \u00a0 \u00a0 \u00a0 : beeld<\/span><\/strong><\/p>\n<p><strong><u><span style=\"color: #ff6600\">WEERZIJDE<\/span><\/u><\/strong><\/p>\n<p><strong><span style=\"color: #ff6600\">b.l. + b.m.\u00a0 \u00a0 \u00a0 \u00a0 \u00a0 \u00a0 \u00a0\u00a0\u00a0 \u00a0 \u00a0 \u00a0 \u00a0 \u00a0 \u00a0 \u00a0: Carte Postale<\/span><\/strong><\/p>\n<p><strong><span style=\"color: #ff6600\">r.\u00a0 \u00a0 \u00a0 \u00a0 \u00a0 \u00a0 \u00a0 \u00a0 \u00a0 \u00a0 \u00a0 \u00a0 \u00a0 \u00a0 \u00a0 \u00a0 \u00a0 \u00a0 \u00a0 \u00a0 \u00a0 \u00a0 \u00a0: adresseerruimte<\/span><\/strong><\/p>\n<p><strong><span style=\"color: #ff6600\">l.\u00a0 \u00a0 \u00a0 \u00a0 \u00a0 \u00a0 \u00a0 \u00a0 \u00a0 \u00a0 \u00a0 \u00a0 \u00a0 \u00a0 \u00a0 \u00a0 \u00a0 \u00a0 \u00a0 \u00a0 \u00a0 \u00a0 \u00a0 : tekstruimte<\/span><\/strong><\/p>\n","protected":false},"excerpt":{"rendered":"<p>Zeven exemplaren zijn in onze collectie aanwezig waarvan \u00e9\u00e9n dubbel COL 1009.002b 1) [COL 1009.002 (14,1 x 9,2), COL 1009.002b (13,9 x 9), 2x COL 1009.002c (14,1 x 9,2); COL 1009.002e (15 x 10,5); COL 1009.002f (13,6 x 8,9)] en \u00e9\u00e9n uitgegeven door de Belgische federatie tegen Kanker (COL 1009.002d (14,7 x 10,6 en 14,7&hellip;&nbsp;<a href=\"https:\/\/www.caputovis.nl\/kunstkaarten\/object\/moeder-met-kind-en-druiven-141-x-92\/\" class=\"\" rel=\"bookmark\">Lees verder &raquo;<span class=\"screen-reader-text\">Moeder met kind en druiven<\/span><\/a><\/p>\n","protected":false},"featured_media":39916,"template":"","meta":{"_lmt_disableupdate":"no","_lmt_disable":"no","neve_meta_sidebar":"","neve_meta_container":"","neve_meta_enable_content_width":"off","neve_meta_content_width":70,"neve_meta_title_alignment":"","neve_meta_author_avatar":"","neve_post_elements_order":"","neve_meta_disable_header":"","neve_meta_disable_footer":"","neve_meta_disable_title":"","_ti_tpc_template_sync":false,"_ti_tpc_template_id":""},"pwb-brand":[1365],"product_cat":[3920,12388,8909],"product_tag":[8744,8788],"brands":[{"id":1365,"name":"Mignard, Pierre","slug":"mignard-pierre"}],"_links":{"self":[{"href":"https:\/\/www.caputovis.nl\/kunstkaarten\/wp-json\/wp\/v2\/product\/39908"}],"collection":[{"href":"https:\/\/www.caputovis.nl\/kunstkaarten\/wp-json\/wp\/v2\/product"}],"about":[{"href":"https:\/\/www.caputovis.nl\/kunstkaarten\/wp-json\/wp\/v2\/types\/product"}],"wp:featuredmedia":[{"embeddable":true,"href":"https:\/\/www.caputovis.nl\/kunstkaarten\/wp-json\/wp\/v2\/media\/39916"}],"wp:attachment":[{"href":"https:\/\/www.caputovis.nl\/kunstkaarten\/wp-json\/wp\/v2\/media?parent=39908"}],"wp:term":[{"taxonomy":"pwb-brand","embeddable":true,"href":"https:\/\/www.caputovis.nl\/kunstkaarten\/wp-json\/wp\/v2\/pwb-brand?post=39908"},{"taxonomy":"product_cat","embeddable":true,"href":"https:\/\/www.caputovis.nl\/kunstkaarten\/wp-json\/wp\/v2\/product_cat?post=39908"},{"taxonomy":"product_tag","embeddable":true,"href":"https:\/\/www.caputovis.nl\/kunstkaarten\/wp-json\/wp\/v2\/product_tag?post=39908"}],"curies":[{"name":"wp","href":"https:\/\/api.w.org\/{rel}","templated":true}]}}