{"id":40812,"date":"2022-09-04T17:34:07","date_gmt":"2022-09-04T15:34:07","guid":{"rendered":"https:\/\/www.caputovis.nl\/kunstkaarten\/?post_type=product&#038;p=40812"},"modified":"2025-07-30T11:26:43","modified_gmt":"2025-07-30T09:26:43","slug":"arcadische-herders","status":"publish","type":"product","link":"https:\/\/www.caputovis.nl\/kunstkaarten\/object\/arcadische-herders\/","title":{"rendered":"Arcadische herders"},"content":{"rendered":"<p><span style=\"color: #ff6600\">Arcadi\u00eb of Arcadia is een utopisch land vol bloemen, fruit en bossen, helder water, vogelzang en een eeuwige zomer. Al in de klassieke oudheid maakten deze elementen deel uit van een ideaal landschap dat er ooit geweest zou zijn in een verloren Gouden Tijd aan het begin van de geschiedenis van de mensheid. De naam komt van de gelijknamige Griekse streek op de Peloponnesos.<\/span><\/p>\n<p><span style=\"color: #ff6600\">Met name door toedoen van de Romeinse dichter Vergilius heeft de literaire stilering van dit arcadische of pastorale landschap een aanzienlijke rol gespeeld in de latere letterkunde, en is sterk opgeleefd met de herontdekking van klassieke auteurs in de renaissance. De joods-christelijke tegenhanger van het Grieks-Romeinse Arcadia is de Bijbelse Tuin van Eden ofwel paradijs.<\/span><\/p>\n<p><span style=\"color: #ff6600\">Van dit werk bevinden zich drie ansicht- \/ briefkaartvarianten in de collectie waarvan \u00e9\u00e9n uit de S\u00e9rie &#8216;Un choix de Peintures&#8217; van het Mus\u00e9e du Louvre (COL 1383.002c) <sup>1<\/sup>), \u00e9\u00e9n als materiekaart (COL 1383.001) en \u00e9\u00e9n van uitgever Armand Noyer (in drievoud) .<\/span><\/p>\n<p><span style=\"color: #ff6600\"><strong>Beschrijving kaart COL 1383.001<\/strong><\/span><\/p>\n<p><span style=\"color: #ff6600\"><strong><u>SCHOONZIJDE<\/u><\/strong><\/span><\/p>\n<p><span style=\"color: #ff6600\"><strong> b.+ m. + o.\u00a0\u00a0\u00a0\u00a0\u00a0\u00a0\u00a0\u00a0\u00a0\u00a0\u00a0 : beeld<\/strong><\/span><\/p>\n<p><span style=\"color: #ff6600\"><strong>r.m.\u00a0\u00a0\u00a0\u00a0\u00a0\u00a0\u00a0\u00a0\u00a0\u00a0\u00a0\u00a0\u00a0\u00a0\u00a0\u00a0\u00a0\u00a0\u00a0\u00a0\u00a0\u00a0\u00a0\u00a0 : locatie werk + <\/strong><strong>gegevens beeld<\/strong><\/span><\/p>\n<p><span style=\"color: #ff6600\"><strong>r.o.\u00a0\u00a0\u00a0\u00a0\u00a0\u00a0\u00a0\u00a0\u00a0\u00a0\u00a0\u00a0\u00a0\u00a0\u00a0\u00a0\u00a0\u00a0\u00a0\u00a0\u00a0\u00a0\u00a0\u00a0\u00a0\u00a0 : kaartnummer<\/strong><\/span><\/p>\n<p><span style=\"color: #ff6600\"><strong><u>WEERZIJDE<\/u><\/strong><\/span><\/p>\n<p><span style=\"color: #ff6600\"><strong>b.m.\u00a0\u00a0\u00a0\u00a0\u00a0\u00a0\u00a0\u00a0\u00a0\u00a0\u00a0\u00a0\u00a0\u00a0\u00a0\u00a0\u00a0\u00a0\u00a0\u00a0\u00a0\u00a0\u00a0\u00a0 : Carte Postale<br \/>\n<\/strong><\/span><\/p>\n<p><span style=\"color: #ff6600\"><strong>b.l.\u00a0\u00a0\u00a0\u00a0\u00a0\u00a0\u00a0\u00a0\u00a0\u00a0\u00a0\u00a0\u00a0\u00a0\u00a0\u00a0\u00a0\u00a0\u00a0\u00a0\u00a0\u00a0\u00a0\u00a0\u00a0\u00a0 : deels frankering + poststempel<\/strong><\/span><\/p>\n<p><span style=\"color: #ff6600\"><strong> r.\u00a0\u00a0\u00a0\u00a0\u00a0\u00a0\u00a0\u00a0\u00a0\u00a0\u00a0\u00a0\u00a0\u00a0\u00a0\u00a0\u00a0\u00a0\u00a0\u00a0\u00a0\u00a0\u00a0\u00a0\u00a0\u00a0\u00a0\u00a0\u00a0 : adresseerruimte<\/strong><\/span><\/p>\n<p><span style=\"color: #ff6600\"><strong>l. \u00a0 \u00a0 \u00a0 \u00a0 \u00a0 \u00a0 \u00a0 \u00a0 \u00a0 \u00a0\u00a0\u00a0\u00a0\u00a0\u00a0\u00a0\u00a0\u00a0\u00a0\u00a0 : tekstruimte<\/strong><\/span><\/p>\n<p><span style=\"color: #ff6600\"><strong>postdatum: onleesbaar<\/strong><\/span><\/p>\n<p><span style=\"color: #ff6600\"><strong>\u00a0<\/strong><\/span><\/p>\n<p><span style=\"color: #ff6600\"><strong>\u00a0<\/strong><\/span><\/p>\n<p><span style=\"color: #ff6600\"><sup>1<\/sup>) Deze versie betreft een briefkaartexemplaar deel uitmakend van een uitgave van BRAUN\u00a0 &amp; C<sup>ie<\/sup> ,\u00c9diteurs (Parijs) in samenwerking met Mus\u00e9e du Louvre onder de titel van &#8216;Un choix de peintures &#8211; \u00e9cole Fran\u00e7aise S\u00e9rie 3. Deze serie-uitgave betreft een 24-tal werken van verschillende kunstenaars. Voor het bekijken van de de totale serie 3 zie: COL Louvre.003.<\/span><\/p>\n<p>&nbsp;<\/p>\n<p><span style=\"color: #ff6600\"><strong>Beschrijving kaart COL 2029.001c<\/strong><\/span><\/p>\n<p><span style=\"color: #ff6600\"><strong><u>SCHOONZIJDE<\/u><\/strong><\/span><\/p>\n<p><span style=\"color: #ff6600\"><strong>b.+ m. + o.\u00a0\u00a0\u00a0\u00a0\u00a0\u00a0\u00a0\u00a0\u00a0\u00a0\u00a0 : beeld<\/strong><\/span><\/p>\n<p><span style=\"color: #ff6600\"><strong>b.m.\u00a0\u00a0\u00a0\u00a0\u00a0\u00a0\u00a0\u00a0\u00a0\u00a0\u00a0\u00a0\u00a0\u00a0\u00a0\u00a0\u00a0\u00a0\u00a0\u00a0\u00a0\u00a0\u00a0\u00a0 : locatie werk<\/strong><\/span><\/p>\n<p><span style=\"color: #ff6600\"><strong>o.m. \u00a0 \u00a0 \u00a0 \u00a0 \u00a0 \u00a0\u00a0\u00a0\u00a0\u00a0\u00a0\u00a0\u00a0\u00a0\u00a0\u00a0\u00a0\u00a0 : gegevens beeld<\/strong><\/span><\/p>\n<p><span style=\"color: #ff6600\"><strong><u>WEERZIJDE<\/u><\/strong><\/span><\/p>\n<p><span style=\"color: #ff6600\"><strong>b.m.\u00a0\u00a0\u00a0\u00a0\u00a0\u00a0\u00a0\u00a0\u00a0\u00a0\u00a0\u00a0\u00a0\u00a0\u00a0\u00a0\u00a0\u00a0\u00a0\u00a0\u00a0\u00a0\u00a0\u00a0 : Carte Postale<\/strong><\/span><\/p>\n<p><span style=\"color: #ff6600\"><strong> r\u00a0\u00a0\u00a0\u00a0\u00a0\u00a0\u00a0\u00a0\u00a0\u00a0\u00a0\u00a0\u00a0\u00a0\u00a0\u00a0\u00a0\u00a0\u00a0\u00a0\u00a0\u00a0\u00a0\u00a0\u00a0\u00a0\u00a0\u00a0\u00a0\u00a0\u00a0 : adresseerruimte<\/strong><\/span><\/p>\n<p><span style=\"color: #ff6600\"><strong>l. \u00a0 \u00a0 \u00a0 \u00a0 \u00a0 \u00a0 \u00a0 \u00a0 \u00a0\u00a0 \u00a0\u00a0\u00a0\u00a0\u00a0\u00a0\u00a0\u00a0\u00a0\u00a0\u00a0 : tekstruimte<\/strong><\/span><\/p>\n<p><span style=\"color: #ff6600\"><strong>m.m.\u00a0\u00a0\u00a0\u00a0\u00a0\u00a0\u00a0\u00a0\u00a0\u00a0\u00a0\u00a0\u00a0\u00a0\u00a0\u00a0\u00a0\u00a0\u00a0\u00a0\u00a0\u00a0\u00a0 : gegevens uitgever + kaartnummer<\/strong><\/span><\/p>\n<p>&nbsp;<\/p>\n","protected":false},"excerpt":{"rendered":"<p>Arcadi\u00eb of Arcadia is een utopisch land vol bloemen, fruit en bossen, helder water, vogelzang en een eeuwige zomer. Al in de klassieke oudheid maakten deze elementen deel uit van een ideaal landschap dat er ooit geweest zou zijn in een verloren Gouden Tijd aan het begin van de geschiedenis van de mensheid. De naam&hellip;&nbsp;<a href=\"https:\/\/www.caputovis.nl\/kunstkaarten\/object\/arcadische-herders\/\" class=\"\" rel=\"bookmark\">Lees verder &raquo;<span class=\"screen-reader-text\">Arcadische herders<\/span><\/a><\/p>\n","protected":false},"featured_media":40813,"template":"","meta":{"_lmt_disableupdate":"no","_lmt_disable":"no","neve_meta_sidebar":"","neve_meta_container":"","neve_meta_enable_content_width":"off","neve_meta_content_width":70,"neve_meta_title_alignment":"","neve_meta_author_avatar":"","neve_post_elements_order":"","neve_meta_disable_header":"","neve_meta_disable_footer":"","neve_meta_disable_title":"","_ti_tpc_template_sync":false,"_ti_tpc_template_id":""},"pwb-brand":[1542],"product_cat":[8910,7751,3957,7678,3920,7793],"product_tag":[8744,8788],"brands":[{"id":1542,"name":"Poussin, Nicolas","slug":"poussin-nicolas"}],"_links":{"self":[{"href":"https:\/\/www.caputovis.nl\/kunstkaarten\/wp-json\/wp\/v2\/product\/40812"}],"collection":[{"href":"https:\/\/www.caputovis.nl\/kunstkaarten\/wp-json\/wp\/v2\/product"}],"about":[{"href":"https:\/\/www.caputovis.nl\/kunstkaarten\/wp-json\/wp\/v2\/types\/product"}],"wp:featuredmedia":[{"embeddable":true,"href":"https:\/\/www.caputovis.nl\/kunstkaarten\/wp-json\/wp\/v2\/media\/40813"}],"wp:attachment":[{"href":"https:\/\/www.caputovis.nl\/kunstkaarten\/wp-json\/wp\/v2\/media?parent=40812"}],"wp:term":[{"taxonomy":"pwb-brand","embeddable":true,"href":"https:\/\/www.caputovis.nl\/kunstkaarten\/wp-json\/wp\/v2\/pwb-brand?post=40812"},{"taxonomy":"product_cat","embeddable":true,"href":"https:\/\/www.caputovis.nl\/kunstkaarten\/wp-json\/wp\/v2\/product_cat?post=40812"},{"taxonomy":"product_tag","embeddable":true,"href":"https:\/\/www.caputovis.nl\/kunstkaarten\/wp-json\/wp\/v2\/product_tag?post=40812"}],"curies":[{"name":"wp","href":"https:\/\/api.w.org\/{rel}","templated":true}]}}