{"id":44234,"date":"2022-11-24T14:22:34","date_gmt":"2022-11-24T13:22:34","guid":{"rendered":"https:\/\/www.caputovis.nl\/kunstkaarten\/?post_type=product&#038;p=44234"},"modified":"2022-11-28T16:54:12","modified_gmt":"2022-11-28T15:54:12","slug":"nicolas-boileau","status":"publish","type":"product","link":"https:\/\/www.caputovis.nl\/kunstkaarten\/object\/nicolas-boileau\/","title":{"rendered":"Fran\u00e7ois Nicolas Boileau-Despr\u00e9aux"},"content":{"rendered":"<p>Nicolas Boileau, eigenlijk Nicolas Boileau-Despr\u00e9aux (1-11-1636 \u2013 13-3-1711), was de vijftiende zoon van een griffier aan het Parlement van Parijs. Zijn twee bekendste broers zijn Gilles en Jacques Boileau. Nicolas is vooral bekend geworden als dichter, schrijver, criticus en vanwege zijn leidersrol in een groot literair dispuut tussen twee tegengestelde stromingen aan het eind van de 17<sup>e<\/sup> eeuw, dat bekend is geworden als strijd tussen de klassieken en de modernen.<\/p>\n","protected":false},"excerpt":{"rendered":"<p>Nicolas Boileau, eigenlijk Nicolas Boileau-Despr\u00e9aux (1-11-1636 \u2013 13-3-1711), was de vijftiende zoon van een griffier aan het Parlement van Parijs. Zijn twee bekendste broers zijn Gilles en Jacques Boileau. Nicolas is vooral bekend geworden als dichter, schrijver, criticus en vanwege zijn leidersrol in een groot literair dispuut tussen twee tegengestelde stromingen aan het eind van&hellip;&nbsp;<a href=\"https:\/\/www.caputovis.nl\/kunstkaarten\/object\/nicolas-boileau\/\" class=\"\" rel=\"bookmark\">Lees verder &raquo;<span class=\"screen-reader-text\">Fran\u00e7ois Nicolas Boileau-Despr\u00e9aux<\/span><\/a><\/p>\n","protected":false},"featured_media":44453,"template":"","meta":{"_lmt_disableupdate":"no","_lmt_disable":"no","neve_meta_sidebar":"","neve_meta_container":"","neve_meta_enable_content_width":"off","neve_meta_content_width":70,"neve_meta_title_alignment":"","neve_meta_author_avatar":"","neve_post_elements_order":"","neve_meta_disable_header":"","neve_meta_disable_footer":"","neve_meta_disable_title":"","_ti_tpc_template_sync":false,"_ti_tpc_template_id":""},"pwb-brand":[1457],"product_cat":[3947,3920],"product_tag":[8797,8796],"brands":[{"id":1457,"name":"onbekend \/ monogram \/ acroniem","slug":"onbekend-monogram-acroniem"}],"_links":{"self":[{"href":"https:\/\/www.caputovis.nl\/kunstkaarten\/wp-json\/wp\/v2\/product\/44234"}],"collection":[{"href":"https:\/\/www.caputovis.nl\/kunstkaarten\/wp-json\/wp\/v2\/product"}],"about":[{"href":"https:\/\/www.caputovis.nl\/kunstkaarten\/wp-json\/wp\/v2\/types\/product"}],"wp:featuredmedia":[{"embeddable":true,"href":"https:\/\/www.caputovis.nl\/kunstkaarten\/wp-json\/wp\/v2\/media\/44453"}],"wp:attachment":[{"href":"https:\/\/www.caputovis.nl\/kunstkaarten\/wp-json\/wp\/v2\/media?parent=44234"}],"wp:term":[{"taxonomy":"pwb-brand","embeddable":true,"href":"https:\/\/www.caputovis.nl\/kunstkaarten\/wp-json\/wp\/v2\/pwb-brand?post=44234"},{"taxonomy":"product_cat","embeddable":true,"href":"https:\/\/www.caputovis.nl\/kunstkaarten\/wp-json\/wp\/v2\/product_cat?post=44234"},{"taxonomy":"product_tag","embeddable":true,"href":"https:\/\/www.caputovis.nl\/kunstkaarten\/wp-json\/wp\/v2\/product_tag?post=44234"}],"curies":[{"name":"wp","href":"https:\/\/api.w.org\/{rel}","templated":true}]}}