{"id":47803,"date":"2023-02-03T11:49:44","date_gmt":"2023-02-03T10:49:44","guid":{"rendered":"https:\/\/www.caputovis.nl\/kunstkaarten\/?post_type=product&#038;p=47803"},"modified":"2023-11-19T09:42:29","modified_gmt":"2023-11-19T08:42:29","slug":"francis-viele-griffin","status":"publish","type":"product","link":"https:\/\/www.caputovis.nl\/kunstkaarten\/object\/francis-viele-griffin\/","title":{"rendered":"Francis Viel\u00e9-Griffin"},"content":{"rendered":"<p><span style=\"color: #ff6600\">Francis Viel\u00e9-Griffin (= Egbert Ludovicus Vi\u00e9l\u00e9) was een Franse symbolistische dichter. Hij werd geboren in Norfolk, Virginia , VS en was een zoon van generaal Egbert Ludovicus Viele. Hij verhuisde in 1872 met zijn moeder (de voormalige Teresa Griffin) naar Frankrijk.<\/span><\/p>\n","protected":false},"excerpt":{"rendered":"<p>Francis Viel\u00e9-Griffin (= Egbert Ludovicus Vi\u00e9l\u00e9) was een Franse symbolistische dichter. Hij werd geboren in Norfolk, Virginia , VS en was een zoon van generaal Egbert Ludovicus Viele. Hij verhuisde in 1872 met zijn moeder (de voormalige Teresa Griffin) naar Frankrijk.<\/p>\n","protected":false},"featured_media":47804,"template":"","meta":{"_lmt_disableupdate":"no","_lmt_disable":"no","neve_meta_sidebar":"","neve_meta_container":"","neve_meta_enable_content_width":"off","neve_meta_content_width":70,"neve_meta_title_alignment":"","neve_meta_author_avatar":"","neve_post_elements_order":"","neve_meta_disable_header":"","neve_meta_disable_footer":"","neve_meta_disable_title":"","_ti_tpc_template_sync":false,"_ti_tpc_template_id":""},"pwb-brand":[1457],"product_cat":[12579,3947],"product_tag":[8797,8796],"brands":[{"id":1457,"name":"onbekend \/ monogram \/ acroniem","slug":"onbekend-monogram-acroniem"}],"_links":{"self":[{"href":"https:\/\/www.caputovis.nl\/kunstkaarten\/wp-json\/wp\/v2\/product\/47803"}],"collection":[{"href":"https:\/\/www.caputovis.nl\/kunstkaarten\/wp-json\/wp\/v2\/product"}],"about":[{"href":"https:\/\/www.caputovis.nl\/kunstkaarten\/wp-json\/wp\/v2\/types\/product"}],"wp:featuredmedia":[{"embeddable":true,"href":"https:\/\/www.caputovis.nl\/kunstkaarten\/wp-json\/wp\/v2\/media\/47804"}],"wp:attachment":[{"href":"https:\/\/www.caputovis.nl\/kunstkaarten\/wp-json\/wp\/v2\/media?parent=47803"}],"wp:term":[{"taxonomy":"pwb-brand","embeddable":true,"href":"https:\/\/www.caputovis.nl\/kunstkaarten\/wp-json\/wp\/v2\/pwb-brand?post=47803"},{"taxonomy":"product_cat","embeddable":true,"href":"https:\/\/www.caputovis.nl\/kunstkaarten\/wp-json\/wp\/v2\/product_cat?post=47803"},{"taxonomy":"product_tag","embeddable":true,"href":"https:\/\/www.caputovis.nl\/kunstkaarten\/wp-json\/wp\/v2\/product_tag?post=47803"}],"curies":[{"name":"wp","href":"https:\/\/api.w.org\/{rel}","templated":true}]}}