{"id":51518,"date":"2023-04-21T15:03:35","date_gmt":"2023-04-21T13:03:35","guid":{"rendered":"https:\/\/www.caputovis.nl\/kunstkaarten\/?post_type=product&#038;p=51518"},"modified":"2023-04-21T15:03:35","modified_gmt":"2023-04-21T13:03:35","slug":"51518","status":"publish","type":"product","link":"https:\/\/www.caputovis.nl\/kunstkaarten\/object\/51518\/","title":{"rendered":""},"content":{"rendered":"<p><span style=\"color: #ff9900\">Jean Baptiste Racine (La Fert\u00e9-Milon, 21 december 1639 \u2013 Parijs, 21 april 1699) was een Frans toneelschrijver, een van de &#8220;grote drie&#8221; van het Franse classicistisch theater van de zeventiende eeuw (samen met Moli\u00e8re en Corneille). Racine schreef voornamelijk tragedies, maar ook \u00e9\u00e9n komedie (Les Plaideurs). Hij geldt als de belangrijkste Franse tragedieschrijver <\/span><\/p>\n","protected":false},"excerpt":{"rendered":"<p>Jean Baptiste Racine (La Fert\u00e9-Milon, 21 december 1639 \u2013 Parijs, 21 april 1699) was een Frans toneelschrijver, een van de &#8220;grote drie&#8221; van het Franse classicistisch theater van de zeventiende eeuw (samen met Moli\u00e8re en Corneille). Racine schreef voornamelijk tragedies, maar ook \u00e9\u00e9n komedie (Les Plaideurs). Hij geldt als de belangrijkste Franse tragedieschrijver<\/p>\n","protected":false},"featured_media":51519,"template":"","meta":{"_lmt_disableupdate":"","_lmt_disable":"no","neve_meta_sidebar":"","neve_meta_container":"","neve_meta_enable_content_width":"off","neve_meta_content_width":70,"neve_meta_title_alignment":"","neve_meta_author_avatar":"","neve_post_elements_order":"","neve_meta_disable_header":"","neve_meta_disable_footer":"","neve_meta_disable_title":"","_ti_tpc_template_sync":false,"_ti_tpc_template_id":""},"pwb-brand":[1457],"product_cat":[3947,3920,7793],"product_tag":[8797,8796],"brands":[{"id":1457,"name":"onbekend \/ monogram \/ acroniem","slug":"onbekend-monogram-acroniem"}],"_links":{"self":[{"href":"https:\/\/www.caputovis.nl\/kunstkaarten\/wp-json\/wp\/v2\/product\/51518"}],"collection":[{"href":"https:\/\/www.caputovis.nl\/kunstkaarten\/wp-json\/wp\/v2\/product"}],"about":[{"href":"https:\/\/www.caputovis.nl\/kunstkaarten\/wp-json\/wp\/v2\/types\/product"}],"wp:featuredmedia":[{"embeddable":true,"href":"https:\/\/www.caputovis.nl\/kunstkaarten\/wp-json\/wp\/v2\/media\/51519"}],"wp:attachment":[{"href":"https:\/\/www.caputovis.nl\/kunstkaarten\/wp-json\/wp\/v2\/media?parent=51518"}],"wp:term":[{"taxonomy":"pwb-brand","embeddable":true,"href":"https:\/\/www.caputovis.nl\/kunstkaarten\/wp-json\/wp\/v2\/pwb-brand?post=51518"},{"taxonomy":"product_cat","embeddable":true,"href":"https:\/\/www.caputovis.nl\/kunstkaarten\/wp-json\/wp\/v2\/product_cat?post=51518"},{"taxonomy":"product_tag","embeddable":true,"href":"https:\/\/www.caputovis.nl\/kunstkaarten\/wp-json\/wp\/v2\/product_tag?post=51518"}],"curies":[{"name":"wp","href":"https:\/\/api.w.org\/{rel}","templated":true}]}}