{"id":51982,"date":"2023-05-01T15:26:42","date_gmt":"2023-05-01T13:26:42","guid":{"rendered":"https:\/\/www.caputovis.nl\/kunstkaarten\/?post_type=product&#038;p=51982"},"modified":"2023-05-01T15:34:51","modified_gmt":"2023-05-01T13:34:51","slug":"de-barmhartige-samaritaan-2","status":"publish","type":"product","link":"https:\/\/www.caputovis.nl\/kunstkaarten\/object\/de-barmhartige-samaritaan-2\/","title":{"rendered":"De barmhartige Samaritaan"},"content":{"rendered":"<p><span style=\"color: #ff6600\">De Samaritanen zijn een etno-religieuze gemeenschap. Een deel van hen woont (nog) in het oorspronkelijke gebied op de Westelijke Jordaanoever van Palestina in Kiryat Luza bij Nablus. Na de stichting van de staat Isra\u00ebl 1948 scheidde een groep zich af en ging wonen in Holon bij Tel Aviv in Isra\u00ebl. Samaritanen leefden al rond 800 v.Chr. in het Isra\u00ebl van toen, dat nu deels Palestina wordt genoemd, in de landstreek Samaria, waaraan ze hun naam ontlenen. Zij noemen zichzelf Shomeriem (behoeders van de Thora).<\/span><\/p>\n","protected":false},"excerpt":{"rendered":"<p>De Samaritanen zijn een etno-religieuze gemeenschap. Een deel van hen woont (nog) in het oorspronkelijke gebied op de Westelijke Jordaanoever van Palestina in Kiryat Luza bij Nablus. Na de stichting van de staat Isra\u00ebl 1948 scheidde een groep zich af en ging wonen in Holon bij Tel Aviv in Isra\u00ebl. Samaritanen leefden al rond 800&hellip;&nbsp;<a href=\"https:\/\/www.caputovis.nl\/kunstkaarten\/object\/de-barmhartige-samaritaan-2\/\" class=\"\" rel=\"bookmark\">Lees verder &raquo;<span class=\"screen-reader-text\">De barmhartige Samaritaan<\/span><\/a><\/p>\n","protected":false},"featured_media":51983,"template":"","meta":{"_lmt_disableupdate":"no","_lmt_disable":"no","neve_meta_sidebar":"","neve_meta_container":"","neve_meta_enable_content_width":"off","neve_meta_content_width":70,"neve_meta_title_alignment":"","neve_meta_author_avatar":"","neve_post_elements_order":"","neve_meta_disable_header":"","neve_meta_disable_footer":"","neve_meta_disable_title":"","_ti_tpc_template_sync":false,"_ti_tpc_template_id":""},"pwb-brand":[14592],"product_cat":[7678,3920,3916,3981],"product_tag":[8744,8826],"brands":[{"id":14592,"name":"Bles, Herri","slug":"bles-herri"}],"_links":{"self":[{"href":"https:\/\/www.caputovis.nl\/kunstkaarten\/wp-json\/wp\/v2\/product\/51982"}],"collection":[{"href":"https:\/\/www.caputovis.nl\/kunstkaarten\/wp-json\/wp\/v2\/product"}],"about":[{"href":"https:\/\/www.caputovis.nl\/kunstkaarten\/wp-json\/wp\/v2\/types\/product"}],"wp:featuredmedia":[{"embeddable":true,"href":"https:\/\/www.caputovis.nl\/kunstkaarten\/wp-json\/wp\/v2\/media\/51983"}],"wp:attachment":[{"href":"https:\/\/www.caputovis.nl\/kunstkaarten\/wp-json\/wp\/v2\/media?parent=51982"}],"wp:term":[{"taxonomy":"pwb-brand","embeddable":true,"href":"https:\/\/www.caputovis.nl\/kunstkaarten\/wp-json\/wp\/v2\/pwb-brand?post=51982"},{"taxonomy":"product_cat","embeddable":true,"href":"https:\/\/www.caputovis.nl\/kunstkaarten\/wp-json\/wp\/v2\/product_cat?post=51982"},{"taxonomy":"product_tag","embeddable":true,"href":"https:\/\/www.caputovis.nl\/kunstkaarten\/wp-json\/wp\/v2\/product_tag?post=51982"}],"curies":[{"name":"wp","href":"https:\/\/api.w.org\/{rel}","templated":true}]}}