{"id":54613,"date":"2023-07-08T11:55:09","date_gmt":"2023-07-08T09:55:09","guid":{"rendered":"https:\/\/www.caputovis.nl\/kunstkaarten\/?post_type=product&#038;p=54613"},"modified":"2023-07-08T11:55:09","modified_gmt":"2023-07-08T09:55:09","slug":"herder-en-in-met-schapen-en-koeien","status":"publish","type":"product","link":"https:\/\/www.caputovis.nl\/kunstkaarten\/object\/herder-en-in-met-schapen-en-koeien\/","title":{"rendered":"Herder en -in met schapen en koeien"},"content":{"rendered":"<p><span style=\"color: #ff6600\">Deze kaart werd uitgegeven t.b.v. Hilfsverein f\u00fcr langen Kranke in den \u00d6sterr. K\u00f6nigreichen &amp; L\u00e4ndern.<\/span><\/p>\n<p>&nbsp;<\/p>\n<p><strong><span style=\"color: #ff6600\">Beschrijving kaart COL 054.020<\/span><\/strong><\/p>\n<p><strong><span style=\"color: #ff6600\">Schoonzijde<\/span><\/strong><\/p>\n<p><strong><span style=\"color: #ff6600\">l. + m. \u00a0 \u00a0 \u00a0 \u00a0 \u00a0 \u00a0 \u00a0 \u00a0\u00a0\u00a0 : beeld<\/span><\/strong><\/p>\n<p><strong><span style=\"color: #ff6600\">o. l.\u00a0\u00a0\u00a0\u00a0\u00a0\u00a0\u00a0\u00a0\u00a0\u00a0\u00a0\u00a0\u00a0\u00a0\u00a0\u00a0\u00a0\u00a0\u00a0\u00a0\u00a0\u00a0\u00a0 : gegevens beeld<\/span><\/strong><br \/>\n<strong><span style=\"color: #ff6600\">o.r.\u00a0\u00a0\u00a0 \u00a0 \u00a0 \u00a0 \u00a0 \u00a0\u00a0\u00a0\u00a0\u00a0\u00a0\u00a0\u00a0\u00a0\u00a0\u00a0 : kaartnummer<\/span><\/strong><br \/>\n<strong><span style=\"color: #ff6600\">o.m. \u00a0 \u00a0 \u00a0 \u00a0\u00a0\u00a0\u00a0\u00a0\u00a0\u00a0\u00a0\u00a0\u00a0\u00a0\u00a0\u00a0\u00a0 : locatie werk<br \/>\n<\/span><\/strong><\/p>\n<p><strong><span style=\"color: #ff6600\">Weerzijde<\/span><\/strong><\/p>\n<p><strong><span style=\"color: #ff6600\">b.l.\u00a0\u00a0\u00a0\u00a0\u00a0\u00a0\u00a0\u00a0\u00a0\u00a0\u00a0\u00a0\u00a0\u00a0\u00a0 : logo uitgever<br \/>\n<\/span><\/strong><\/p>\n<p><strong><span style=\"color: #ff6600\">b.m.\u00a0\u00a0\u00a0\u00a0\u00a0\u00a0\u00a0\u00a0\u00a0\u00a0\u00a0\u00a0\u00a0 : Carte Postale<\/span><\/strong><\/p>\n<p><strong><span style=\"color: #ff6600\">b.r.\u00a0\u00a0\u00a0\u00a0\u00a0\u00a0\u00a0\u00a0\u00a0\u00a0\u00a0\u00a0\u00a0\u00a0\u00a0 : frankeerruimte<\/span><\/strong><br \/>\n<strong><span style=\"color: #ff6600\">l. \u00a0 \u00a0 \u00a0 \u00a0 \u00a0 \u00a0 \u00a0 \u00a0 \u00a0\u00a0 : tekstruimte<\/span><\/strong><br \/>\n<strong><span style=\"color: #ff6600\">r.\u00a0\u00a0\u00a0\u00a0\u00a0\u00a0\u00a0\u00a0\u00a0\u00a0\u00a0\u00a0\u00a0\u00a0\u00a0\u00a0\u00a0\u00a0 : adresseerruimte<\/span><\/strong><\/p>\n<p><strong><span style=\"color: #ff6600\">l.o.\u00a0\u00a0\u00a0\u00a0\u00a0\u00a0\u00a0\u00a0\u00a0\u00a0\u00a0\u00a0\u00a0\u00a0\u00a0 : gegevens uitgever<\/span><br \/>\n<\/strong><\/p>\n","protected":false},"excerpt":{"rendered":"<p>Deze kaart werd uitgegeven t.b.v. Hilfsverein f\u00fcr langen Kranke in den \u00d6sterr. K\u00f6nigreichen &amp; L\u00e4ndern. &nbsp; Beschrijving kaart COL 054.020 Schoonzijde l. + m. \u00a0 \u00a0 \u00a0 \u00a0 \u00a0 \u00a0 \u00a0 \u00a0\u00a0\u00a0 : beeld o. l.\u00a0\u00a0\u00a0\u00a0\u00a0\u00a0\u00a0\u00a0\u00a0\u00a0\u00a0\u00a0\u00a0\u00a0\u00a0\u00a0\u00a0\u00a0\u00a0\u00a0\u00a0\u00a0\u00a0 : gegevens beeld o.r.\u00a0\u00a0\u00a0 \u00a0 \u00a0 \u00a0 \u00a0 \u00a0\u00a0\u00a0\u00a0\u00a0\u00a0\u00a0\u00a0\u00a0\u00a0\u00a0 : kaartnummer o.m. \u00a0 \u00a0 \u00a0 \u00a0\u00a0\u00a0\u00a0\u00a0\u00a0\u00a0\u00a0\u00a0\u00a0\u00a0\u00a0\u00a0\u00a0 : locatie werk&hellip;&nbsp;<a href=\"https:\/\/www.caputovis.nl\/kunstkaarten\/object\/herder-en-in-met-schapen-en-koeien\/\" class=\"\" rel=\"bookmark\">Lees verder &raquo;<span class=\"screen-reader-text\">Herder en -in met schapen en koeien<\/span><\/a><\/p>\n","protected":false},"featured_media":54614,"template":"","meta":{"_lmt_disableupdate":"","_lmt_disable":"no","neve_meta_sidebar":"","neve_meta_container":"","neve_meta_enable_content_width":"off","neve_meta_content_width":70,"neve_meta_title_alignment":"","neve_meta_author_avatar":"","neve_post_elements_order":"","neve_meta_disable_header":"","neve_meta_disable_footer":"","neve_meta_disable_title":"","_ti_tpc_template_sync":false,"_ti_tpc_template_id":""},"pwb-brand":[553],"product_cat":[7677,7751,3957,3920,8909],"product_tag":[8926,8776],"brands":[{"id":553,"name":"Cuyp, Albert","slug":"cuyp-albert"}],"_links":{"self":[{"href":"https:\/\/www.caputovis.nl\/kunstkaarten\/wp-json\/wp\/v2\/product\/54613"}],"collection":[{"href":"https:\/\/www.caputovis.nl\/kunstkaarten\/wp-json\/wp\/v2\/product"}],"about":[{"href":"https:\/\/www.caputovis.nl\/kunstkaarten\/wp-json\/wp\/v2\/types\/product"}],"wp:featuredmedia":[{"embeddable":true,"href":"https:\/\/www.caputovis.nl\/kunstkaarten\/wp-json\/wp\/v2\/media\/54614"}],"wp:attachment":[{"href":"https:\/\/www.caputovis.nl\/kunstkaarten\/wp-json\/wp\/v2\/media?parent=54613"}],"wp:term":[{"taxonomy":"pwb-brand","embeddable":true,"href":"https:\/\/www.caputovis.nl\/kunstkaarten\/wp-json\/wp\/v2\/pwb-brand?post=54613"},{"taxonomy":"product_cat","embeddable":true,"href":"https:\/\/www.caputovis.nl\/kunstkaarten\/wp-json\/wp\/v2\/product_cat?post=54613"},{"taxonomy":"product_tag","embeddable":true,"href":"https:\/\/www.caputovis.nl\/kunstkaarten\/wp-json\/wp\/v2\/product_tag?post=54613"}],"curies":[{"name":"wp","href":"https:\/\/api.w.org\/{rel}","templated":true}]}}