{"id":57785,"date":"2023-10-29T16:56:41","date_gmt":"2023-10-29T15:56:41","guid":{"rendered":"https:\/\/www.caputovis.nl\/kunstkaarten\/?post_type=product&#038;p=57785"},"modified":"2023-10-29T17:18:23","modified_gmt":"2023-10-29T16:18:23","slug":"boerderij-bij-ophaalbrug","status":"publish","type":"product","link":"https:\/\/www.caputovis.nl\/kunstkaarten\/object\/boerderij-bij-ophaalbrug\/","title":{"rendered":"Boerderij bij ophaalbrug"},"content":{"rendered":"<p><span style=\"color: #ff6600\">Een ophaalbrug (ook wel wipbrug, klapbrug of klap genoemd) is een beweegbare brug die opengaat door rotatie om een horizontale as evenwijdig aan het water en ontstaan\u00a0 uit de valbrug. Een valbrug heeft geen contragewicht zoals een ophaalbrug<\/span><\/p>\n<p><span style=\"color: #ff6600\">Een ophaalbrug heeft twee scharnieren (\u00e9\u00e9n ter hoogte van het wegdek en \u00e9\u00e9n verbonden. Aan het onderste scharnier is het wegdek verbonden en het bovenste rust op een portaal (hameipoort geheten). Een belangrijk nadeel van een ophaalbrug is de beperkte doorrijhoogte.<\/span><\/p>\n","protected":false},"excerpt":{"rendered":"<p>Een ophaalbrug (ook wel wipbrug, klapbrug of klap genoemd) is een beweegbare brug die opengaat door rotatie om een horizontale as evenwijdig aan het water en ontstaan\u00a0 uit de valbrug. Een valbrug heeft geen contragewicht zoals een ophaalbrug Een ophaalbrug heeft twee scharnieren (\u00e9\u00e9n ter hoogte van het wegdek en \u00e9\u00e9n verbonden. Aan het onderste&hellip;&nbsp;<a href=\"https:\/\/www.caputovis.nl\/kunstkaarten\/object\/boerderij-bij-ophaalbrug\/\" class=\"\" rel=\"bookmark\">Lees verder &raquo;<span class=\"screen-reader-text\">Boerderij bij ophaalbrug<\/span><\/a><\/p>\n","protected":false},"featured_media":57786,"template":"","meta":{"_lmt_disableupdate":"no","_lmt_disable":"no","neve_meta_sidebar":"","neve_meta_container":"","neve_meta_enable_content_width":"off","neve_meta_content_width":70,"neve_meta_title_alignment":"","neve_meta_author_avatar":"","neve_post_elements_order":"","neve_meta_disable_header":"","neve_meta_disable_footer":"","neve_meta_disable_title":"","_ti_tpc_template_sync":false,"_ti_tpc_template_id":""},"pwb-brand":[1457],"product_cat":[3955,7678,3254,9677,3920,4010,3930],"product_tag":[8797,8796],"brands":[{"id":1457,"name":"onbekend \/ monogram \/ acroniem","slug":"onbekend-monogram-acroniem"}],"_links":{"self":[{"href":"https:\/\/www.caputovis.nl\/kunstkaarten\/wp-json\/wp\/v2\/product\/57785"}],"collection":[{"href":"https:\/\/www.caputovis.nl\/kunstkaarten\/wp-json\/wp\/v2\/product"}],"about":[{"href":"https:\/\/www.caputovis.nl\/kunstkaarten\/wp-json\/wp\/v2\/types\/product"}],"wp:featuredmedia":[{"embeddable":true,"href":"https:\/\/www.caputovis.nl\/kunstkaarten\/wp-json\/wp\/v2\/media\/57786"}],"wp:attachment":[{"href":"https:\/\/www.caputovis.nl\/kunstkaarten\/wp-json\/wp\/v2\/media?parent=57785"}],"wp:term":[{"taxonomy":"pwb-brand","embeddable":true,"href":"https:\/\/www.caputovis.nl\/kunstkaarten\/wp-json\/wp\/v2\/pwb-brand?post=57785"},{"taxonomy":"product_cat","embeddable":true,"href":"https:\/\/www.caputovis.nl\/kunstkaarten\/wp-json\/wp\/v2\/product_cat?post=57785"},{"taxonomy":"product_tag","embeddable":true,"href":"https:\/\/www.caputovis.nl\/kunstkaarten\/wp-json\/wp\/v2\/product_tag?post=57785"}],"curies":[{"name":"wp","href":"https:\/\/api.w.org\/{rel}","templated":true}]}}