{"id":59907,"date":"2024-02-11T12:10:38","date_gmt":"2024-02-11T11:10:38","guid":{"rendered":"https:\/\/www.caputovis.nl\/kunstkaarten\/?post_type=product&#038;p=59907"},"modified":"2024-02-11T12:10:38","modified_gmt":"2024-02-11T11:10:38","slug":"karel-ix-op-oudere-leeftijd","status":"publish","type":"product","link":"https:\/\/www.caputovis.nl\/kunstkaarten\/object\/karel-ix-op-oudere-leeftijd\/","title":{"rendered":"Karel IX op oudere leeftijd"},"content":{"rendered":"<p>Hij was de derde zoon van Hendrik II . Hij volgde zijn ziekelijke broer Frans II op. Hij trouwde met Elisabeth van Habsburg, de dochter van keizer Maximiliaan II. Hun enige dochtertje Maria Elisabeth (of Maria-Isabella) overleed op 2 april 1578, op 5-jarige leeftijd. Karel was de twaalfde koning uit het huis Valois, de vijfde van de tak Valois-Orl\u00e9ans en de vierde uit de tak Valois-Orl\u00e9ans-Angoul\u00eame.<\/p>\n<p>Bij zijn ma\u00eetresse Marie Touchet had hij een bastaardzoon &#8211; Karel &#8211; de titel &#8216;graaf van Auvergne&#8217; en daarna &#8216;hertog van Angoul\u00eame&#8217; verkreeg.<\/p>\n<p>&nbsp;<\/p>\n<p>&nbsp;<\/p>\n<p><b><span style=\"color: #ff6600\">Beschrijving kaart COL 951.1221<\/span><\/b><\/p>\n<p><b><span style=\"color: #ff6600\">\u00a0<\/span><\/b><\/p>\n<p><b><u><span style=\"color: #ff6600\">SCHOONZIJDE<\/span><\/u><\/b><\/p>\n<p><b><span style=\"color: #ff6600\">b. + m. + o.\u00a0\u00a0\u00a0\u00a0\u00a0\u00a0\u00a0\u00a0\u00a0\u00a0\u00a0 : beeld<\/span><\/b><\/p>\n<p><b><span style=\"color: #ff6600\">o.l. +o.r.\u00a0\u00a0\u00a0\u00a0\u00a0\u00a0\u00a0\u00a0\u00a0\u00a0\u00a0\u00a0\u00a0\u00a0\u00a0\u00a0 : kaartnummer<\/span><\/b><\/p>\n<p><b><span style=\"color: #ff6600\">o.m. \u00a0 \u00a0 \u00a0 \u00a0 \u00a0 \u00a0\u00a0\u00a0\u00a0\u00a0\u00a0\u00a0\u00a0\u00a0\u00a0\u00a0\u00a0\u00a0 : gegevens beeld + locatie werk<\/span><\/b><b><\/b><\/p>\n<p><b><u><span style=\"color: #ff6600\">WEERZIJDE<\/span><\/u><\/b><\/p>\n<p><b><span style=\"color: #ff6600\">b.m.\u00a0\u00a0\u00a0\u00a0\u00a0\u00a0\u00a0\u00a0\u00a0\u00a0\u00a0\u00a0\u00a0\u00a0\u00a0\u00a0\u00a0\u00a0\u00a0\u00a0\u00a0\u00a0\u00a0\u00a0 : Carte postale<\/span><\/b><\/p>\n<p><b><span style=\"color: #ff6600\">b.r.\u00a0\u00a0\u00a0\u00a0\u00a0\u00a0\u00a0\u00a0\u00a0\u00a0\u00a0\u00a0\u00a0\u00a0\u00a0\u00a0\u00a0\u00a0\u00a0\u00a0\u00a0\u00a0\u00a0\u00a0\u00a0\u00a0 : frankeerruimte<\/span><\/b><b><\/b><\/p>\n<p><b><span style=\"color: #ff6600\">m. + o.\u00a0\u00a0\u00a0\u00a0\u00a0\u00a0\u00a0\u00a0\u00a0\u00a0\u00a0\u00a0\u00a0\u00a0\u00a0\u00a0\u00a0\u00a0\u00a0\u00a0 : adresseerruimte<\/span><\/b><\/p>\n<p><b><span style=\"color: #ff6600\">l. m.\u00a0\u00a0\u00a0\u00a0\u00a0\u00a0\u00a0\u00a0\u00a0\u00a0\u00a0\u00a0 \u00a0\u00a0\u00a0\u00a0\u00a0\u00a0\u00a0\u00a0\u00a0\u00a0\u00a0\u00a0 : gegevens uitgever<\/span><\/b><b><i><\/i><\/b><\/p>\n<p>&nbsp;<\/p>\n","protected":false},"excerpt":{"rendered":"<p>Hij was de derde zoon van Hendrik II . Hij volgde zijn ziekelijke broer Frans II op. Hij trouwde met Elisabeth van Habsburg, de dochter van keizer Maximiliaan II. Hun enige dochtertje Maria Elisabeth (of Maria-Isabella) overleed op 2 april 1578, op 5-jarige leeftijd. Karel was de twaalfde koning uit het huis Valois, de vijfde&hellip;&nbsp;<a href=\"https:\/\/www.caputovis.nl\/kunstkaarten\/object\/karel-ix-op-oudere-leeftijd\/\" class=\"\" rel=\"bookmark\">Lees verder &raquo;<span class=\"screen-reader-text\">Karel IX op oudere leeftijd<\/span><\/a><\/p>\n","protected":false},"featured_media":59908,"template":"","meta":{"_lmt_disableupdate":"","_lmt_disable":"no","neve_meta_sidebar":"","neve_meta_container":"","neve_meta_enable_content_width":"off","neve_meta_content_width":100,"neve_meta_title_alignment":"","neve_meta_author_avatar":"","neve_post_elements_order":"","neve_meta_disable_header":"","neve_meta_disable_footer":"","neve_meta_disable_title":"","_ti_tpc_template_sync":false,"_ti_tpc_template_id":""},"pwb-brand":[1457],"product_cat":[3947,3920,3915],"product_tag":[8788,8796],"brands":[{"id":1457,"name":"onbekend \/ monogram \/ acroniem","slug":"onbekend-monogram-acroniem"}],"_links":{"self":[{"href":"https:\/\/www.caputovis.nl\/kunstkaarten\/wp-json\/wp\/v2\/product\/59907"}],"collection":[{"href":"https:\/\/www.caputovis.nl\/kunstkaarten\/wp-json\/wp\/v2\/product"}],"about":[{"href":"https:\/\/www.caputovis.nl\/kunstkaarten\/wp-json\/wp\/v2\/types\/product"}],"wp:featuredmedia":[{"embeddable":true,"href":"https:\/\/www.caputovis.nl\/kunstkaarten\/wp-json\/wp\/v2\/media\/59908"}],"wp:attachment":[{"href":"https:\/\/www.caputovis.nl\/kunstkaarten\/wp-json\/wp\/v2\/media?parent=59907"}],"wp:term":[{"taxonomy":"pwb-brand","embeddable":true,"href":"https:\/\/www.caputovis.nl\/kunstkaarten\/wp-json\/wp\/v2\/pwb-brand?post=59907"},{"taxonomy":"product_cat","embeddable":true,"href":"https:\/\/www.caputovis.nl\/kunstkaarten\/wp-json\/wp\/v2\/product_cat?post=59907"},{"taxonomy":"product_tag","embeddable":true,"href":"https:\/\/www.caputovis.nl\/kunstkaarten\/wp-json\/wp\/v2\/product_tag?post=59907"}],"curies":[{"name":"wp","href":"https:\/\/api.w.org\/{rel}","templated":true}]}}