{"id":63011,"date":"2024-08-14T21:21:20","date_gmt":"2024-08-14T19:21:20","guid":{"rendered":"https:\/\/www.caputovis.nl\/kunstkaarten\/?post_type=product&#038;p=63011"},"modified":"2024-08-20T15:10:40","modified_gmt":"2024-08-20T13:10:40","slug":"vergadering-in-een-park","status":"publish","type":"product","link":"https:\/\/www.caputovis.nl\/kunstkaarten\/object\/vergadering-in-een-park\/","title":{"rendered":"Vergadering in een park"},"content":{"rendered":"<p><span style=\"color: #ff6600\">Deze versie betreft een briefkaartexemplaar deel uitmakend van een uitgave van BRAUN\u00a0 &amp; C<sup>ie<\/sup> ,\u00c9diteurs (Parijs) in samenwerking met Mus\u00e9e du Louvre onder de titel van &#8216;Un choix de peintures &#8211; \u00e9cole Fran\u00e7aise S\u00e9rie 3. Deze serie-uitgave betreft een 24-tal werken van verschillende kunstenaars. Voor het bekijken van de de totale serie 3 zie: COL Louvre.003.<\/span><\/p>\n<p>&nbsp;<\/p>\n<p><span style=\"color: #ff6600\"><strong>Beschrijving kaart COL 1273.011<\/strong><\/span><\/p>\n<p><span style=\"color: #ff6600\"><strong><u>SCHOONZIJDE<\/u><\/strong><\/span><\/p>\n<p><span style=\"color: #ff6600\"><strong>l.+ m. + o.\u00a0\u00a0\u00a0\u00a0\u00a0\u00a0\u00a0 \u00a0\u00a0\u00a0\u00a0\u00a0 : beeld<\/strong><\/span><\/p>\n<p><span style=\"color: #ff6600\"><strong>b.m.\u00a0\u00a0\u00a0\u00a0\u00a0\u00a0\u00a0\u00a0\u00a0\u00a0\u00a0\u00a0\u00a0\u00a0\u00a0\u00a0\u00a0\u00a0\u00a0\u00a0\u00a0\u00a0\u00a0 : locatie werk<\/strong><\/span><\/p>\n<p><span style=\"color: #ff6600\"><strong>o.m. \u00a0 \u00a0 \u00a0 \u00a0 \u00a0 \u00a0\u00a0\u00a0\u00a0\u00a0\u00a0\u00a0\u00a0\u00a0\u00a0\u00a0\u00a0\u00a0 : gegevens beeld<\/strong><\/span><\/p>\n<p><span style=\"color: #ff6600\"><strong><u>WEERZIJDE<\/u><\/strong><\/span><\/p>\n<p><span style=\"color: #ff6600\"><strong>b.m.\u00a0\u00a0\u00a0\u00a0\u00a0\u00a0\u00a0\u00a0\u00a0\u00a0\u00a0\u00a0\u00a0\u00a0\u00a0\u00a0\u00a0\u00a0\u00a0\u00a0\u00a0\u00a0\u00a0\u00a0 : Carte Postale<\/strong><\/span><\/p>\n<p><span style=\"color: #ff6600\"><strong>r.\u00a0\u00a0\u00a0\u00a0\u00a0\u00a0\u00a0\u00a0\u00a0\u00a0\u00a0\u00a0\u00a0\u00a0\u00a0\u00a0\u00a0\u00a0\u00a0\u00a0\u00a0\u00a0\u00a0\u00a0\u00a0\u00a0\u00a0\u00a0\u00a0 : adresseerruimte<\/strong><\/span><\/p>\n<p><span style=\"color: #ff6600\"><strong>l. \u00a0\u00a0 \u00a0 \u00a0 \u00a0 \u00a0 \u00a0 \u00a0 \u00a0\u00a0 \u00a0\u00a0\u00a0\u00a0\u00a0\u00a0\u00a0\u00a0\u00a0\u00a0\u00a0 : tekstruimte<\/strong><\/span><\/p>\n<p><span style=\"color: #ff6600\"><strong>m.m.\u00a0\u00a0\u00a0\u00a0\u00a0\u00a0\u00a0\u00a0\u00a0\u00a0\u00a0\u00a0\u00a0\u00a0\u00a0\u00a0\u00a0\u00a0\u00a0\u00a0\u00a0\u00a0\u00a0 : gegevens uitgever + kaartnummer<\/strong><\/span><\/p>\n","protected":false},"excerpt":{"rendered":"<p>Deze versie betreft een briefkaartexemplaar deel uitmakend van een uitgave van BRAUN\u00a0 &amp; Cie ,\u00c9diteurs (Parijs) in samenwerking met Mus\u00e9e du Louvre onder de titel van &#8216;Un choix de peintures &#8211; \u00e9cole Fran\u00e7aise S\u00e9rie 3. Deze serie-uitgave betreft een 24-tal werken van verschillende kunstenaars. Voor het bekijken van de de totale serie 3 zie: COL&hellip;&nbsp;<a href=\"https:\/\/www.caputovis.nl\/kunstkaarten\/object\/vergadering-in-een-park\/\" class=\"\" rel=\"bookmark\">Lees verder &raquo;<span class=\"screen-reader-text\">Vergadering in een park<\/span><\/a><\/p>\n","protected":false},"featured_media":63012,"template":"","meta":{"_lmt_disableupdate":"no","_lmt_disable":"no","neve_meta_sidebar":"","neve_meta_container":"","neve_meta_enable_content_width":"off","neve_meta_content_width":100,"neve_meta_title_alignment":"","neve_meta_author_avatar":"","neve_post_elements_order":"","neve_meta_disable_header":"","neve_meta_disable_footer":"","neve_meta_disable_title":"","_ti_tpc_template_sync":false,"_ti_tpc_template_id":""},"pwb-brand":[2019],"product_cat":[7751,3955,7678,3920,7793],"product_tag":[8744,8788],"brands":[{"id":2019,"name":"Watteau, Jean Antoine","slug":"watteau-jean-antoine"}],"_links":{"self":[{"href":"https:\/\/www.caputovis.nl\/kunstkaarten\/wp-json\/wp\/v2\/product\/63011"}],"collection":[{"href":"https:\/\/www.caputovis.nl\/kunstkaarten\/wp-json\/wp\/v2\/product"}],"about":[{"href":"https:\/\/www.caputovis.nl\/kunstkaarten\/wp-json\/wp\/v2\/types\/product"}],"wp:featuredmedia":[{"embeddable":true,"href":"https:\/\/www.caputovis.nl\/kunstkaarten\/wp-json\/wp\/v2\/media\/63012"}],"wp:attachment":[{"href":"https:\/\/www.caputovis.nl\/kunstkaarten\/wp-json\/wp\/v2\/media?parent=63011"}],"wp:term":[{"taxonomy":"pwb-brand","embeddable":true,"href":"https:\/\/www.caputovis.nl\/kunstkaarten\/wp-json\/wp\/v2\/pwb-brand?post=63011"},{"taxonomy":"product_cat","embeddable":true,"href":"https:\/\/www.caputovis.nl\/kunstkaarten\/wp-json\/wp\/v2\/product_cat?post=63011"},{"taxonomy":"product_tag","embeddable":true,"href":"https:\/\/www.caputovis.nl\/kunstkaarten\/wp-json\/wp\/v2\/product_tag?post=63011"}],"curies":[{"name":"wp","href":"https:\/\/api.w.org\/{rel}","templated":true}]}}