{"id":63186,"date":"2024-08-26T20:48:00","date_gmt":"2024-08-26T18:48:00","guid":{"rendered":"https:\/\/www.caputovis.nl\/kunstkaarten\/?post_type=product&#038;p=63186"},"modified":"2026-04-07T12:09:14","modified_gmt":"2026-04-07T10:09:14","slug":"jeanne-darc-4","status":"publish","type":"product","link":"https:\/\/www.caputovis.nl\/kunstkaarten\/object\/jeanne-darc-4\/","title":{"rendered":"Jeanne d&#8217;Arc"},"content":{"rendered":"<p><span style=\"color: #ff6600\"><sup>1)<\/sup> Dit briefkaartexemplaar maakt deel uit van een uitgave van BRAUN\u00a0 &amp; C<sup>ie<\/sup> ,\u00c9diteurs (Parijs) in samenwerking met Mus\u00e9e du Louvre onder de titel van &#8216;Un choix de peintures &#8211; \u00e9cole Fran\u00e7aise S\u00e9rie 1. Deze serie-uitgave betreft een 19-tal werken van verschillende kunstenaars. Voor het bekijken van de totale serie 1 zie: COL Louvre.001.<\/span><\/p>\n<p><span style=\"color: #ff6600\">Daarnaast bevindt zich in de collectie twee kaartversies van Stengel (COL 1062.009b) en Mus\u00e9e du Louvre \/ Union Postale Universelle (COL 1062.009c).<\/span><\/p>\n<p>&nbsp;<\/p>\n<p><span style=\"color: #ff6600\"><strong>Beschrijving kaart COL 1062.009<\/strong><\/span><\/p>\n<p><span style=\"color: #ff6600\"><strong><u>SCHOONZIJDE<\/u><\/strong><\/span><\/p>\n<p><span style=\"color: #ff6600\"><strong>l.+ m. + o.\u00a0\u00a0\u00a0\u00a0\u00a0\u00a0\u00a0 \u00a0\u00a0\u00a0\u00a0\u00a0\u00a0 : beeld<\/strong><\/span><\/p>\n<p><span style=\"color: #ff6600\"><strong>b.m.\u00a0\u00a0\u00a0\u00a0\u00a0\u00a0\u00a0\u00a0\u00a0\u00a0\u00a0\u00a0\u00a0\u00a0\u00a0\u00a0\u00a0\u00a0 \u00a0\u00a0 \u00a0\u00a0\u00a0 : locatie werk<\/strong><\/span><\/p>\n<p><span style=\"color: #ff6600\"><strong>o.m. \u00a0 \u00a0 \u00a0 \u00a0 \u00a0 \u00a0\u00a0\u00a0 \u00a0\u00a0 \u00a0\u00a0\u00a0\u00a0\u00a0\u00a0\u00a0 : gegevens beeld<\/strong><\/span><\/p>\n<p><span style=\"color: #ff6600\"><strong><u>WEERZIJDE<\/u><\/strong><\/span><\/p>\n<p><span style=\"color: #ff6600\"><strong>b.m.\u00a0\u00a0\u00a0\u00a0\u00a0\u00a0\u00a0\u00a0\u00a0\u00a0\u00a0\u00a0\u00a0\u00a0\u00a0\u00a0\u00a0\u00a0\u00a0\u00a0\u00a0\u00a0\u00a0\u00a0 : Carte Postale<\/strong><\/span><\/p>\n<p><span style=\"color: #ff6600\"><strong>r.\u00a0\u00a0\u00a0\u00a0\u00a0\u00a0\u00a0\u00a0\u00a0\u00a0\u00a0\u00a0\u00a0\u00a0\u00a0\u00a0\u00a0\u00a0\u00a0\u00a0\u00a0\u00a0\u00a0\u00a0\u00a0\u00a0\u00a0\u00a0\u00a0\u00a0 : adresseerruimte<\/strong><\/span><\/p>\n<p><span style=\"color: #ff6600\"><strong>l. \u00a0 \u00a0 \u00a0 \u00a0 \u00a0 \u00a0 \u00a0 \u00a0 \u00a0\u00a0 \u00a0\u00a0\u00a0\u00a0\u00a0\u00a0\u00a0\u00a0\u00a0\u00a0\u00a0 : tekstruimte<\/strong><\/span><\/p>\n<p><span style=\"color: #ff6600\"><strong>m.m.\u00a0\u00a0\u00a0\u00a0\u00a0\u00a0\u00a0\u00a0\u00a0\u00a0\u00a0\u00a0\u00a0\u00a0\u00a0\u00a0\u00a0\u00a0\u00a0\u00a0\u00a0\u00a0\u00a0 : gegevens uitgever + kaartnummer<\/strong><\/span><\/p>\n","protected":false},"excerpt":{"rendered":"<p>1) Dit briefkaartexemplaar maakt deel uit van een uitgave van BRAUN\u00a0 &amp; Cie ,\u00c9diteurs (Parijs) in samenwerking met Mus\u00e9e du Louvre onder de titel van &#8216;Un choix de peintures &#8211; \u00e9cole Fran\u00e7aise S\u00e9rie 1. Deze serie-uitgave betreft een 19-tal werken van verschillende kunstenaars. Voor het bekijken van de totale serie 1 zie: COL Louvre.001. Daarnaast&hellip;&nbsp;<a href=\"https:\/\/www.caputovis.nl\/kunstkaarten\/object\/jeanne-darc-4\/\" class=\"\" rel=\"bookmark\">Lees verder &raquo;<span class=\"screen-reader-text\">Jeanne d&#8217;Arc<\/span><\/a><\/p>\n","protected":false},"featured_media":63187,"template":"","meta":{"_lmt_disableupdate":"no","_lmt_disable":"no","neve_meta_sidebar":"","neve_meta_container":"","neve_meta_enable_content_width":"off","neve_meta_content_width":100,"neve_meta_title_alignment":"","neve_meta_author_avatar":"","neve_post_elements_order":"","neve_meta_disable_header":"","neve_meta_disable_footer":"","neve_meta_disable_title":"","_ti_tpc_template_sync":false,"_ti_tpc_template_id":""},"pwb-brand":[988],"product_cat":[8554,7751,4002,3920],"product_tag":[8744,8788],"brands":[{"id":988,"name":"Ingres, Jean-Auguste-Dominique","slug":"ingres-jean-auguste-dominique"}],"_links":{"self":[{"href":"https:\/\/www.caputovis.nl\/kunstkaarten\/wp-json\/wp\/v2\/product\/63186"}],"collection":[{"href":"https:\/\/www.caputovis.nl\/kunstkaarten\/wp-json\/wp\/v2\/product"}],"about":[{"href":"https:\/\/www.caputovis.nl\/kunstkaarten\/wp-json\/wp\/v2\/types\/product"}],"wp:featuredmedia":[{"embeddable":true,"href":"https:\/\/www.caputovis.nl\/kunstkaarten\/wp-json\/wp\/v2\/media\/63187"}],"wp:attachment":[{"href":"https:\/\/www.caputovis.nl\/kunstkaarten\/wp-json\/wp\/v2\/media?parent=63186"}],"wp:term":[{"taxonomy":"pwb-brand","embeddable":true,"href":"https:\/\/www.caputovis.nl\/kunstkaarten\/wp-json\/wp\/v2\/pwb-brand?post=63186"},{"taxonomy":"product_cat","embeddable":true,"href":"https:\/\/www.caputovis.nl\/kunstkaarten\/wp-json\/wp\/v2\/product_cat?post=63186"},{"taxonomy":"product_tag","embeddable":true,"href":"https:\/\/www.caputovis.nl\/kunstkaarten\/wp-json\/wp\/v2\/product_tag?post=63186"}],"curies":[{"name":"wp","href":"https:\/\/api.w.org\/{rel}","templated":true}]}}