{"id":63924,"date":"2024-10-09T11:40:25","date_gmt":"2024-10-09T09:40:25","guid":{"rendered":"https:\/\/www.caputovis.nl\/kunstkaarten\/?post_type=product&#038;p=63924"},"modified":"2025-11-23T16:37:52","modified_gmt":"2025-11-23T15:37:52","slug":"madame-victoire-van-frankrijk","status":"publish","type":"product","link":"https:\/\/www.caputovis.nl\/kunstkaarten\/object\/madame-victoire-van-frankrijk\/","title":{"rendered":"Madame Victoire van Frankrijk"},"content":{"rendered":"<p><span style=\"color: #ff6600\">Victoire Louise Maria Theresia van Frankrijk (ook bekend als Madame Victoire) was het zevende kind en de vijfde dochter van koning Lodewijk XV van Frankrijk en koningin Maria Leszczy\u0144ska. De Franse Revolutie dwong haar in 1789 om met haar oudere zuster Marie Ad\u00e9la\u00efde Frankrijk te ontvluchten. Zij vestigde zich uiteindelijk in Itali\u00eb. Victoire was een van de langstlevende kinderen van Lodewijk XV, alleen Marie Adela\u00efde overleefde haar een jaar.<\/span><\/p>\n<p><span style=\"color: #ff6600\">Van de werk van Nattier bevat de collectie een zw-ansichtkaartenversie en een kleurenversie.<\/span><\/p>\n","protected":false},"excerpt":{"rendered":"<p>Victoire Louise Maria Theresia van Frankrijk (ook bekend als Madame Victoire) was het zevende kind en de vijfde dochter van koning Lodewijk XV van Frankrijk en koningin Maria Leszczy\u0144ska. De Franse Revolutie dwong haar in 1789 om met haar oudere zuster Marie Ad\u00e9la\u00efde Frankrijk te ontvluchten. Zij vestigde zich uiteindelijk in Itali\u00eb. Victoire was een&hellip;&nbsp;<a href=\"https:\/\/www.caputovis.nl\/kunstkaarten\/object\/madame-victoire-van-frankrijk\/\" class=\"\" rel=\"bookmark\">Lees verder &raquo;<span class=\"screen-reader-text\">Madame Victoire van Frankrijk<\/span><\/a><\/p>\n","protected":false},"featured_media":63925,"template":"","meta":{"_lmt_disableupdate":"no","_lmt_disable":"no","neve_meta_sidebar":"","neve_meta_container":"","neve_meta_enable_content_width":"off","neve_meta_content_width":100,"neve_meta_title_alignment":"","neve_meta_author_avatar":"","neve_post_elements_order":"","neve_meta_disable_header":"","neve_meta_disable_footer":"","neve_meta_disable_title":"","_ti_tpc_template_sync":false,"_ti_tpc_template_id":""},"pwb-brand":[1426],"product_cat":[7683,3920],"product_tag":[8744,8788],"brands":[{"id":1426,"name":"Nattier, Jean-Marc","slug":"nattier-jean-marc"}],"_links":{"self":[{"href":"https:\/\/www.caputovis.nl\/kunstkaarten\/wp-json\/wp\/v2\/product\/63924"}],"collection":[{"href":"https:\/\/www.caputovis.nl\/kunstkaarten\/wp-json\/wp\/v2\/product"}],"about":[{"href":"https:\/\/www.caputovis.nl\/kunstkaarten\/wp-json\/wp\/v2\/types\/product"}],"wp:featuredmedia":[{"embeddable":true,"href":"https:\/\/www.caputovis.nl\/kunstkaarten\/wp-json\/wp\/v2\/media\/63925"}],"wp:attachment":[{"href":"https:\/\/www.caputovis.nl\/kunstkaarten\/wp-json\/wp\/v2\/media?parent=63924"}],"wp:term":[{"taxonomy":"pwb-brand","embeddable":true,"href":"https:\/\/www.caputovis.nl\/kunstkaarten\/wp-json\/wp\/v2\/pwb-brand?post=63924"},{"taxonomy":"product_cat","embeddable":true,"href":"https:\/\/www.caputovis.nl\/kunstkaarten\/wp-json\/wp\/v2\/product_cat?post=63924"},{"taxonomy":"product_tag","embeddable":true,"href":"https:\/\/www.caputovis.nl\/kunstkaarten\/wp-json\/wp\/v2\/product_tag?post=63924"}],"curies":[{"name":"wp","href":"https:\/\/api.w.org\/{rel}","templated":true}]}}