{"id":66647,"date":"2025-02-17T20:36:58","date_gmt":"2025-02-17T19:36:58","guid":{"rendered":"https:\/\/www.caputovis.nl\/kunstkaarten\/?post_type=product&#038;p=66647"},"modified":"2025-02-17T20:36:58","modified_gmt":"2025-02-17T19:36:58","slug":"domme-hans","status":"publish","type":"product","link":"https:\/\/www.caputovis.nl\/kunstkaarten\/object\/domme-hans\/","title":{"rendered":"Domme Hans"},"content":{"rendered":"<p><span style=\"color: #ff6600\">Bent Steffensen illustreerde als tekenaar \/ cartoonist vele Verhalen, sprookjes en vertellingen van Hans Christiaan Andersen. Deels van de prenten werden ook gebruikt als basis voor ansichtkaarten. Onze collectie bevat ansichtkaarten van de onderstaande Sprookjes van H.C. Andersen (uitgegeven doorBj\u00f8rnen ApS, Drag\u00f8r, D\u00e4nemark) :<\/span><\/p>\n<ol>\n<li><span style=\"color: #ff6600\">De rode schoentjes (1845)<\/span><\/li>\n<li><span style=\"color: #ff6600\">De prinses op de erwt (1835)<\/span><\/li>\n<li><span style=\"color: #ff6600\">Het herderinnetje en de schoorsteenveger (1845)<\/span><\/li>\n<li><span style=\"color: #ff6600\">De nieuwe kleren van de keizer (1837)<\/span><\/li>\n<li><span style=\"color: #ff6600\">De kleine zeemeermin (1837)<\/span><\/li>\n<li><span style=\"color: #ff6600\">Kleine Claus en grote Claus (1835)<\/span><\/li>\n<li><span style=\"color: #ff6600\">De vliegende koffer (1839)<\/span><\/li>\n<li><span style=\"color: #ff6600\">Het vrouwtje met de eieren (1836)<\/span><\/li>\n<li><span style=\"color: #ff6600\">De standvastige tinnen soldaat (1838)<\/span><\/li>\n<li><span style=\"color: #ff6600\">De reisgenoot (1835)<\/span><\/li>\n<li><span style=\"color: #ff6600\">Oude Luk\u00f8je (1841)<\/span><\/li>\n<li><span style=\"color: #ffff00\">Domme Hans (1855)<\/span><\/li>\n<li><span style=\"color: #ff6600\">De tondeldoos (1835)<\/span><\/li>\n<li><span style=\"color: #ff6600\">De Chinese nachtegaal(1848)<\/span><\/li>\n<\/ol>\n","protected":false},"excerpt":{"rendered":"<p>Bent Steffensen illustreerde als tekenaar \/ cartoonist vele Verhalen, sprookjes en vertellingen van Hans Christiaan Andersen. Deels van de prenten werden ook gebruikt als basis voor ansichtkaarten. Onze collectie bevat ansichtkaarten van de onderstaande Sprookjes van H.C. Andersen (uitgegeven doorBj\u00f8rnen ApS, Drag\u00f8r, D\u00e4nemark) : De rode schoentjes (1845) De prinses op de erwt (1835) Het&hellip;&nbsp;<a href=\"https:\/\/www.caputovis.nl\/kunstkaarten\/object\/domme-hans\/\" class=\"\" rel=\"bookmark\">Lees verder &raquo;<span class=\"screen-reader-text\">Domme Hans<\/span><\/a><\/p>\n","protected":false},"featured_media":66648,"template":"","meta":{"_lmt_disableupdate":"","_lmt_disable":"","neve_meta_sidebar":"","neve_meta_container":"","neve_meta_enable_content_width":"off","neve_meta_content_width":100,"neve_meta_title_alignment":"","neve_meta_author_avatar":"","neve_post_elements_order":"","neve_meta_disable_header":"","neve_meta_disable_footer":"","neve_meta_disable_title":"","_ti_tpc_template_sync":false,"_ti_tpc_template_id":""},"pwb-brand":[17062],"product_cat":[7677,4097,3957,3947,12187,2966,7683,3920,17064,3959],"product_tag":[9618,8797],"brands":[{"id":17062,"name":"Steffensen, Bent","slug":"steffensen-bent"}],"_links":{"self":[{"href":"https:\/\/www.caputovis.nl\/kunstkaarten\/wp-json\/wp\/v2\/product\/66647"}],"collection":[{"href":"https:\/\/www.caputovis.nl\/kunstkaarten\/wp-json\/wp\/v2\/product"}],"about":[{"href":"https:\/\/www.caputovis.nl\/kunstkaarten\/wp-json\/wp\/v2\/types\/product"}],"wp:featuredmedia":[{"embeddable":true,"href":"https:\/\/www.caputovis.nl\/kunstkaarten\/wp-json\/wp\/v2\/media\/66648"}],"wp:attachment":[{"href":"https:\/\/www.caputovis.nl\/kunstkaarten\/wp-json\/wp\/v2\/media?parent=66647"}],"wp:term":[{"taxonomy":"pwb-brand","embeddable":true,"href":"https:\/\/www.caputovis.nl\/kunstkaarten\/wp-json\/wp\/v2\/pwb-brand?post=66647"},{"taxonomy":"product_cat","embeddable":true,"href":"https:\/\/www.caputovis.nl\/kunstkaarten\/wp-json\/wp\/v2\/product_cat?post=66647"},{"taxonomy":"product_tag","embeddable":true,"href":"https:\/\/www.caputovis.nl\/kunstkaarten\/wp-json\/wp\/v2\/product_tag?post=66647"}],"curies":[{"name":"wp","href":"https:\/\/api.w.org\/{rel}","templated":true}]}}