{"id":68904,"date":"2025-05-03T20:33:16","date_gmt":"2025-05-03T18:33:16","guid":{"rendered":"https:\/\/www.caputovis.nl\/kunstkaarten\/?post_type=product&#038;p=68904"},"modified":"2025-05-03T20:33:16","modified_gmt":"2025-05-03T18:33:16","slug":"eglise-saint-remy-les-chevreuse","status":"publish","type":"product","link":"https:\/\/www.caputovis.nl\/kunstkaarten\/object\/eglise-saint-remy-les-chevreuse\/","title":{"rendered":"\u00c9glise Saint-R\u00e9my-l\u00e8s-Chevreuse"},"content":{"rendered":"<p><span style=\"color: #ff0000\">N.B.: Het is niet geheel, duidelijk dat DEZE Annie Toussaint de bewuste kunstenares is. Gaarne nadere info!<\/span><\/p>\n","protected":false},"excerpt":{"rendered":"<p>N.B.: Het is niet geheel, duidelijk dat DEZE Annie Toussaint de bewuste kunstenares is. Gaarne nadere info!<\/p>\n","protected":false},"featured_media":68905,"template":"","meta":{"_lmt_disableupdate":"","_lmt_disable":"","neve_meta_sidebar":"","neve_meta_container":"","neve_meta_enable_content_width":"off","neve_meta_content_width":100,"neve_meta_title_alignment":"","neve_meta_author_avatar":"","neve_post_elements_order":"","neve_meta_disable_header":"","neve_meta_disable_footer":"","neve_meta_disable_title":"","_ti_tpc_template_sync":false,"_ti_tpc_template_id":""},"pwb-brand":[17555],"product_cat":[7678,3920,4009,7794],"product_tag":[8797,8796],"brands":[{"id":17555,"name":"Toussaint, Annie","slug":"toussaint-annie"}],"_links":{"self":[{"href":"https:\/\/www.caputovis.nl\/kunstkaarten\/wp-json\/wp\/v2\/product\/68904"}],"collection":[{"href":"https:\/\/www.caputovis.nl\/kunstkaarten\/wp-json\/wp\/v2\/product"}],"about":[{"href":"https:\/\/www.caputovis.nl\/kunstkaarten\/wp-json\/wp\/v2\/types\/product"}],"wp:featuredmedia":[{"embeddable":true,"href":"https:\/\/www.caputovis.nl\/kunstkaarten\/wp-json\/wp\/v2\/media\/68905"}],"wp:attachment":[{"href":"https:\/\/www.caputovis.nl\/kunstkaarten\/wp-json\/wp\/v2\/media?parent=68904"}],"wp:term":[{"taxonomy":"pwb-brand","embeddable":true,"href":"https:\/\/www.caputovis.nl\/kunstkaarten\/wp-json\/wp\/v2\/pwb-brand?post=68904"},{"taxonomy":"product_cat","embeddable":true,"href":"https:\/\/www.caputovis.nl\/kunstkaarten\/wp-json\/wp\/v2\/product_cat?post=68904"},{"taxonomy":"product_tag","embeddable":true,"href":"https:\/\/www.caputovis.nl\/kunstkaarten\/wp-json\/wp\/v2\/product_tag?post=68904"}],"curies":[{"name":"wp","href":"https:\/\/api.w.org\/{rel}","templated":true}]}}