{"id":69106,"date":"2025-05-07T21:10:58","date_gmt":"2025-05-07T19:10:58","guid":{"rendered":"https:\/\/www.caputovis.nl\/kunstkaarten\/?post_type=product&#038;p=69106"},"modified":"2025-05-07T21:21:08","modified_gmt":"2025-05-07T19:21:08","slug":"openbare-audientie-ceremonie-van-sultan-selim-iii","status":"publish","type":"product","link":"https:\/\/www.caputovis.nl\/kunstkaarten\/object\/openbare-audientie-ceremonie-van-sultan-selim-iii\/","title":{"rendered":"Openbare audientie-ceremonie van Sultan Selim III"},"content":{"rendered":"<p><span style=\"color: #ff6600\">Audi\u00ebntie van een Franse diplomaast <span style=\"color: #ffff00\">&#8220;le Vicomte d&#8217;Andrezel&#8221;<\/span> bij the <span style=\"color: #ffff00\">Sultan Ahmed III<\/span> (10 oktober 1724) in the Topkap\u0131 Paleis.<\/span><\/p>\n","protected":false},"excerpt":{"rendered":"<p>Audi\u00ebntie van een Franse diplomaast &#8220;le Vicomte d&#8217;Andrezel&#8221; bij the Sultan Ahmed III (10 oktober 1724) in the Topkap\u0131 Paleis.<\/p>\n","protected":false},"featured_media":69107,"template":"","meta":{"_lmt_disableupdate":"no","_lmt_disable":"no","neve_meta_sidebar":"","neve_meta_container":"","neve_meta_enable_content_width":"off","neve_meta_content_width":100,"neve_meta_title_alignment":"","neve_meta_author_avatar":"","neve_post_elements_order":"","neve_meta_disable_header":"","neve_meta_disable_footer":"","neve_meta_disable_title":"","_ti_tpc_template_sync":false,"_ti_tpc_template_id":""},"pwb-brand":[17614],"product_cat":[7751,3947,7678,9677,3920,4010,3915],"product_tag":[8837,8838],"brands":[{"id":17614,"name":"Kap\u0131da\u011fl\u0131, Konstantin","slug":"kapidagli-konstantin"}],"_links":{"self":[{"href":"https:\/\/www.caputovis.nl\/kunstkaarten\/wp-json\/wp\/v2\/product\/69106"}],"collection":[{"href":"https:\/\/www.caputovis.nl\/kunstkaarten\/wp-json\/wp\/v2\/product"}],"about":[{"href":"https:\/\/www.caputovis.nl\/kunstkaarten\/wp-json\/wp\/v2\/types\/product"}],"wp:featuredmedia":[{"embeddable":true,"href":"https:\/\/www.caputovis.nl\/kunstkaarten\/wp-json\/wp\/v2\/media\/69107"}],"wp:attachment":[{"href":"https:\/\/www.caputovis.nl\/kunstkaarten\/wp-json\/wp\/v2\/media?parent=69106"}],"wp:term":[{"taxonomy":"pwb-brand","embeddable":true,"href":"https:\/\/www.caputovis.nl\/kunstkaarten\/wp-json\/wp\/v2\/pwb-brand?post=69106"},{"taxonomy":"product_cat","embeddable":true,"href":"https:\/\/www.caputovis.nl\/kunstkaarten\/wp-json\/wp\/v2\/product_cat?post=69106"},{"taxonomy":"product_tag","embeddable":true,"href":"https:\/\/www.caputovis.nl\/kunstkaarten\/wp-json\/wp\/v2\/product_tag?post=69106"}],"curies":[{"name":"wp","href":"https:\/\/api.w.org\/{rel}","templated":true}]}}