{"id":71019,"date":"2025-07-04T16:17:07","date_gmt":"2025-07-04T14:17:07","guid":{"rendered":"https:\/\/www.caputovis.nl\/kunstkaarten\/?post_type=product&#038;p=71019"},"modified":"2025-07-04T16:17:07","modified_gmt":"2025-07-04T14:17:07","slug":"samson-en-dalila-2","status":"publish","type":"product","link":"https:\/\/www.caputovis.nl\/kunstkaarten\/object\/samson-en-dalila-2\/","title":{"rendered":"Samson en Dalila"},"content":{"rendered":"<p><span style=\"color: #ff6600\">Van Dyck schilderde twee versie van Samson en Dalila. E\u00e9n van de werken bevindt zich (in bruikleen) in een Weens museum en \u00e9\u00e9n is in het bezit van Mus\u00e9e de Gand.\\<\/span><\/p>\n","protected":false},"excerpt":{"rendered":"<p>Van Dyck schilderde twee versie van Samson en Dalila. E\u00e9n van de werken bevindt zich (in bruikleen) in een Weens museum en \u00e9\u00e9n is in het bezit van Mus\u00e9e de Gand.\\<\/p>\n","protected":false},"featured_media":71020,"template":"","meta":{"_lmt_disableupdate":"","_lmt_disable":"","neve_meta_sidebar":"","neve_meta_container":"","neve_meta_enable_content_width":"off","neve_meta_content_width":100,"neve_meta_title_alignment":"","neve_meta_author_avatar":"","neve_post_elements_order":"","neve_meta_disable_header":"","neve_meta_disable_footer":"","neve_meta_disable_title":"","_ti_tpc_template_sync":false,"_ti_tpc_template_id":""},"pwb-brand":[668],"product_cat":[8554,4097,4003,3981],"product_tag":[8749,8826],"brands":[{"id":668,"name":"Dyck, Anthony van","slug":"dyck-anthony-van"}],"_links":{"self":[{"href":"https:\/\/www.caputovis.nl\/kunstkaarten\/wp-json\/wp\/v2\/product\/71019"}],"collection":[{"href":"https:\/\/www.caputovis.nl\/kunstkaarten\/wp-json\/wp\/v2\/product"}],"about":[{"href":"https:\/\/www.caputovis.nl\/kunstkaarten\/wp-json\/wp\/v2\/types\/product"}],"wp:featuredmedia":[{"embeddable":true,"href":"https:\/\/www.caputovis.nl\/kunstkaarten\/wp-json\/wp\/v2\/media\/71020"}],"wp:attachment":[{"href":"https:\/\/www.caputovis.nl\/kunstkaarten\/wp-json\/wp\/v2\/media?parent=71019"}],"wp:term":[{"taxonomy":"pwb-brand","embeddable":true,"href":"https:\/\/www.caputovis.nl\/kunstkaarten\/wp-json\/wp\/v2\/pwb-brand?post=71019"},{"taxonomy":"product_cat","embeddable":true,"href":"https:\/\/www.caputovis.nl\/kunstkaarten\/wp-json\/wp\/v2\/product_cat?post=71019"},{"taxonomy":"product_tag","embeddable":true,"href":"https:\/\/www.caputovis.nl\/kunstkaarten\/wp-json\/wp\/v2\/product_tag?post=71019"}],"curies":[{"name":"wp","href":"https:\/\/api.w.org\/{rel}","templated":true}]}}