{"id":75408,"date":"2025-11-23T15:17:20","date_gmt":"2025-11-23T14:17:20","guid":{"rendered":"https:\/\/www.caputovis.nl\/kunstkaarten\/?post_type=product&#038;p=75408"},"modified":"2025-11-23T15:17:20","modified_gmt":"2025-11-23T14:17:20","slug":"zondag-na-de-mis","status":"publish","type":"product","link":"https:\/\/www.caputovis.nl\/kunstkaarten\/object\/zondag-na-de-mis\/","title":{"rendered":"Zondag na de mis"},"content":{"rendered":"<p><span style=\"color: #ff6600\"><strong>Beschrijving kaart COL 3512.002<\/strong><\/span><\/p>\n<p>&nbsp;<\/p>\n<p><span style=\"color: #ff6600\"><strong><u>SCHOONZIJDE<\/u><\/strong><\/span><\/p>\n<p><span style=\"color: #ff6600\"><strong>l. + m. + r.\u00a0 \u00a0 \u00a0 \u00a0 \u00a0 \u00a0 \u00a0 \u00a0 \u00a0 : beeld<\/strong><\/span><\/p>\n<p><span style=\"color: #ff6600\"><strong>r.b.\u00a0 \u00a0 \u00a0 \u00a0 \u00a0 \u00a0 \u00a0 \u00a0 \u00a0 \u00a0 \u00a0 \u00a0 \u00a0 \u00a0 \u00a0 : locatie werk<\/strong><\/span><\/p>\n<p><span style=\"color: #ff6600\"><strong>r.m.\u00a0\u00a0\u00a0\u00a0\u00a0\u00a0\u00a0\u00a0 \u00a0\u00a0\u00a0\u00a0\u00a0\u00a0\u00a0\u00a0\u00a0\u00a0\u00a0\u00a0\u00a0 \u00a0 \u00a0\u00a0 : gegevens beeld<\/strong><\/span><\/p>\n<p><span style=\"color: #ff6600\"><strong>r.o.\u00a0 \u00a0 \u00a0 \u00a0 \u00a0 \u00a0 \u00a0 \u00a0 \u00a0 \u00a0 \u00a0 \u00a0 \u00a0 \u00a0 \u00a0 : kaartnummer<\/strong><\/span><\/p>\n<p><span style=\"color: #ff6600\"><strong><u>WEERZIJDE<\/u><\/strong><\/span><\/p>\n<p><span style=\"color: #ff6600\"><strong>b.m. \u00a0 \u00a0\u00a0\u00a0\u00a0\u00a0\u00a0\u00a0\u00a0\u00a0\u00a0\u00a0\u00a0\u00a0\u00a0\u00a0\u00a0\u00a0\u00a0\u00a0\u00a0\u00a0\u00a0 : Carte Postale<\/strong><\/span><\/p>\n<p><span style=\"color: #ff6600\"><strong>b.l.\u00a0 \u00a0 \u00a0 \u00a0 \u00a0 \u00a0 \u00a0 \u00a0 \u00a0 \u00a0 \u00a0 \u00a0 \u00a0 \u00a0 \u00a0: logo uitgever<\/strong><\/span><\/p>\n<p><span style=\"color: #ff6600\"><strong>r.\u00a0\u00a0\u00a0\u00a0\u00a0\u00a0\u00a0\u00a0\u00a0\u00a0\u00a0\u00a0\u00a0\u00a0\u00a0\u00a0\u00a0\u00a0\u00a0\u00a0\u00a0\u00a0\u00a0\u00a0\u00a0\u00a0\u00a0\u00a0\u00a0\u00a0\u00a0 : adresseerruimte<\/strong><\/span><\/p>\n<p><span style=\"color: #ff6600\"><strong>l. \u00a0 \u00a0\u00a0 \u00a0 \u00a0 \u00a0 \u00a0 \u00a0 \u00a0 \u00a0\u00a0 \u00a0\u00a0\u00a0\u00a0\u00a0\u00a0\u00a0\u00a0\u00a0\u00a0\u00a0 : tekstruimte<\/strong><\/span><\/p>\n<p><span style=\"color: #ff6600\"><strong>o.l.\u00a0 \u00a0 \u00a0 \u00a0 \u00a0 \u00a0 \u00a0 \u00a0 \u00a0 \u00a0 \u00a0 \u00a0 \u00a0 \u00a0 \u00a0: gegevens beeld<\/strong><\/span><\/p>\n","protected":false},"excerpt":{"rendered":"<p>Beschrijving kaart COL 3512.002 &nbsp; SCHOONZIJDE l. + m. + r.\u00a0 \u00a0 \u00a0 \u00a0 \u00a0 \u00a0 \u00a0 \u00a0 \u00a0 : beeld r.b.\u00a0 \u00a0 \u00a0 \u00a0 \u00a0 \u00a0 \u00a0 \u00a0 \u00a0 \u00a0 \u00a0 \u00a0 \u00a0 \u00a0 \u00a0 : locatie werk r.m.\u00a0\u00a0\u00a0\u00a0\u00a0\u00a0\u00a0\u00a0 \u00a0\u00a0\u00a0\u00a0\u00a0\u00a0\u00a0\u00a0\u00a0\u00a0\u00a0\u00a0\u00a0 \u00a0 \u00a0\u00a0 : gegevens beeld r.o.\u00a0 \u00a0 \u00a0 \u00a0 \u00a0 \u00a0 \u00a0 \u00a0 \u00a0&hellip;&nbsp;<a href=\"https:\/\/www.caputovis.nl\/kunstkaarten\/object\/zondag-na-de-mis\/\" class=\"\" rel=\"bookmark\">Lees verder &raquo;<span class=\"screen-reader-text\">Zondag na de mis<\/span><\/a><\/p>\n","protected":false},"featured_media":75409,"template":"","meta":{"_lmt_disableupdate":"","_lmt_disable":"","neve_meta_sidebar":"","neve_meta_container":"","neve_meta_enable_content_width":"off","neve_meta_content_width":100,"neve_meta_title_alignment":"","neve_meta_author_avatar":"","neve_post_elements_order":"","neve_meta_disable_header":"","neve_meta_disable_footer":"","neve_meta_disable_title":"","_ti_tpc_template_sync":false,"_ti_tpc_template_id":""},"pwb-brand":[18712],"product_cat":[8910,7751,3920,7793,17305],"product_tag":[8749,8826],"brands":[{"id":18712,"name":"Fr\u00e9d\u00e9ric, L\u00e9on","slug":"frederic-leon"}],"_links":{"self":[{"href":"https:\/\/www.caputovis.nl\/kunstkaarten\/wp-json\/wp\/v2\/product\/75408"}],"collection":[{"href":"https:\/\/www.caputovis.nl\/kunstkaarten\/wp-json\/wp\/v2\/product"}],"about":[{"href":"https:\/\/www.caputovis.nl\/kunstkaarten\/wp-json\/wp\/v2\/types\/product"}],"wp:featuredmedia":[{"embeddable":true,"href":"https:\/\/www.caputovis.nl\/kunstkaarten\/wp-json\/wp\/v2\/media\/75409"}],"wp:attachment":[{"href":"https:\/\/www.caputovis.nl\/kunstkaarten\/wp-json\/wp\/v2\/media?parent=75408"}],"wp:term":[{"taxonomy":"pwb-brand","embeddable":true,"href":"https:\/\/www.caputovis.nl\/kunstkaarten\/wp-json\/wp\/v2\/pwb-brand?post=75408"},{"taxonomy":"product_cat","embeddable":true,"href":"https:\/\/www.caputovis.nl\/kunstkaarten\/wp-json\/wp\/v2\/product_cat?post=75408"},{"taxonomy":"product_tag","embeddable":true,"href":"https:\/\/www.caputovis.nl\/kunstkaarten\/wp-json\/wp\/v2\/product_tag?post=75408"}],"curies":[{"name":"wp","href":"https:\/\/api.w.org\/{rel}","templated":true}]}}