{"id":1303,"date":"2020-11-07T06:17:20","date_gmt":"2020-11-07T05:17:20","guid":{"rendered":"https:\/\/caputovis.nl\/museum\/product\/abstracte-fantasie-le-tour-du-roi\/"},"modified":"2025-02-14T12:07:54","modified_gmt":"2025-02-14T11:07:54","slug":"abstracte-fantasie-le-tour-du-roi","status":"publish","type":"product","link":"https:\/\/www.caputovis.nl\/museum\/object\/abstracte-fantasie-le-tour-du-roi\/","title":{"rendered":"Abstracte fantasie: Le tour du Roi"},"content":{"rendered":"<p>Pierre Alechinsky is \u00e9\u00e9n van de beroemdste leden van CoBrA en d\u00e9 drijvende kracht van deze groep in Belgi\u00eb. Gedurfd, waardevrij en uiterst onconventioneel hanteerde hij palet en verfkwast. In zijn werk &#8211; ook in dit werk &#8211; zijn duidelijk sporen terug te vinden van zijn intensieve contacten met de vele tijdgenoten-kunstvernieuwers (onder andere met Alberto Giacometti, Bram van Velde, Asger Jorn) waar hij vooral in zijn Parijse tijd mee optrok. Zijn artistiek \u00e8n financieel gezien zeer waardevolle werk ontbreekt in bijna geen enkel museum voor moderne kunsten. Alechinsky werd niet alleen met prijzen voor zijn werk overladen maar ontving ook een eredoctoraat (Vrije universiteit Brussel). E\u00e9n van zijn werken werd zelfs gebruikt voor een Belgische postzegel.<\/p>\n","protected":false},"excerpt":{"rendered":"<p>Pierre Alechinsky is \u00e9\u00e9n van de beroemdste leden van CoBrA en d\u00e9 drijvende kracht van deze groep in Belgi\u00eb. Gedurfd, waardevrij en uiterst onconventioneel hanteerde hij palet en verfkwast. In zijn werk &#8211; ook in dit werk &#8211; zijn duidelijk sporen terug te vinden van zijn intensieve contacten met de vele tijdgenoten-kunstvernieuwers (onder andere met&hellip;&nbsp;<a href=\"https:\/\/www.caputovis.nl\/museum\/object\/abstracte-fantasie-le-tour-du-roi\/\" class=\"\" rel=\"bookmark\">Lees verder &raquo;<span class=\"screen-reader-text\">Abstracte fantasie: Le tour du Roi<\/span><\/a><\/p>\n","protected":false},"featured_media":1302,"template":"","meta":{"neve_meta_sidebar":"","neve_meta_container":"","neve_meta_enable_content_width":"off","neve_meta_content_width":0,"neve_meta_title_alignment":"","neve_meta_author_avatar":"","neve_post_elements_order":"","neve_meta_disable_header":"","neve_meta_disable_footer":"","neve_meta_disable_title":"","_ti_tpc_template_sync":false,"_ti_tpc_template_id":""},"brands":[{"id":187,"name":"Alechinsky, Pierre","slug":"alechinsky-pierre"}],"_links":{"self":[{"href":"https:\/\/www.caputovis.nl\/museum\/wp-json\/wp\/v2\/product\/1303"}],"collection":[{"href":"https:\/\/www.caputovis.nl\/museum\/wp-json\/wp\/v2\/product"}],"about":[{"href":"https:\/\/www.caputovis.nl\/museum\/wp-json\/wp\/v2\/types\/product"}],"wp:featuredmedia":[{"embeddable":true,"href":"https:\/\/www.caputovis.nl\/museum\/wp-json\/wp\/v2\/media\/1302"}],"wp:attachment":[{"href":"https:\/\/www.caputovis.nl\/museum\/wp-json\/wp\/v2\/media?parent=1303"}],"curies":[{"name":"wp","href":"https:\/\/api.w.org\/{rel}","templated":true}]}}